{"id":290,"date":"2023-08-26T22:33:51","date_gmt":"2023-08-26T20:33:51","guid":{"rendered":"https:\/\/namaki.fr\/?page_id=290"},"modified":"2023-11-13T15:31:56","modified_gmt":"2023-11-13T14:31:56","slug":"lieferung-ruecksendung","status":"publish","type":"page","link":"https:\/\/namaki.fr\/de\/livraison-retours\/","title":{"rendered":"Lieferung &amp; R\u00fccksendungen"},"content":{"rendered":"<div class=\"wpb-content-wrapper\"><div data-parent=\"true\" class=\"vc_row row-container\" id=\"row-unique-0\"><div class=\"row limit-width row-parent\"><div class=\"wpb_row row-inner\"><div class=\"wpb_column pos-top pos-center align_left column_parent col-lg-12 single-internal-gutter\"><div class=\"uncol style-light\"  ><div class=\"uncoltable\"><div class=\"uncell no-block-padding\" ><div class=\"uncont\" ><div class=\"vc_custom_heading_wrap\"><div class=\"heading-text el-text\" ><h1 class=\"h2\" ><span>Lieferung &amp; R\u00fccksendung<\/span><\/h1><\/div><div class=\"clear\"><\/div><\/div><div class=\"vc_custom_heading_wrap\"><div class=\"heading-text el-text\" ><h2 class=\"h4\" ><span>Lieferung<\/span><\/h2><\/div><div class=\"clear\"><\/div><\/div><div class=\"uncode_text_column\" ><p>Die Beteiligung an den Bearbeitungs- und Lieferkosten f\u00fcr eine Bestellung unter 20 kg betr\u00e4gt 10 \u20ac zzgl. MwSt. f\u00fcr die Metropolregion Frankreich und 20 \u20ac zzgl. MwSt. f\u00fcr das \u00fcbrige Europa (Belgien, Bulgarien, D\u00e4nemark, Deutschland, Estland, Finnland, Griechenland, Irland, Italien, Lettland, Litauen, Luxemburg, Niederlande, \u00d6sterreich, Polen, Portugal, Rum\u00e4nien, Schweden, Slowakei, Slowenien, Spanien, Tschechische Republik, Ungarn, Vereinigtes K\u00f6nigreich).<br \/>\nBei Bestellungen \u00fcber 20 kg wird dem K\u00e4ufer vor der Auftragsbest\u00e4tigung systematisch ein Kostenvoranschlag unterbreitet. Je nach den bei der Bestellung ausgehandelten Bedingungen oder den besonderen Verkaufsbedingungen k\u00f6nnen diese Kosten zu Lasten des Verk\u00e4ufers gehen.<br \/>\nVorbehaltlich der vollst\u00e4ndigen Verf\u00fcgbarkeit der Produkte erfolgt die Lieferung innerhalb von 2 bis 5 Werktagen nach Best\u00e4tigung der Bestellung in die Metropolregion Frankreich. Die Lieferfristen betragen in der Regel 3 bis 9 Werktage (ohne Zollfristen) f\u00fcr das Ausland bei einer Lieferung auf dem Landweg und je nach Zielort 4 bis 12 Werktage (ohne Zollfristen) f\u00fcr das Ausland bei einer Lieferung per Luftpost.<\/p>\n<\/div><div class=\"vc_custom_heading_wrap\"><div class=\"heading-text el-text\" ><h2 class=\"h4\" ><span>R\u00fccksendungen<\/span><\/h2><\/div><div class=\"clear\"><\/div><\/div><div class=\"uncode_text_column\" ><p>Gelieferte und angenommene Waren werden nicht zur\u00fcckgenommen, es sei denn, die Gesch\u00e4ftsf\u00fchrung des Verk\u00e4ufers hat vorher schriftlich zugestimmt. Jede R\u00fccksendung, auch wenn sie genehmigt wurde, f\u00fchrt zu einer Anpassung der Handelsrabatte, die dem Betrag der nicht zur\u00fcckgesandten Waren entsprechen.<br \/>\nUnfrankierte Retouren werden vom Lager der Firma Namaki Cosmetics nicht angenommen. Die Kosten f\u00fcr den Transport der zur\u00fcckgesandten Produkte gehen in jedem Fall zu Lasten des Kunden.<\/p>\n<\/div><\/div><\/div><\/div><\/div><\/div><script id=\"script-row-unique-0\" data-row=\"script-row-unique-0\" type=\"text\/javascript\" class=\"vc_controls\">UNCODE.initRow(document.getElementById(\"row-unique-0\"));<\/script><\/div><\/div><\/div>\n<\/div>","protected":false},"excerpt":{"rendered":"Livraison &amp; retoursLivraisonLa participation aux frais de traitement et de livraison pour une commande inf\u00e9rieure \u00e0 20 Kg s\u2019\u00e9l\u00e8ve \u00e0 [...]","protected":false},"author":1,"featured_media":0,"parent":0,"menu_order":0,"comment_status":"closed","ping_status":"closed","template":"","meta":{"_acf_changed":false,"footnotes":""},"class_list":["post-290","page","type-page","status-publish","hentry"],"acf":[],"_links":{"self":[{"href":"https:\/\/namaki.fr\/de\/wp-json\/wp\/v2\/pages\/290","targetHints":{"allow":["GET"]}}],"collection":[{"href":"https:\/\/namaki.fr\/de\/wp-json\/wp\/v2\/pages"}],"about":[{"href":"https:\/\/namaki.fr\/de\/wp-json\/wp\/v2\/types\/page"}],"author":[{"embeddable":true,"href":"https:\/\/namaki.fr\/de\/wp-json\/wp\/v2\/users\/1"}],"replies":[{"embeddable":true,"href":"https:\/\/namaki.fr\/de\/wp-json\/wp\/v2\/comments?post=290"}],"version-history":[{"count":0,"href":"https:\/\/namaki.fr\/de\/wp-json\/wp\/v2\/pages\/290\/revisions"}],"wp:attachment":[{"href":"https:\/\/namaki.fr\/de\/wp-json\/wp\/v2\/media?parent=290"}],"curies":[{"name":"wp","href":"https:\/\/api.w.org\/{rel}","templated":true}]}}