{"id":3,"date":"2023-06-07T08:46:25","date_gmt":"2023-06-07T06:46:25","guid":{"rendered":"https:\/\/namaki.fr\/?page_id=3"},"modified":"2024-01-08T14:08:58","modified_gmt":"2024-01-08T13:08:58","slug":"datenschutz","status":"publish","type":"page","link":"https:\/\/namaki.fr\/de\/politique-de-confidentialite\/","title":{"rendered":"Datenschutzrichtlinie"},"content":{"rendered":"<div class=\"wpb-content-wrapper\"><div data-parent=\"true\" class=\"vc_row row-container\" id=\"row-unique-0\"><div class=\"row limit-width row-parent\"><div class=\"wpb_row row-inner\"><div class=\"wpb_column pos-top pos-center align_left column_parent col-lg-12 single-internal-gutter\"><div class=\"uncol style-light\"  ><div class=\"uncoltable\"><div class=\"uncell no-block-padding\" ><div class=\"uncont\" ><div class=\"vc_custom_heading_wrap\"><div class=\"heading-text el-text\" ><h1 class=\"h2\" ><span>Datenschutzerkl\u00e4rung<\/span><\/h1><\/div><div class=\"clear\"><\/div><\/div><div class=\"vc_custom_heading_wrap\"><div class=\"heading-text el-text\" ><h2 class=\"h4\" ><span>Meine pers\u00f6nlichen Daten<\/span><\/h2><\/div><div class=\"clear\"><\/div><\/div><div class=\"uncode_text_column\" ><p>Die Datenschutz-Grundverordnung (DSGVO) ist eine neue digitale Datenschutzverordnung, die am 25. Mai 2018 eingef\u00fchrt wurde. Sie vereinheitlicht ein breites Spektrum unterschiedlicher Datenschutzgesetze in der EU in einem zentralen Satz von Vorschriften, die Nutzer in allen Mitgliedsstaaten sch\u00fctzen.<\/p>\n<\/div><div class=\"vc_custom_heading_wrap\"><div class=\"heading-text el-text\" ><h3 class=\"h6\" ><span>Recht auf Daten\u00fcbertragbarkeit<\/span><\/h3><\/div><div class=\"clear\"><\/div><\/div><div class=\"uncode_text_column\" ><p>Einzelpersonen haben das Recht, ihre Daten von einem Dienstleister zu einem anderen zu \u00fcbertragen. Sie haben das Recht, einen DSGVO-Bericht mit all ihren in diesem Shop gespeicherten pers\u00f6nlichen Daten anzufordern.<\/p>\n<\/div><div class=\"vc_custom_heading_wrap\"><div class=\"heading-text el-text\" ><h3 class=\"h6\" ><span>Recht auf Daten\u00fcbertragbarkeit<\/span><\/h3><\/div><div class=\"clear\"><\/div><\/div><div class=\"uncode_text_column\" ><p>Sie k\u00f6nnen Ihr Konto und alle Ihre pers\u00f6nlichen Daten aus dem Shop l\u00f6schen. Alle Ihre Adressen, Bestellungen und andere Informationen gehen dabei verloren.<\/p>\n<\/div><div class=\"vc_custom_heading_wrap\"><div class=\"heading-text el-text\" ><h3 class=\"h6\" ><span>Recht auf Anonymit\u00e4t<\/span><\/h3><\/div><div class=\"clear\"><\/div><\/div><div class=\"uncode_text_column\" ><p>Um dieses Recht geltend zu machen, m\u00fcssen Sie den Weg \u00fcber die L\u00f6schung Ihres Kontos gehen.<\/p>\n<\/div><div class=\"vc_custom_heading_wrap\"><div class=\"heading-text el-text\" ><h3 class=\"h6\" ><span>Recht auf Information<\/span><\/h3><\/div><div class=\"clear\"><\/div><\/div><div class=\"uncode_text_column\" ><p>Dies umfasst jede Datenerhebung durch Unternehmen. Einzelpersonen m\u00fcssen informiert werden, bevor die Daten gesammelt werden.<\/p>\n<\/div><div class=\"vc_custom_heading_wrap\"><div class=\"heading-text el-text\" ><h3 class=\"h6\" ><span>Recht auf Richtigstellung<\/span><\/h3><\/div><div class=\"clear\"><\/div><\/div><div class=\"uncode_text_column\" ><p>Sie k\u00f6nnen die Berichtigung unrichtiger oder unvollst\u00e4ndiger Informationen \u00fcber Sie verlangen.<\/p>\n<\/div><div class=\"vc_custom_heading_wrap\"><div class=\"heading-text el-text\" ><h3 class=\"h6\" ><span>Recht auf Einschr\u00e4nkung der Verarbeitung<\/span><\/h3><\/div><div class=\"clear\"><\/div><\/div><div class=\"uncode_text_column\" ><p>Einzelpersonen k\u00f6nnen verlangen, dass ihre Daten nicht f\u00fcr die Verarbeitung verwendet werden.<\/p>\n<\/div><div class=\"vc_custom_heading_wrap\"><div class=\"heading-text el-text\" ><h3 class=\"h6\" ><span>Recht auf Widerspruch<\/span><\/h3><\/div><div class=\"clear\"><\/div><\/div><div class=\"uncode_text_column\" ><p>Sie k\u00f6nnen sich jederzeit dagegen wehren, dass eine Organisation Ihre Daten verwendet. Kontaktieren Sie uns, um dieses Recht auszu\u00fcben.<\/p>\n<\/div><div class=\"vc_custom_heading_wrap\"><div class=\"heading-text el-text\" ><h3 class=\"h6\" ><span>Recht auf Benachrichtigung im Falle einer Datenverletzung<\/span><\/h3><\/div><div class=\"clear\"><\/div><\/div><div class=\"uncode_text_column\" ><p>Wenn es eine Datenverletzung gibt, die die pers\u00f6nlichen Daten von Kunden gef\u00e4hrdet, haben Sie das Recht, innerhalb von 72 Stunden nach Entdeckung der Verletzung informiert zu werden.<\/p>\n<\/div><div class=\"vc_custom_heading_wrap\"><div class=\"heading-text el-text\" ><h3 class=\"h6\" ><span>Cookie-Gesetz<\/span><\/h3><\/div><div class=\"clear\"><\/div><\/div><div class=\"uncode_text_column\" ><p>Wir sind verpflichtet, Sie \u00fcber den genauen Zweck der verwendeten Cookies zu informieren, Ihnen die M\u00f6glichkeit zu geben, sich gegen diese Cookies auszusprechen und die Einstellungen durch Anklicken eines Links im Banner \u00e4ndern zu k\u00f6nnen.<\/p>\n<\/div><div class=\"vc_custom_heading_wrap\"><div class=\"heading-text el-text\" ><h2 class=\"h4\" ><span>Liste der Cookies<\/span><\/h2><\/div><div class=\"clear\"><\/div><\/div><div class=\"vc_custom_heading_wrap\"><div class=\"heading-text el-text\" ><h3 class=\"h6\" ><span>Funktionelle Cookies<\/span><\/h3><\/div><div class=\"clear\"><\/div><\/div><div class=\"uncode_text_column\" ><p>Diese Cookies sind f\u00fcr den Betrieb der Website erforderlich und k\u00f6nnen in unseren Systemen nicht deaktiviert werden.<\/p>\n<p><strong>WordPress-Sitzungs-Cookie<\/strong><br \/>\nWesentlich f\u00fcr die Navigation im Shop<\/p>\n<p><strong>DSGVO - Allgemeine Datenschutzverordnung<\/strong><br \/>\nCookie f\u00fcr die Tracking-Auswahl<\/p>\n<\/div><div class=\"vc_custom_heading_wrap\"><div class=\"heading-text el-text\" ><h3 class=\"h6\" ><span>Leistungs- und Statistik-Cookies<\/span><\/h3><\/div><div class=\"clear\"><\/div><\/div><div class=\"uncode_text_column\" ><p>Sie erm\u00f6glichen es uns, die Anzahl der Besuche und die Quellen des Datenverkehrs auf unserer Website zu ermitteln, um die Leistung unserer Website zu messen und zu verbessern und die Relevanz unserer Inhalte zu bewerten. Diese Cookies sammeln keine Informationen, mit denen Sie identifiziert werden k\u00f6nnen - alle gesammelten Informationen sind anonym.<br \/>\nKeines dieser Cookies wird f\u00fcr Werbezwecke verwendet.<\/p>\n<p><strong>Google Analytics<\/strong><br \/>\nGoogle Tracking Cookie<\/p>\n<p><strong>Kyxar Google Tag Manager<\/strong><br \/>\nGoogle Tracking Cookie<\/p>\n<p><strong>Premium Google Tag Manager<\/strong><br \/>\nGoogle Tracking Cookie<\/p>\n<\/div><\/div><\/div><\/div><\/div><\/div><script id=\"script-row-unique-0\" data-row=\"script-row-unique-0\" type=\"text\/javascript\" class=\"vc_controls\">UNCODE.initRow(document.getElementById(\"row-unique-0\"));<\/script><\/div><\/div><\/div>\n<\/div>","protected":false},"excerpt":{"rendered":"Politique de confidentialit\u00e9Mes informations personnellesLe R\u00e8glement g\u00e9n\u00e9ral sur la protection des donn\u00e9es (RGPD) est un nouveau r\u00e8glement de confidentialit\u00e9 num\u00e9rique [...]","protected":false},"author":1,"featured_media":0,"parent":0,"menu_order":0,"comment_status":"closed","ping_status":"closed","template":"","meta":{"_acf_changed":false,"footnotes":""},"class_list":["post-3","page","type-page","status-publish","hentry"],"acf":[],"_links":{"self":[{"href":"https:\/\/namaki.fr\/de\/wp-json\/wp\/v2\/pages\/3","targetHints":{"allow":["GET"]}}],"collection":[{"href":"https:\/\/namaki.fr\/de\/wp-json\/wp\/v2\/pages"}],"about":[{"href":"https:\/\/namaki.fr\/de\/wp-json\/wp\/v2\/types\/page"}],"author":[{"embeddable":true,"href":"https:\/\/namaki.fr\/de\/wp-json\/wp\/v2\/users\/1"}],"replies":[{"embeddable":true,"href":"https:\/\/namaki.fr\/de\/wp-json\/wp\/v2\/comments?post=3"}],"version-history":[{"count":0,"href":"https:\/\/namaki.fr\/de\/wp-json\/wp\/v2\/pages\/3\/revisions"}],"wp:attachment":[{"href":"https:\/\/namaki.fr\/de\/wp-json\/wp\/v2\/media?parent=3"}],"curies":[{"name":"wp","href":"https:\/\/api.w.org\/{rel}","templated":true}]}}