{"id":852,"date":"2023-08-26T22:34:40","date_gmt":"2023-08-26T20:34:40","guid":{"rendered":"https:\/\/namaki.fr\/?page_id=852"},"modified":"2023-12-05T14:54:54","modified_gmt":"2023-12-05T13:54:54","slug":"impressum","status":"publish","type":"page","link":"https:\/\/namaki.fr\/de\/mentions-legales\/","title":{"rendered":"Impressum"},"content":{"rendered":"<div class=\"wpb-content-wrapper\"><div data-parent=\"true\" class=\"vc_row row-container\" id=\"row-unique-0\"><div class=\"row limit-width row-parent\"><div class=\"wpb_row row-inner\"><div class=\"wpb_column pos-top pos-center align_left column_parent col-lg-12 single-internal-gutter\"><div class=\"uncol style-light\"  ><div class=\"uncoltable\"><div class=\"uncell no-block-padding\" ><div class=\"uncont\" ><div class=\"vc_custom_heading_wrap\"><div class=\"heading-text el-text\" ><h1 class=\"h2\" ><span>Impressum<\/span><\/h1><\/div><div class=\"clear\"><\/div><\/div><div class=\"vc_custom_heading_wrap\"><div class=\"heading-text el-text\" ><h2 class=\"h4\" ><span>Herausgeber der Seite<\/span><\/h2><\/div><div class=\"clear\"><\/div><\/div><div class=\"uncode_text_column\" ><p>NAMAKI COSMETICS<br \/>\nS.A.S. mit einem Kapital von 11.705 \u20ac.<br \/>\nRCS Romans-sur-Is\u00e8re 794719286<br \/>\nUmsatzsteuer-Identifikationsnummer: FR11 794719286<\/p>\n<\/div><div class=\"vc_custom_heading_wrap\"><div class=\"heading-text el-text\" ><h2 class=\"h4\" ><span>Hauptsitz<\/span><\/h2><\/div><div class=\"clear\"><\/div><\/div><div class=\"uncode_text_column\" ><p>52, all\u00e9e du Myrte<br \/>\nFR - 26500 BOURG-LES-VALENCE - FRANKREICH<br \/>\nHerausgeber: Vincent Bascoul<\/p>\n<\/div><div class=\"vc_custom_heading_wrap\"><div class=\"heading-text el-text\" ><h2 class=\"h4\" ><span>Kontaktieren Sie uns<\/span><\/h2><\/div><div class=\"clear\"><\/div><\/div><div class=\"uncode_text_column\" ><p>Per Telefon: 04.75.44.06.09<br \/>\nPer E-Mail: info@namaki.fr<\/p>\n<\/div><div class=\"vc_custom_heading_wrap\"><div class=\"heading-text el-text\" ><h2 class=\"h4\" ><span>Hosting der Website<\/span><\/h2><\/div><div class=\"clear\"><\/div><\/div><div class=\"uncode_text_column\" ><p>Das Hosting der Website erfolgt durch die Firma Infomaniak:<\/p>\n<p>Infomaniak Network SA<\/p>\n<p>Stra\u00dfe Eug\u00e8ne Marziano 25<\/p>\n<p>CH - 1227 Les Acacias (GE)<\/p>\n<p>SCHWEIZ<\/p>\n<\/div><div class=\"vc_custom_heading_wrap\"><div class=\"heading-text el-text\" ><h2 class=\"h4\" ><span>CNIL-Erkl\u00e4rung<\/span><\/h2><\/div><div class=\"clear\"><\/div><\/div><div class=\"uncode_text_column\" ><p>Diese Website wurde bei der CNIL unter der Nummer 1724726 angemeldet. Die Sie betreffenden Informationen und Daten sind f\u00fcr die Bearbeitung Ihrer Bestellung notwendig. Sie k\u00f6nnen an Drittfirmen weitergeleitet werden, damit Ihre Bestellung so schnell wie m\u00f6glich bearbeitet werden kann. Sie werden au\u00dferdem aufbewahrt, um die gesetzlichen und regulatorischen Verpflichtungen zu erf\u00fcllen.<\/p>\n<p>Gem\u00e4\u00df dem Gesetz \"Informatik und Freiheiten\" vom 6. Januar 1978 in der 2004 ge\u00e4nderten Fassung haben Sie ein Recht auf Zugang und Berichtigung der Sie betreffenden Informationen, das Sie aus\u00fcben k\u00f6nnen, indem Sie sich per Post an NAMAKI COSMETICS SAS, 52 All\u00e9e du Myrte, FR - 26500 BOURG-LES-VALENCE - FRANCE wenden und uns Ihren Namen, Vornamen und Ihre E-Mail-Adresse mitteilen. Gem\u00e4\u00df den geltenden Vorschriften muss Ihr Antrag unterschrieben und von der Fotokopie eines Identit\u00e4tsnachweises begleitet sein, der Ihre Unterschrift tr\u00e4gt, und die Adresse angeben, an die die Antwort gesendet werden soll. Eine Antwort wird Ihnen dann innerhalb von 2 Monaten nach Eingang des Antrags zugesandt.<\/p>\n<\/div><div class=\"vc_custom_heading_wrap\"><div class=\"heading-text el-text\" ><h2 class=\"h4\" ><span>Eigentum<\/span><\/h2><\/div><div class=\"clear\"><\/div><\/div><div class=\"uncode_text_column\" ><p>Die gesamte Website unterliegt den franz\u00f6sischen Gesetzen zum Urheberrecht und zum geistigen Eigentum. Der Inhalt der Website, einschlie\u00dflich, aber nicht beschr\u00e4nkt auf, Bilder, Grafiken, Texte, Videos, Logos und Icons sind das ausschlie\u00dfliche Eigentum der Firma NAMAKI COSMETICS.<\/p>\n<p>Die Vervielf\u00e4ltigung, Darstellung, \u00dcbertragung, Verteilung oder Speicherung eines Teils oder der Gesamtheit dieser Elemente ist ohne die ausdr\u00fcckliche Genehmigung des Unternehmens NAMAKI COSMETICS ausdr\u00fccklich untersagt.<\/p>\n<\/div><\/div><\/div><\/div><\/div><\/div><script id=\"script-row-unique-0\" data-row=\"script-row-unique-0\" type=\"text\/javascript\" class=\"vc_controls\">UNCODE.initRow(document.getElementById(\"row-unique-0\"));<\/script><\/div><\/div><\/div>\n<\/div>","protected":false},"excerpt":{"rendered":"Mentions l\u00e9gales\u00c9diteur du siteNAMAKI COSMETICS S.A.S. au capital de 11 705 \u20ac RCS Romans-sur-Is\u00e8re 794719286 N\u00b0 TVA intra-communautaire : FR11 [...]","protected":false},"author":1,"featured_media":0,"parent":0,"menu_order":0,"comment_status":"closed","ping_status":"closed","template":"","meta":{"_acf_changed":false,"footnotes":""},"class_list":["post-852","page","type-page","status-publish","hentry"],"acf":[],"_links":{"self":[{"href":"https:\/\/namaki.fr\/de\/wp-json\/wp\/v2\/pages\/852","targetHints":{"allow":["GET"]}}],"collection":[{"href":"https:\/\/namaki.fr\/de\/wp-json\/wp\/v2\/pages"}],"about":[{"href":"https:\/\/namaki.fr\/de\/wp-json\/wp\/v2\/types\/page"}],"author":[{"embeddable":true,"href":"https:\/\/namaki.fr\/de\/wp-json\/wp\/v2\/users\/1"}],"replies":[{"embeddable":true,"href":"https:\/\/namaki.fr\/de\/wp-json\/wp\/v2\/comments?post=852"}],"version-history":[{"count":0,"href":"https:\/\/namaki.fr\/de\/wp-json\/wp\/v2\/pages\/852\/revisions"}],"wp:attachment":[{"href":"https:\/\/namaki.fr\/de\/wp-json\/wp\/v2\/media?parent=852"}],"curies":[{"name":"wp","href":"https:\/\/api.w.org\/{rel}","templated":true}]}}