{"id":854,"date":"2023-08-26T22:34:54","date_gmt":"2023-08-26T20:34:54","guid":{"rendered":"https:\/\/namaki.fr\/?page_id=854"},"modified":"2025-03-20T14:20:15","modified_gmt":"2025-03-20T13:20:15","slug":"kontakt","status":"publish","type":"page","link":"https:\/\/namaki.fr\/de\/contact\/","title":{"rendered":"Kontakt"},"content":{"rendered":"<div class=\"wpb-content-wrapper\"><div data-parent=\"true\" class=\"vc_row vc_custom_1702631111543 row-container\" style=\"padding-bottom: 300px ;z-index: 2;\" id=\"row-unique-0\"><div class=\"row limit-width row-parent\"><div class=\"wpb_row row-inner\"><div class=\"wpb_column pos-top pos-center align_left column_parent col-lg-2 single-internal-gutter\"><div class=\"uncol style-light\"  ><div class=\"uncoltable\"><div class=\"uncell no-block-padding\" ><div class=\"uncont\" ><\/div><\/div><\/div><\/div><\/div><div class=\"wpb_column pos-top pos-center align_center column_parent col-lg-8 single-internal-gutter\"><div class=\"uncol style-light\"  ><div class=\"uncoltable\"><div class=\"uncell no-block-padding\" ><div class=\"uncont\" ><div class=\"vc_custom_heading_wrap\"><div class=\"heading-text el-text\" ><h1 class=\"h4\" ><span>Kontaktieren Sie Namaki<\/span><\/h1><\/div><div class=\"clear\"><\/div><\/div><div class=\"vc_custom_heading_wrap\"><div class=\"heading-text el-text\" ><p class=\"fontsize-162904\" ><span>Unser Team ist auch telefonisch unter +33 4 75 44 06 09 oder per E-Mail (info@namaki.fr) erreichbar und beantwortet alle Ihre Anfragen von Montag bis Freitag von 9.00 bis 17.00 Uhr.<\/span><\/p><\/div><div class=\"clear\"><\/div><\/div>\n<div class=\"wpcf7 no-js\" id=\"wpcf7-f130843-o1\" lang=\"fr-FR\" dir=\"ltr\" data-wpcf7-id=\"130843\">\n<div class=\"screen-reader-response\"><p role=\"status\" aria-live=\"polite\" aria-atomic=\"true\"><\/p> <ul><\/ul><\/div>\n<form action=\"\/de\/wp-json\/wp\/v2\/pages\/854#wpcf7-f130843-o1\" method=\"post\" class=\"wpcf7-form init input-background form-no-labels\" aria-label=\"Contact form\" novalidate=\"novalidate\" data-status=\"init\" data-trp-original-action=\"\/de\/wp-json\/wp\/v2\/pages\/854#wpcf7-f130843-o1\">\n<fieldset class=\"hidden-fields-container\"><input type=\"hidden\" name=\"_wpcf7\" value=\"130843\" \/><input type=\"hidden\" name=\"_wpcf7_version\" value=\"6.1.5\" \/><input type=\"hidden\" name=\"_wpcf7_locale\" value=\"fr_FR\" \/><input type=\"hidden\" name=\"_wpcf7_unit_tag\" value=\"wpcf7-f130843-o1\" \/><input type=\"hidden\" name=\"_wpcf7_container_post\" value=\"0\" \/><input type=\"hidden\" name=\"_wpcf7_posted_data_hash\" value=\"\" \/><input type=\"hidden\" name=\"_wpcf7_recaptcha_response\" value=\"\" \/>\n<\/fieldset>\n<div>\n\t<p><span class=\"wpcf7-form-control-wrap\" data-name=\"type_de_demande\"><select class=\"wpcf7-form-control wpcf7-select wpcf7-validates-as-required\" aria-required=\"true\" aria-invalid=\"false\" name=\"type_de_demande\"><option value=\"\">Ihre Anfrage betrifft...<\/option><option value=\"Une commande en cours\">Eine laufende Bestellung<\/option><option value=\"Une question g\u00e9n\u00e9rale\">Eine allgemeine Frage<\/option><option value=\"Rejoindre l&#039;\u00e9quipe\">Dem Team beitreten<\/option><option value=\"Autre\u2026\">Andere...<\/option><\/select><\/span>\n\t<\/p>\n<\/div>\n<div>\n\t<p><span class=\"wpcf7-form-control-wrap\" data-name=\"nom_complet\"><input size=\"40\" maxlength=\"400\" class=\"wpcf7-form-control wpcf7-text wpcf7-validates-as-required\" aria-required=\"true\" aria-invalid=\"false\" placeholder=\"Vollst\u00e4ndiger Name\" value=\"\" type=\"text\" name=\"nom_complet\" \/><\/span>\n\t<\/p>\n<\/div>\n<div>\n\t<p><span class=\"wpcf7-form-control-wrap\" data-name=\"votre_message\"><textarea cols=\"40\" rows=\"10\" maxlength=\"2000\" class=\"wpcf7-form-control wpcf7-textarea wpcf7-validates-as-required\" aria-required=\"true\" aria-invalid=\"false\" placeholder=\"Ihre Nachricht\" name=\"votre_message\"><\/textarea><\/span>\n\t<\/p>\n<\/div>\n<div>\n\t<p><span class=\"wpcf7-form-control-wrap\" data-name=\"votre_email\"><input size=\"40\" maxlength=\"400\" class=\"wpcf7-form-control wpcf7-email wpcf7-validates-as-required wpcf7-text wpcf7-validates-as-email\" aria-required=\"true\" aria-invalid=\"false\" placeholder=\"Ihre E-Mail\" value=\"\" type=\"email\" name=\"votre_email\" \/><\/span><span class=\"wpcf7-form-control-wrap\" data-name=\"votre_telephone\"><input size=\"40\" maxlength=\"400\" class=\"wpcf7-form-control wpcf7-tel wpcf7-text wpcf7-validates-as-tel\" aria-invalid=\"false\" placeholder=\"Ihr Telefon\" value=\"\" type=\"tel\" name=\"votre_telephone\" \/><\/span>\n\t<\/p>\n<\/div>\n<p><input class=\"wpcf7-form-control wpcf7-submit has-spinner\" type=\"submit\" value=\"Anfrage senden\" \/>\n<\/p><div class=\"wpcf7-response-output\" aria-hidden=\"true\"><\/div>\n<input type=\"hidden\" name=\"trp-form-language\" value=\"de\"\/><\/form>\n<\/div>\n<div class=\"uncode_text_column text-small\" ><p>Diese Seite ist durch reCAPTCHA und die <a href=\"https:\/\/policies.google.com\/privacy\" target=\"_blank\" rel=\"noopener\">Datenschutzrichtlinie<\/a> und <a href=\"https:\/\/policies.google.com\/terms\" target=\"_blank\" rel=\"noopener\">Nutzungsbedingungen von Google.<\/a><\/p>\n<\/div><\/div><\/div><\/div><\/div><\/div><div class=\"wpb_column pos-top pos-center align_left column_parent col-lg-2 single-internal-gutter\"><div class=\"uncol style-light\"  ><div class=\"uncoltable\"><div class=\"uncell no-block-padding\" ><div class=\"uncont\" ><\/div><\/div><\/div><\/div><\/div><script id=\"script-row-unique-0\" data-row=\"script-row-unique-0\" type=\"text\/javascript\" class=\"vc_controls\">UNCODE.initRow(document.getElementById(\"row-unique-0\"));<\/script><\/div><\/div><\/div><div data-parent=\"true\" class=\"vc_row trace-reseaux-tutos row-container tablet-hidden mobile-hidden\" id=\"row-unique-2\"><div class=\"row unequal single-top-padding single-bottom-padding no-h-padding full-width row-parent\"><div class=\"wpb_row row-inner\"><div class=\"wpb_column pos-top pos-center align_left column_parent col-lg-12 single-internal-gutter\"><div class=\"uncol style-light\"  ><div class=\"uncoltable\"><div class=\"uncell no-block-padding\" ><div class=\"uncont\" ><div class=\"uncode-single-media  text-left parallax-el\"data-rellax-percentage=\"0.5\" data-rellax-speed=\"3\"><div class=\"single-wrapper\" style=\"max-width: 100%;\"><div class=\"tmb tmb-light  tmb-media-first tmb-media-last tmb-content-overlay tmb-no-bg\"><div class=\"t-inside\"><div class=\"t-entry-visual\"><div class=\"t-entry-visual-tc\"><div class=\"uncode-single-media-wrapper\"><img decoding=\"async\" class=\"wp-image-133081\" src=\"https:\/\/namaki.fr\/wp-content\/uploads\/2023\/08\/bleu_givre_1_2x-scaled.webp\" width=\"2560\" height=\"1393\" alt=\"blaue Spur\" title=\"\" srcset=\"https:\/\/namaki.fr\/wp-content\/uploads\/2023\/08\/bleu_givre_1_2x-scaled.webp 2560w, https:\/\/namaki.fr\/wp-content\/uploads\/2023\/08\/bleu_givre_1_2x-scaled-600x326.webp 600w, https:\/\/namaki.fr\/wp-content\/uploads\/2023\/08\/bleu_givre_1_2x-300x163.webp 300w, https:\/\/namaki.fr\/wp-content\/uploads\/2023\/08\/bleu_givre_1_2x-1024x557.webp 1024w, https:\/\/namaki.fr\/wp-content\/uploads\/2023\/08\/bleu_givre_1_2x-768x418.webp 768w, https:\/\/namaki.fr\/wp-content\/uploads\/2023\/08\/bleu_givre_1_2x-1536x836.webp 1536w, https:\/\/namaki.fr\/wp-content\/uploads\/2023\/08\/bleu_givre_1_2x-2048x1114.webp 2048w, https:\/\/namaki.fr\/wp-content\/uploads\/2023\/08\/bleu_givre_1_2x-18x10.webp 18w, https:\/\/namaki.fr\/wp-content\/uploads\/2023\/08\/bleu_givre_1_2x-350x190.webp 350w\" sizes=\"(max-width: 2560px) 100vw, 2560px\"><\/div>\n\t\t\t\t\t<\/div>\n\t\t\t\t<\/div><\/div><\/div><\/div><\/div>\n\t<div class=\"wpb_raw_code wpb_raw_html\" >\n\t\t<div class=\"wpb_wrapper\">\n\t\t\t<style>\n.trace-reseaux-tutos {\n   position: absolute !important;\n   transform: translateY(-45%);\n   z-index:-1 !important;\n}\n.trace-reseaux-tutos .row-parent {\n   padding: 0 !important!;\n}\n<\/style>\n\t\t<\/div>\n\t<\/div>\n<\/div><\/div><\/div><\/div><\/div><script id=\"script-row-unique-2\" data-row=\"script-row-unique-2\" type=\"text\/javascript\" class=\"vc_controls\">UNCODE.initRow(document.getElementById(\"row-unique-2\"));<\/script><\/div><\/div><\/div><div data-parent=\"true\" class=\"vc_row bloc_reseauxsociaux follow-social-namaki mobile-no-background row-container\" id=\"row-unique-3\"><div class=\"row unequal triple-top-padding triple-bottom-padding no-h-padding full-width row-parent\"><div class=\"wpb_row row-inner\"><div class=\"wpb_column pos-top pos-center align_left column_parent col-lg-1 order-1 single-internal-gutter\"><div class=\"uncol style-light\"  ><div class=\"uncoltable\"><div class=\"uncell no-block-padding\" ><div class=\"uncont\" ><\/div><\/div><\/div><\/div><\/div><div class=\"wpb_column pos-middle pos-center align_left column_parent col-lg-4 order-4 half-internal-gutter\"><div class=\"uncol style-light\"  ><div class=\"uncoltable\"><div class=\"uncell no-block-padding\" ><div class=\"uncont\" ><div class=\"vc_custom_heading_wrap z-index-9\"><div class=\"heading-text el-text\" ><p class=\"h4\" ><span>Folgen Sie uns auf Social Media<\/span><\/p><\/div><div class=\"clear\"><\/div><\/div><div class=\"uncode_text_column z-index-9\" ><p>Treten Sie unserer Community bei, um Tipps und exklusive Angebote zu erhalten. Und teilen Sie mit uns Ihre Gl\u00fccksmomente!<\/p>\n<\/div><div class=\"empty-space empty-single z-index-9\" ><span class=\"empty-space-inner\"><\/span><\/div>\n<div class=\"vc_row icones-suiveznous row-internal row-container\"><div class=\"row row-child\"><div class=\"wpb_row row-inner\"><div class=\"wpb_column pos-top pos-center align_left column_child col-lg-12 single-internal-gutter\"><div class=\"uncol style-light\" ><div class=\"uncoltable\"><div class=\"uncell no-block-padding\" ><div class=\"uncont\" ><div class=\"icon-box icon-box-top  z-index-9 social-icon icon-inline\" ><div class=\"icon-box-icon fa-container\" style=\"margin-bottom: 0px;\"><a role=\"button\" href=\"https:\/\/www.instagram.com\/namakicosmetics\/?hl=fr\" target=\"_blank\" class=\"text-default-color custom-link\"><span id=\"icon-127387\" style=\"width:64px\" class=\"icon-media\"><img decoding=\"async\" src=\"https:\/\/namaki.fr\/wp-content\/uploads\/2023\/08\/logo-instagram.svg\" alt=\"Instagram-Icon\" title=\"\"><\/span><\/a><\/div><\/div><div class=\"icon-box icon-box-top  z-index-9 social-icon icon-inline\" ><div class=\"icon-box-icon fa-container\" style=\"margin-bottom: 0px;\"><a role=\"button\" href=\"https:\/\/www.facebook.com\/namaki.cosmetics\/?locale=fr_FR\" target=\"_blank\" class=\"text-default-color custom-link\"><span id=\"icon-135029\" style=\"width:64px\" class=\"icon-media\"><img decoding=\"async\" src=\"https:\/\/namaki.fr\/wp-content\/uploads\/2023\/08\/logo-facebook.svg\" alt=\"Facebook-Icon\" title=\"\"><\/span><\/a><\/div><\/div><div class=\"icon-box icon-box-top  z-index-9 social-icon icon-inline\" ><div class=\"icon-box-icon fa-container\" style=\"margin-bottom: 0px;\"><a role=\"button\" href=\"https:\/\/www.youtube.com\/channel\/UCjQPiRF21Ay9yyF_p_1ZBPA\" target=\"_blank\" class=\"text-default-color custom-link\"><span id=\"icon-917616\" style=\"width:64px\" class=\"icon-media\"><img decoding=\"async\" src=\"https:\/\/namaki.fr\/wp-content\/uploads\/2023\/08\/Group-146.svg\" alt=\"Youtube-Icon\" title=\"\"><\/span><\/a><\/div><\/div><div class=\"icon-box icon-box-top  z-index-9 social-icon icon-inline\" ><div class=\"icon-box-icon fa-container\" style=\"margin-bottom: 0px;\"><a role=\"button\" href=\"https:\/\/fr.linkedin.com\/company\/namaki-cosmetics\" target=\"_blank\" class=\"text-default-color custom-link\"><span id=\"icon-150768\" style=\"width:64px\" class=\"icon-media\"><img decoding=\"async\" src=\"https:\/\/namaki.fr\/wp-content\/uploads\/2023\/08\/logo-linkedin.svg\" alt=\"Linkedin-Icon\" title=\"\"><\/span><\/a><\/div><\/div><div class=\"icon-box icon-box-top  z-index-9 social-icon icon-inline\" ><div class=\"icon-box-icon fa-container\" style=\"margin-bottom: 0px;\"><a role=\"button\" href=\"https:\/\/www.pinterest.de\/namaki_cosmetics\/\" target=\"_blank\" class=\"text-default-color custom-link\"><span id=\"icon-144316\" style=\"width:100%\" class=\"icon-media\"><img decoding=\"async\" src=\"https:\/\/namaki.fr\/wp-content\/uploads\/2024\/04\/pinterest.svg\" alt=\"Pinterest-Icon\" title=\"\"><\/span><\/a><\/div><\/div><\/div><\/div><\/div><\/div><\/div><\/div><\/div><\/div><div class=\"uncode-single-media rs-trace-left mobile-no-show text-left parallax-el\"data-rellax-percentage=\"0.5\" data-rellax-speed=\"1\"><div class=\"single-wrapper\" style=\"max-width: 100%;\"><div class=\"tmb tmb-light  tmb-media-first tmb-media-last tmb-content-overlay tmb-no-bg\"><div class=\"t-inside\"><div class=\"t-entry-visual\"><div class=\"t-entry-visual-tc\"><div class=\"uncode-single-media-wrapper\"><img decoding=\"async\" class=\"wp-image-133082\" src=\"https:\/\/namaki.fr\/wp-content\/uploads\/2023\/08\/rose_trait_1.webp\" width=\"1065\" height=\"298\" alt=\"namaki\" title=\"\" srcset=\"https:\/\/namaki.fr\/wp-content\/uploads\/2023\/08\/rose_trait_1.webp 1065w, https:\/\/namaki.fr\/wp-content\/uploads\/2023\/08\/rose_trait_1-600x168.webp 600w, https:\/\/namaki.fr\/wp-content\/uploads\/2023\/08\/rose_trait_1-300x84.webp 300w, https:\/\/namaki.fr\/wp-content\/uploads\/2023\/08\/rose_trait_1-1024x287.webp 1024w, https:\/\/namaki.fr\/wp-content\/uploads\/2023\/08\/rose_trait_1-768x215.webp 768w, https:\/\/namaki.fr\/wp-content\/uploads\/2023\/08\/rose_trait_1-18x5.webp 18w, https:\/\/namaki.fr\/wp-content\/uploads\/2023\/08\/rose_trait_1-350x98.webp 350w\" sizes=\"(max-width: 1065px) 100vw, 1065px\"><\/div>\n\t\t\t\t\t<\/div>\n\t\t\t\t<\/div><\/div><\/div><\/div><\/div><\/div><\/div><\/div><\/div><\/div><div class=\"wpb_column pos-top pos-center align_left column_parent col-lg-1 order-3 single-internal-gutter\"><div class=\"uncol style-light\"  ><div class=\"uncoltable\"><div class=\"uncell no-block-padding\" ><div class=\"uncont\" ><\/div><\/div><\/div><\/div><\/div><div class=\"wpb_column pos-top pos-center align_left column_parent col-lg-5 order-2 single-internal-gutter\"><div class=\"uncol style-light\"  ><div class=\"uncoltable\"><div class=\"uncell no-block-padding\" ><div class=\"uncont\" ><div class=\"vc_row trois-images-rs row-internal row-container\"><div class=\"row row-child\"><div class=\"wpb_row row-inner\"><div class=\"wpb_column pos-middle pos-center align_left column_child col-lg-4 col-md-33 col-sm-33 single-internal-gutter\"><div class=\"uncol style-light\" ><div class=\"uncoltable\"><div class=\"uncell no-block-padding\" ><div class=\"uncont\" ><div class=\"uncode-single-media  text-center\"><div class=\"single-wrapper\" style=\"max-width: 100%;\"><div class=\"tmb tmb-light  tmb-img-ratio tmb-media-first tmb-media-last tmb-content-overlay tmb-no-bg\"><div class=\"t-inside\"><div class=\"t-entry-visual\"><div class=\"t-entry-visual-tc\"><div class=\"uncode-single-media-wrapper\"><div class=\"dummy\" style=\"padding-top: 150%;\"><\/div><img decoding=\"async\" class=\"wp-image-146167\" src=\"https:\/\/namaki.fr\/wp-content\/uploads\/2023\/12\/RS-1.webp\" width=\"264\" height=\"396\" alt=\"T\u00e4towierung Kind Filz\" title=\"\" srcset=\"https:\/\/namaki.fr\/wp-content\/uploads\/2023\/12\/RS-1.webp 264w, https:\/\/namaki.fr\/wp-content\/uploads\/2023\/12\/RS-1-200x300.webp 200w, https:\/\/namaki.fr\/wp-content\/uploads\/2023\/12\/RS-1-8x12.webp 8w\" sizes=\"(max-width: 264px) 100vw, 264px\"><\/div>\n\t\t\t\t\t<\/div>\n\t\t\t\t<\/div><\/div><\/div><\/div><\/div><\/div><\/div><\/div><\/div><\/div><div class=\"wpb_column pos-middle pos-center align_left column_child col-lg-4 col-md-33 col-sm-33 single-internal-gutter\"><div class=\"uncol style-light\" ><div class=\"uncoltable\"><div class=\"uncell no-block-padding\" ><div class=\"uncont\" ><div class=\"uncode-single-media  text-left\"><div class=\"single-wrapper\" style=\"max-width: 100%;\"><div class=\"tmb tmb-light  tmb-img-ratio tmb-media-first tmb-media-last tmb-content-overlay tmb-no-bg\"><div class=\"t-inside\"><div class=\"t-entry-visual\"><div class=\"t-entry-visual-tc\"><div class=\"uncode-single-media-wrapper\"><div class=\"dummy\" style=\"padding-top: 150%;\"><\/div><img decoding=\"async\" class=\"wp-image-146169\" src=\"https:\/\/namaki.fr\/wp-content\/uploads\/2023\/12\/RS-2.webp\" width=\"264\" height=\"396\" alt=\"Schminkbox f\u00fcr Kinder\" title=\"\" srcset=\"https:\/\/namaki.fr\/wp-content\/uploads\/2023\/12\/RS-2.webp 264w, https:\/\/namaki.fr\/wp-content\/uploads\/2023\/12\/RS-2-200x300.webp 200w, https:\/\/namaki.fr\/wp-content\/uploads\/2023\/12\/RS-2-8x12.webp 8w\" sizes=\"(max-width: 264px) 100vw, 264px\"><\/div>\n\t\t\t\t\t<\/div>\n\t\t\t\t<\/div><\/div><\/div><\/div><\/div><\/div><\/div><\/div><\/div><\/div><div class=\"wpb_column pos-middle pos-center align_left column_child col-lg-4 col-md-33 col-sm-33 single-internal-gutter\"><div class=\"uncol style-light\" ><div class=\"uncoltable\"><div class=\"uncell no-block-padding\" ><div class=\"uncont\" ><div class=\"uncode-single-media  text-left\"><div class=\"single-wrapper\" style=\"max-width: 100%;\"><div class=\"tmb tmb-light  tmb-img-ratio tmb-media-first tmb-media-last tmb-content-overlay tmb-no-bg\"><div class=\"t-inside\"><div class=\"t-entry-visual\"><div class=\"t-entry-visual-tc\"><div class=\"uncode-single-media-wrapper\"><div class=\"dummy\" style=\"padding-top: 150%;\"><\/div><img decoding=\"async\" class=\"wp-image-146170\" src=\"https:\/\/namaki.fr\/wp-content\/uploads\/2023\/12\/RS-3.webp\" width=\"264\" height=\"396\" alt=\"abziehbarer Kinderlack\" title=\"\" srcset=\"https:\/\/namaki.fr\/wp-content\/uploads\/2023\/12\/RS-3.webp 264w, https:\/\/namaki.fr\/wp-content\/uploads\/2023\/12\/RS-3-200x300.webp 200w, https:\/\/namaki.fr\/wp-content\/uploads\/2023\/12\/RS-3-8x12.webp 8w\" sizes=\"(max-width: 264px) 100vw, 264px\"><\/div>\n\t\t\t\t\t<\/div>\n\t\t\t\t<\/div><\/div><\/div><\/div><\/div><\/div><\/div><\/div><\/div><\/div><\/div><\/div><\/div><\/div><\/div><\/div><\/div><\/div><div class=\"wpb_column pos-top pos-center align_left column_parent col-lg-1 order-5 single-internal-gutter\"><div class=\"uncol style-light\"  ><div class=\"uncoltable\"><div class=\"uncell no-block-padding\" ><div class=\"uncont\" ><\/div><\/div><\/div><\/div><\/div><script id=\"script-row-unique-3\" data-row=\"script-row-unique-3\" type=\"text\/javascript\" class=\"vc_controls\">UNCODE.initRow(document.getElementById(\"row-unique-3\"));<\/script><\/div><\/div><\/div>\n<\/div>","protected":false},"excerpt":{"rendered":"\u00c9crire \u00e0 NamakiNotre \u00e9quipe est aussi disponible par t\u00e9l\u00e9phone au +33 4 75 44 06 09, ou par e-mail (info@namaki.fr), [...]","protected":false},"author":1,"featured_media":0,"parent":0,"menu_order":0,"comment_status":"closed","ping_status":"closed","template":"","meta":{"_acf_changed":false,"footnotes":""},"class_list":["post-854","page","type-page","status-publish","hentry"],"acf":[],"_links":{"self":[{"href":"https:\/\/namaki.fr\/de\/wp-json\/wp\/v2\/pages\/854","targetHints":{"allow":["GET"]}}],"collection":[{"href":"https:\/\/namaki.fr\/de\/wp-json\/wp\/v2\/pages"}],"about":[{"href":"https:\/\/namaki.fr\/de\/wp-json\/wp\/v2\/types\/page"}],"author":[{"embeddable":true,"href":"https:\/\/namaki.fr\/de\/wp-json\/wp\/v2\/users\/1"}],"replies":[{"embeddable":true,"href":"https:\/\/namaki.fr\/de\/wp-json\/wp\/v2\/comments?post=854"}],"version-history":[{"count":0,"href":"https:\/\/namaki.fr\/de\/wp-json\/wp\/v2\/pages\/854\/revisions"}],"wp:attachment":[{"href":"https:\/\/namaki.fr\/de\/wp-json\/wp\/v2\/media?parent=854"}],"curies":[{"name":"wp","href":"https:\/\/api.w.org\/{rel}","templated":true}]}}