{"id":860,"date":"2023-08-26T22:37:35","date_gmt":"2023-08-26T20:37:35","guid":{"rendered":"https:\/\/namaki.fr\/?page_id=860"},"modified":"2025-03-20T14:20:57","modified_gmt":"2025-03-20T13:20:57","slug":"agb","status":"publish","type":"page","link":"https:\/\/namaki.fr\/de\/conditions-generales-de-vente\/","title":{"rendered":"Allgemeine Verkaufsbedingungen"},"content":{"rendered":"<div class=\"wpb-content-wrapper\"><div data-parent=\"true\" class=\"vc_row row-container\" id=\"row-unique-0\"><div class=\"row limit-width row-parent\"><div class=\"wpb_row row-inner\"><div class=\"wpb_column pos-top pos-center align_left column_parent col-lg-2 single-internal-gutter\"><div class=\"uncol style-light\"  ><div class=\"uncoltable\"><div class=\"uncell no-block-padding\" ><div class=\"uncont\" ><\/div><\/div><\/div><\/div><\/div><div class=\"wpb_column pos-top pos-center align_left column_parent col-lg-8 single-internal-gutter\"><div class=\"uncol style-light\"  ><div class=\"uncoltable\"><div class=\"uncell no-block-padding\" ><div class=\"uncont\" ><div class=\"vc_custom_heading_wrap\"><div class=\"heading-text el-text\" ><h1 class=\"h2\" ><span>Allgemeine Gesch\u00e4ftsbedingungen (AGB)<\/span><\/h1><\/div><div class=\"clear\"><\/div><\/div><div class=\"vc_custom_heading_wrap\"><div class=\"heading-text el-text\" ><h2 class=\"h4\" ><span>1. Zweck<\/span><\/h2><\/div><div class=\"clear\"><\/div><\/div><div class=\"uncode_text_column\" ><p>Die vorliegenden Allgemeinen Gesch\u00e4ftsbedingungen legen die Rechte und Pflichten der Parteien im Rahmen des Online-Verkaufs der von NAMAKI COSMETICS angebotenen Produkte fest.<\/p>\n<\/div><div class=\"vc_custom_heading_wrap\"><div class=\"heading-text el-text\" ><h2 class=\"h4\" ><span>2. Bestellungen<\/span><\/h2><\/div><div class=\"clear\"><\/div><\/div><div class=\"uncode_text_column\" ><\/p>\n<ul>\n<li><strong>Prozess der Bestellung:<\/strong> Die Bestellung wird best\u00e4tigt, sobald der Kunde seinen Warenkorb best\u00e4tigt und diese AGB akzeptiert hat. Anschlie\u00dfend wird dem Kunden eine E-Mail zur Best\u00e4tigung der Bestellung zugesandt.<\/li>\n<li><strong>Verf\u00fcgbarkeit von Produkten:<\/strong> Unsere Produktangebote sind g\u00fcltig, solange sie auf der Website sichtbar sind, solange der Vorrat reicht.<\/li>\n<\/ul>\n<p>\n<\/div><div class=\"vc_custom_heading_wrap\"><div class=\"heading-text el-text\" ><h2 class=\"h4\" ><span>3. Preis<\/span><\/h2><\/div><div class=\"clear\"><\/div><\/div><div class=\"uncode_text_column\" ><\/p>\n<ul>\n<li><strong>Preisanzeige:<\/strong> Die Preise unserer Produkte sind in Euro inklusive Mehrwertsteuer und ohne Versandkosten angegeben.<\/li>\n<li><strong>\u00c4nderung der Preise:<\/strong> NAMAKI COSMETICS beh\u00e4lt sich das Recht vor, seine Preise jederzeit zu \u00e4ndern, aber die Produkte werden auf der Grundlage der Preise in Rechnung gestellt, die zum Zeitpunkt der Registrierung der Bestellung g\u00fcltig sind.<\/li>\n<\/ul>\n<p>\n<\/div><div class=\"vc_custom_heading_wrap\"><div class=\"heading-text el-text\" ><h2 class=\"h4\" ><span>4. Zahlung<\/span><\/h2><\/div><div class=\"clear\"><\/div><\/div><div class=\"uncode_text_column\" ><\/p>\n<ul>\n<li><strong>Zahlungsmittel:<\/strong> Die Zahlung hat sofort bei der Bestellung per Kreditkarte oder durch eine andere auf der Website angegebene Zahlungsmethode zu erfolgen.<\/li>\n<li><strong>Sicherheit der Zahlungen:<\/strong> Die Website verwendet ein sicheres Zahlungssystem.<\/li>\n<\/ul>\n<p>\n<\/div><div class=\"vc_custom_heading_wrap\"><div class=\"heading-text el-text\" ><h2 class=\"h4\" ><span>5. Lieferung<\/span><\/h2><\/div><div class=\"clear\"><\/div><\/div><div class=\"uncode_text_column\" ><\/p>\n<ul>\n<li><strong>Ort der Lieferung:<\/strong> Die Produkte werden an die bei der Bestellung angegebene Lieferadresse geliefert.<\/li>\n<li><strong>Lieferfristen:<\/strong> Die angegebenen Fristen sind \u00fcbliche Durchschnittsfristen und entsprechen den Bearbeitungs- und Lieferzeiten.<\/li>\n<li><strong>Kosten f\u00fcr die Lieferung:<\/strong> Die Lieferkosten sind vom Kunden zu tragen und werden vor der endg\u00fcltigen Best\u00e4tigung der Bestellung angezeigt.<\/li>\n<\/ul>\n<p>\n<\/div><div class=\"vc_custom_heading_wrap\"><div class=\"heading-text el-text\" ><h2 class=\"h4\" ><span>6. Widerrufsrecht<\/span><\/h2><\/div><div class=\"clear\"><\/div><\/div><div class=\"uncode_text_column\" ><\/p>\n<ul>\n<li><strong>Widerrufsfrist:<\/strong> Der Kunde hat 14 Tage Zeit, um sein Widerrufsrecht ohne Angabe von Gr\u00fcnden und ohne Zahlung von Strafgeb\u00fchren auszu\u00fcben.<\/li>\n<li><strong>Modalit\u00e4ten der R\u00fcckgabe:<\/strong> Die Produkte m\u00fcssen auf Kosten des K\u00e4ufers in ihrem urspr\u00fcnglichen Zustand und vollst\u00e4ndig zur\u00fcckgeschickt werden, sodass ihre Wiedervermarktung als Neuware m\u00f6glich ist.<\/li>\n<li><strong>R\u00fcckerstattung:<\/strong> Ab Erhalt der zur\u00fcckgesandten Produkte und nach Feststellung ihres einwandfreien Zustands wird die Erstattung innerhalb von 8 Werktagen vorgenommen.<\/li>\n<\/ul>\n<p>\n<\/div><div class=\"vc_custom_heading_wrap\"><div class=\"heading-text el-text\" ><h2 class=\"h4\" ><span>7. Garantien und Haftung<\/span><\/h2><\/div><div class=\"clear\"><\/div><\/div><div class=\"uncode_text_column\" ><\/p>\n<ul>\n<li><strong>Gesetzliche Garantie der Konformit\u00e4t:<\/strong> Der Kunde hat Anspruch auf die gesetzliche Konformit\u00e4tsgarantie und die Garantie f\u00fcr versteckte M\u00e4ngel.<\/li>\n<li><strong>Beschr\u00e4nkung der Haftung:<\/strong> NAMAKI COSMETICS haftet nicht f\u00fcr die Nichterf\u00fcllung des Vertrags im Falle eines Ausverkaufs oder der Nichtverf\u00fcgbarkeit des Produkts, h\u00f6herer Gewalt, einer St\u00f6rung oder eines Total- oder Teilstreiks, insbesondere der Postdienste und der Transport- und\/oder Kommunikationsmittel.<\/li>\n<\/ul>\n<p>\n<\/div><div class=\"vc_custom_heading_wrap\"><div class=\"heading-text el-text\" ><h2 class=\"h4\" ><span>8. Geistiges Eigentum<\/span><\/h2><\/div><div class=\"clear\"><\/div><\/div><div class=\"uncode_text_column\" ><p>Alle Elemente der Website von NAMAKI COSMETICS sind und bleiben das alleinige und geistige Eigentum von NAMAKI COSMETICS. Es ist niemandem gestattet, Elemente der Website, seien es Software, visuelle oder akustische Elemente, zu reproduzieren, zu verwerten, weiterzuverbreiten oder in irgendeiner Weise zu nutzen, auch nicht teilweise.<\/p>\n<\/div><div class=\"vc_custom_heading_wrap\"><div class=\"heading-text el-text\" ><h2 class=\"h4\" ><span>9. Pers\u00f6nliche Daten<\/span><\/h2><\/div><div class=\"clear\"><\/div><\/div><div class=\"uncode_text_column\" ><p>NAMAKI COSMETICS verpflichtet sich, die Vertraulichkeit der pers\u00f6nlichen Daten zu wahren, die von den Kunden im Rahmen der Nutzung der E-Commerce-Website mitgeteilt werden.<\/p>\n<\/div><div class=\"vc_custom_heading_wrap\"><div class=\"heading-text el-text\" ><h2 class=\"h4\" ><span>10. Beilegung von Streitigkeiten<\/span><\/h2><\/div><div class=\"clear\"><\/div><\/div><div class=\"uncode_text_column\" ><p>Die vorliegenden Bedingungen f\u00fcr den Online-Verkauf unterliegen dem franz\u00f6sischen Recht. Im Falle eines Rechtsstreits wird vor der Einleitung gerichtlicher Schritte eine au\u00dfergerichtliche Einigung angestrebt.<\/p>\n<\/div><\/div><\/div><\/div><\/div><\/div><div class=\"wpb_column pos-top pos-center align_left column_parent col-lg-2 single-internal-gutter\"><div class=\"uncol style-light\"  ><div class=\"uncoltable\"><div class=\"uncell no-block-padding\" ><div class=\"uncont\" ><\/div><\/div><\/div><\/div><\/div><script id=\"script-row-unique-0\" data-row=\"script-row-unique-0\" type=\"text\/javascript\" class=\"vc_controls\">UNCODE.initRow(document.getElementById(\"row-unique-0\"));<\/script><\/div><\/div><\/div>\n<\/div>","protected":false},"excerpt":{"rendered":"Conditions G\u00e9n\u00e9rales de Ventes (CGV)1. ObjetLes pr\u00e9sentes Conditions G\u00e9n\u00e9rales de Vente d\u00e9finissent les droits et obligations des parties dans le [...]","protected":false},"author":1,"featured_media":0,"parent":0,"menu_order":0,"comment_status":"closed","ping_status":"closed","template":"","meta":{"_acf_changed":false,"footnotes":""},"class_list":["post-860","page","type-page","status-publish","hentry"],"acf":[],"_links":{"self":[{"href":"https:\/\/namaki.fr\/de\/wp-json\/wp\/v2\/pages\/860","targetHints":{"allow":["GET"]}}],"collection":[{"href":"https:\/\/namaki.fr\/de\/wp-json\/wp\/v2\/pages"}],"about":[{"href":"https:\/\/namaki.fr\/de\/wp-json\/wp\/v2\/types\/page"}],"author":[{"embeddable":true,"href":"https:\/\/namaki.fr\/de\/wp-json\/wp\/v2\/users\/1"}],"replies":[{"embeddable":true,"href":"https:\/\/namaki.fr\/de\/wp-json\/wp\/v2\/comments?post=860"}],"version-history":[{"count":0,"href":"https:\/\/namaki.fr\/de\/wp-json\/wp\/v2\/pages\/860\/revisions"}],"wp:attachment":[{"href":"https:\/\/namaki.fr\/de\/wp-json\/wp\/v2\/media?parent=860"}],"curies":[{"name":"wp","href":"https:\/\/api.w.org\/{rel}","templated":true}]}}