{"id":132314,"date":"2024-01-03T15:52:47","date_gmt":"2024-01-03T14:52:47","guid":{"rendered":"https:\/\/namaki.fr\/produit\/palette-de-maquillage-6-couleurs-arc-en-ciel-110094\/"},"modified":"2026-04-07T17:03:29","modified_gmt":"2026-04-07T15:03:29","slug":"schminkpalette-kinder-6-farben-regenbogen","status":"publish","type":"product","link":"https:\/\/namaki.fr\/de\/produit\/palette-de-maquillage-6-couleurs-arc-en-ciel\/","title":{"rendered":"Schminkpalette 6 Farben \u2022 Regenbogen"},"content":{"rendered":"<p>Lassen Sie Ihrer bl\u00fchenden Fantasie freien Lauf! Mit der Regenbogen-Schminkpalette wird jeder Tag zu einem farbenfrohen Abenteuer. Ob Fasching, eine Geburtstagsparty oder eine Auff\u00fchrung in der Schule \u2013 verwandeln Sie jeden Moment in ein unvergessliches Erlebnis. Mit der Regenbogen-Schminkpalette von Namaki ist jeder Tag ein Fest!<\/p>\n<ul>\n<li>6 Farben: Neben Wei\u00df und Schwarz bieten wir Ihnen die schillernden Farbt\u00f6ne Rosa, Rot, Blau und Gelb.<\/li>\n<li>All-in-One: Die Schminkpalette enth\u00e4lt einen Kosmetikpinsel und 5 Tutorialkarten.<\/li>\n<li>Hautfreundlich: Die Schminkpalette wurde mit der Cosmos Bio-Zertifizierung ausgezeichnet und dermatologisch getestet \u2013 sie ist hypoallergen und gesundheitlich unbedenklich.<\/li>\n<li>Traumhafte Textur: Die mit Bio-Reispuder formulierte, zarte und seidige Textur erm\u00f6glicht ein m\u00fcheloses Auftragen.<\/li>\n<li>Vielseitigkeit: Mit dieser Schminkpalette k\u00f6nnen Sie bis zu 30 verschiedene Kinderschminken ausprobieren. Ideal f\u00fcr den t\u00e4glichen Gebrauch oder f\u00fcr besondere Anl\u00e4sse.<\/li>\n<li>Einfaches Abschminken: l\u00e4sst sich einfach mit Wasser und Seife entfernen.<\/li>\n<li>Sicherheit: Entspricht der CE-Norm f\u00fcr Spielzeug f\u00fcr unbeschwerten Spielspa\u00df.<\/li>\n<li>Umweltfreundlich: \u00f6kologisch sinnvoll gestaltete und recycelbare Verpackung.<\/li>\n<\/ul>\n<p>&nbsp;<\/p>","protected":false},"excerpt":{"rendered":"<p>Die Kinderschminkpalette Regenbogen beinhaltet rote, rosa, gelbe, blaue, wei\u00dfe und schwarze Kinderschminke, mit der Sie 30 verschiedene Motive erstellen k\u00f6nnen. Damit k\u00f6nnen Sie der Verkleidung Ihrer Kinder den letzten Schliff verleihen oder ganz unabh\u00e4ngig davon mit den Farben experimentieren. Wie w\u00e4re es, wenn Sie Ihre Liebsten mit einem Blumenkranz oder etwa einer Sonne schm\u00fccken?  Willkommen in der Welt der fr\u00f6hlichen Kinder!<\/p>","protected":false},"featured_media":132315,"comment_status":"closed","ping_status":"closed","template":"","meta":{"_acf_changed":false},"product_brand":[],"product_cat":[50,34,36,44],"product_tag":[],"class_list":{"0":"post-132314","1":"product","2":"type-product","3":"status-publish","4":"has-post-thumbnail","6":"product_cat-palettes-maquillage-enfant","7":"product_cat-maquillage-deguisement","8":"product_cat-univers-occasions","9":"product_cat-maquillage-carnaval","10":"pa_certifications-cosmetique-bio-cosmos","11":"pa_points-forts-tutoriels-inclus","12":"pa_points-forts-demaquillage-facile","14":"first","15":"outofstock","16":"taxable","17":"shipping-taxable","18":"purchasable","19":"product-type-simple"},"gallery_images":[132316,147648,132318,132319,132320,132317],"acf":[],"_links":{"self":[{"href":"https:\/\/namaki.fr\/de\/wp-json\/wp\/v2\/product\/132314","targetHints":{"allow":["GET"]}}],"collection":[{"href":"https:\/\/namaki.fr\/de\/wp-json\/wp\/v2\/product"}],"about":[{"href":"https:\/\/namaki.fr\/de\/wp-json\/wp\/v2\/types\/product"}],"replies":[{"embeddable":true,"href":"https:\/\/namaki.fr\/de\/wp-json\/wp\/v2\/comments?post=132314"}],"wp:featuredmedia":[{"embeddable":true,"href":"https:\/\/namaki.fr\/de\/wp-json\/wp\/v2\/media\/132315"}],"wp:attachment":[{"href":"https:\/\/namaki.fr\/de\/wp-json\/wp\/v2\/media?parent=132314"}],"wp:term":[{"taxonomy":"product_brand","embeddable":true,"href":"https:\/\/namaki.fr\/de\/wp-json\/wp\/v2\/product_brand?post=132314"},{"taxonomy":"product_cat","embeddable":true,"href":"https:\/\/namaki.fr\/de\/wp-json\/wp\/v2\/product_cat?post=132314"},{"taxonomy":"product_tag","embeddable":true,"href":"https:\/\/namaki.fr\/de\/wp-json\/wp\/v2\/product_tag?post=132314"}],"curies":[{"name":"wp","href":"https:\/\/api.w.org\/{rel}","templated":true}]}}