{"id":132330,"date":"2024-01-03T15:52:47","date_gmt":"2024-01-03T14:52:47","guid":{"rendered":"https:\/\/namaki.fr\/produit\/palette-de-maquillage-6-couleurs-monde-des-horreurs-110096\/"},"modified":"2025-11-25T09:55:56","modified_gmt":"2025-11-25T08:55:56","slug":"schminkpalette-kinder-horrorwelten","status":"publish","type":"product","link":"https:\/\/namaki.fr\/de\/produit\/palette-de-maquillage-6-couleurs-mondes-horreurs\/","title":{"rendered":"Make-up-Palette 6 Farben - Horrorwelten"},"content":{"rendered":"<p>Wer sagt, dass Gruseln keinen Spa\u00df macht? Mit der Kinderschminkpalette Horrorwelten k\u00f6nnen Sie sich in einen Teufel, ein Skelett oder einen K\u00fcrbis verwandeln. Sie ist ideal f\u00fcr Halloween oder jeden anderen Anlass, der einen Hauch von Schrecken erfordert. Mit Namaki k\u00f6nnen Sie schaurig sch\u00f6ne Momente erleben!<\/p>\n<ul>\n<li>6 Farben: von Geisterwei\u00df bis zum Schwarz der Finsternis, mit einem Hauch von Violett, K\u00fcrbisorange, Teufelsrot und Grau.<\/li>\n<li>All-in-One: Dieses Set enth\u00e4lt auch einen Kosmetikpinsel und 5 Tutorial-Karten.<\/li>\n<li>Hautfreundlich: Die Schminkpalette wurde mit der Cosmos Bio-Zertifizierung ausgezeichnet und dermatologisch getestet \u2013 sie ist hypoallergen und gesundheitlich unbedenklich.<\/li>\n<li>Verhexte Textur: dank ihrer Formulierung mit Bio-Reispuder ist die Kinderschminke zart und macht jede Anwendung zu einem puren und schaurig sch\u00f6nen Genuss...<\/li>\n<li>Vielseitigkeit: Mit dieser Schminkpalette k\u00f6nnen Sie bis zu 30 verschiedene Kinderschminken ausprobieren. Ideal f\u00fcr den t\u00e4glichen Gebrauch oder f\u00fcr besondere Anl\u00e4sse.<\/li>\n<li>Einfaches Abschminken: l\u00e4sst sich einfach mit Wasser und Seife entfernen.<\/li>\n<li>Sicherheit: Entspricht der CE-Norm f\u00fcr Spielzeug f\u00fcr unbeschwerten Spielspa\u00df.<\/li>\n<li>Umweltbewusst: \u00d6kologisch gestaltete und recycelbare Verpackung.<\/li>\n<\/ul>","protected":false},"excerpt":{"rendered":"<p>Eher Monster oder K\u00fcrbis? Spinne oder Geist? Mit der Schminkpalette Horrorwelten k\u00f6nnen sich Gro\u00df und Klein gruselig schminken und in h\u00e4ssliche Vampire oder freundliche Monster verwandeln. Orange, Grau, Schwarz, Wei\u00df, Rot oder Violett \u2013 willkommen in der Welt des Schreckens!<\/p>","protected":false},"featured_media":132331,"comment_status":"closed","ping_status":"closed","template":"","meta":{"_acf_changed":false},"product_brand":[],"product_cat":[50,34,36,46],"product_tag":[],"class_list":{"0":"post-132330","1":"product","2":"type-product","3":"status-publish","4":"has-post-thumbnail","6":"product_cat-palettes-maquillage-enfant","7":"product_cat-maquillage-deguisement","8":"product_cat-univers-occasions","9":"product_cat-maquillage-halloween","10":"pa_certifications-cosmetique-bio-cosmos","11":"pa_points-forts-tutoriels-inclus","12":"pa_points-forts-demaquillage-facile","14":"first","15":"outofstock","16":"taxable","17":"shipping-taxable","18":"purchasable","19":"product-type-simple"},"gallery_images":[132332,147654,132334,132335,132336,132333],"acf":[],"_links":{"self":[{"href":"https:\/\/namaki.fr\/de\/wp-json\/wp\/v2\/product\/132330","targetHints":{"allow":["GET"]}}],"collection":[{"href":"https:\/\/namaki.fr\/de\/wp-json\/wp\/v2\/product"}],"about":[{"href":"https:\/\/namaki.fr\/de\/wp-json\/wp\/v2\/types\/product"}],"replies":[{"embeddable":true,"href":"https:\/\/namaki.fr\/de\/wp-json\/wp\/v2\/comments?post=132330"}],"wp:featuredmedia":[{"embeddable":true,"href":"https:\/\/namaki.fr\/de\/wp-json\/wp\/v2\/media\/132331"}],"wp:attachment":[{"href":"https:\/\/namaki.fr\/de\/wp-json\/wp\/v2\/media?parent=132330"}],"wp:term":[{"taxonomy":"product_brand","embeddable":true,"href":"https:\/\/namaki.fr\/de\/wp-json\/wp\/v2\/product_brand?post=132330"},{"taxonomy":"product_cat","embeddable":true,"href":"https:\/\/namaki.fr\/de\/wp-json\/wp\/v2\/product_cat?post=132330"},{"taxonomy":"product_tag","embeddable":true,"href":"https:\/\/namaki.fr\/de\/wp-json\/wp\/v2\/product_tag?post=132330"}],"curies":[{"name":"wp","href":"https:\/\/api.w.org\/{rel}","templated":true}]}}