{"id":132338,"date":"2024-01-03T15:52:47","date_gmt":"2024-01-03T14:52:47","guid":{"rendered":"https:\/\/namaki.fr\/produit\/palette-de-maquillage-6-couleurs-mondes-intergalactiques-110097\/"},"modified":"2026-03-15T08:38:31","modified_gmt":"2026-03-15T07:38:31","slug":"schminkpalette-kinder-intergalaktische-welten","status":"publish","type":"product","link":"https:\/\/namaki.fr\/de\/produit\/palette-de-maquillage-6-couleurs-mondes-intergalactiques\/","title":{"rendered":"Schminkpalette 6 Farben \u2022 Intergalaktische Welten"},"content":{"rendered":"<p>Namaki l\u00e4dt Sie ein, Ihr Superheldenkost\u00fcm anzuziehen und sich auf eine kosmische Mission zu begeben! Egal, ob Sie Abenteuer an der Seite von Ironman, Wonder Woman oder den Ninja Turtles erleben werden \u2013 die Schminkpalette Intergalaktische Welten wird Ihr treuester Verb\u00fcndeter sein.<\/p>\n<ul>\n<li>6 Farben: funkelndes Gold, metallisches Silber, leidenschaftliches Rot, k\u00f6nigliches Blau, hoffnungsvolles Gr\u00fcn und geheimnisvolles Schwarz f\u00fcr ein unglaubliches Epos.<\/li>\n<li>All-in-One: Dieses Set enth\u00e4lt auch einen Kosmetikpinsel und 5 Tutorial-Karten.<\/li>\n<li>Hautfreundlich: Die Schminkpalette wurde mit der Cosmos Bio-Zertifizierung ausgezeichnet und dermatologisch getestet.<\/li>\n<li>Kosmische Textur: Dank des Bio-Reispuders f\u00fchlt sich jede Anwendung so sanft an wie das Vorbeiziehen einer Sternschnuppe.<\/li>\n<li>Vielseitigkeit: Mit dieser Schminkpalette k\u00f6nnen Sie bis zu 30 verschiedene Kinderschminken ausprobieren. Ideal f\u00fcr den t\u00e4glichen Gebrauch oder f\u00fcr besondere Anl\u00e4sse.<\/li>\n<li>Einfaches Abschminken: l\u00e4sst sich einfach mit Wasser und Seife entfernen.<\/li>\n<li>Sicherheit: Entspricht der CE-Norm f\u00fcr Spielzeug f\u00fcr unbeschwerten Spielspa\u00df.<\/li>\n<li>Umweltfreundlich: \u00f6kologisch sinnvoll gestaltete und recycelbare Verpackung.<\/li>\n<\/ul>\n<p>&nbsp;<\/p>","protected":false},"excerpt":{"rendered":"<p>Die Fantasie der Kinder ist grenzenlos, ebenso wie der Weltraum. Bevor du mit deinen Superkr\u00e4ften losfliegst oder an Bord einer Rakete einen neuen Planeten erkundest, vergiss nicht, mit ein paar Pinselstrichen deine Androiden-Ritterr\u00fcstung nachzuzeichnen. Mit dieser Schminkpalette kannst du dich kinderleicht zum Superhelden schminken!<\/p>","protected":false},"featured_media":132339,"comment_status":"closed","ping_status":"closed","template":"","meta":{"_acf_changed":false},"product_brand":[],"product_cat":[50,34,36,45,338],"product_tag":[],"class_list":{"0":"post-132338","1":"product","2":"type-product","3":"status-publish","4":"has-post-thumbnail","6":"product_cat-palettes-maquillage-enfant","7":"product_cat-maquillage-deguisement","8":"product_cat-univers-occasions","9":"product_cat-maquillage-super-heros","10":"product_cat-promotions","11":"pa_certifications-cosmetique-bio-cosmos","12":"pa_points-forts-tutoriels-inclus","13":"pa_points-forts-demaquillage-facile","15":"first","16":"outofstock","17":"sale","18":"taxable","19":"shipping-taxable","20":"purchasable","21":"product-type-simple"},"gallery_images":[132340,147660,132342,132343,132344,132341],"acf":[],"_links":{"self":[{"href":"https:\/\/namaki.fr\/de\/wp-json\/wp\/v2\/product\/132338","targetHints":{"allow":["GET"]}}],"collection":[{"href":"https:\/\/namaki.fr\/de\/wp-json\/wp\/v2\/product"}],"about":[{"href":"https:\/\/namaki.fr\/de\/wp-json\/wp\/v2\/types\/product"}],"replies":[{"embeddable":true,"href":"https:\/\/namaki.fr\/de\/wp-json\/wp\/v2\/comments?post=132338"}],"wp:featuredmedia":[{"embeddable":true,"href":"https:\/\/namaki.fr\/de\/wp-json\/wp\/v2\/media\/132339"}],"wp:attachment":[{"href":"https:\/\/namaki.fr\/de\/wp-json\/wp\/v2\/media?parent=132338"}],"wp:term":[{"taxonomy":"product_brand","embeddable":true,"href":"https:\/\/namaki.fr\/de\/wp-json\/wp\/v2\/product_brand?post=132338"},{"taxonomy":"product_cat","embeddable":true,"href":"https:\/\/namaki.fr\/de\/wp-json\/wp\/v2\/product_cat?post=132338"},{"taxonomy":"product_tag","embeddable":true,"href":"https:\/\/namaki.fr\/de\/wp-json\/wp\/v2\/product_tag?post=132338"}],"curies":[{"name":"wp","href":"https:\/\/api.w.org\/{rel}","templated":true}]}}