{"id":132346,"date":"2024-01-03T15:52:47","date_gmt":"2024-01-03T14:52:47","guid":{"rendered":"https:\/\/namaki.fr\/produit\/palette-de-maquillage-6-couleurs-vie-sauvage-110098\/"},"modified":"2026-04-07T17:04:24","modified_gmt":"2026-04-07T15:04:24","slug":"schminkpalette-kinder-6-farben-wilde-safari","status":"publish","type":"product","link":"https:\/\/namaki.fr\/de\/produit\/palette-de-maquillage-6-couleurs-vie-sauvage\/","title":{"rendered":"Schminkpalette 6 Farben \u2022 Wilde Safari"},"content":{"rendered":"<p>Die Schminkpalette Wilde Safari macht dem Tierreich alle Ehre! Wer willst du heute sein? Eine Giraffe, ein Wolf, ein L\u00f6we, ein Fuchs oder ein Tiger?<\/p>\n<ul>\n<li>6 Farben: Gold, Grau, Braun, Orange, Wei\u00df, Schwarz \u2013 alles, was es braucht, um sich in ein wildes Tier zu verwandeln.<\/li>\n<li>All-in-One: Dieses Set enth\u00e4lt auch einen Kosmetikpinsel und 5 Tutorial-Karten.<\/li>\n<li>Hautfreundlich: Die Schminkpalette wurde mit der Cosmos Bio-Zertifizierung ausgezeichnet und dermatologisch getestet.<\/li>\n<li>Nat\u00fcrliche Textur: Dank des Bio-Reispuders verw\u00f6hnt jede Anwendung die Haut Ihrer Liebsten unendlich sanft.<\/li>\n<li>Vielseitigkeit: Mit dieser Schminkpalette k\u00f6nnen Sie bis zu 30 verschiedene Kinderschminken ausprobieren. Ideal f\u00fcr den t\u00e4glichen Gebrauch oder f\u00fcr besondere Anl\u00e4sse.<\/li>\n<li>Einfaches Abschminken: l\u00e4sst sich einfach mit Wasser und Seife entfernen.<\/li>\n<li>Sicherheit: Entspricht der CE-Norm f\u00fcr Spielzeug f\u00fcr unbeschwerten Spielspa\u00df.<\/li>\n<li>Umweltfreundlich: \u00f6kologisch sinnvoll gestaltete und recycelbare Verpackung.<\/li>\n<\/ul>\n<p>&nbsp;<\/p>","protected":false},"excerpt":{"rendered":"<p>Mit der 6-Farben-Schminkpalette Wilde Safari erobern die Vierbeiner den Faschingsumzug oder Ihr Wohnzimmer... Holen Sie sich Tiger, Jaguare, Zebras, Giraffen, B\u00e4ren und sogar Dinosaurier ins Haus! Mit Gold, Silber, Orange, Schwarz, Wei\u00df und Braun kreieren Sie ganz einfach bis zu 30 Fellfarben, M\u00e4hnen, Schnauzen oder Nasenl\u00f6cher.<\/p>","protected":false},"featured_media":132347,"comment_status":"closed","ping_status":"closed","template":"","meta":{"_acf_changed":false},"product_brand":[],"product_cat":[50,34,36,48],"product_tag":[],"class_list":{"0":"post-132346","1":"product","2":"type-product","3":"status-publish","4":"has-post-thumbnail","6":"product_cat-palettes-maquillage-enfant","7":"product_cat-maquillage-deguisement","8":"product_cat-univers-occasions","9":"product_cat-maquillage-animaux","10":"pa_certifications-vegan","11":"pa_certifications-cosmetique-bio-cosmos","12":"pa_points-forts-tutoriels-inclus","13":"pa_points-forts-demaquillage-facile","15":"first","16":"outofstock","17":"taxable","18":"shipping-taxable","19":"purchasable","20":"product-type-simple"},"gallery_images":[132348,147655,132350,132351,132352,132349],"acf":[],"_links":{"self":[{"href":"https:\/\/namaki.fr\/de\/wp-json\/wp\/v2\/product\/132346","targetHints":{"allow":["GET"]}}],"collection":[{"href":"https:\/\/namaki.fr\/de\/wp-json\/wp\/v2\/product"}],"about":[{"href":"https:\/\/namaki.fr\/de\/wp-json\/wp\/v2\/types\/product"}],"replies":[{"embeddable":true,"href":"https:\/\/namaki.fr\/de\/wp-json\/wp\/v2\/comments?post=132346"}],"wp:featuredmedia":[{"embeddable":true,"href":"https:\/\/namaki.fr\/de\/wp-json\/wp\/v2\/media\/132347"}],"wp:attachment":[{"href":"https:\/\/namaki.fr\/de\/wp-json\/wp\/v2\/media?parent=132346"}],"wp:term":[{"taxonomy":"product_brand","embeddable":true,"href":"https:\/\/namaki.fr\/de\/wp-json\/wp\/v2\/product_brand?post=132346"},{"taxonomy":"product_cat","embeddable":true,"href":"https:\/\/namaki.fr\/de\/wp-json\/wp\/v2\/product_cat?post=132346"},{"taxonomy":"product_tag","embeddable":true,"href":"https:\/\/namaki.fr\/de\/wp-json\/wp\/v2\/product_tag?post=132346"}],"curies":[{"name":"wp","href":"https:\/\/api.w.org\/{rel}","templated":true}]}}