{"id":132354,"date":"2024-01-03T15:52:38","date_gmt":"2024-01-03T14:52:38","guid":{"rendered":"https:\/\/namaki.fr\/produit\/palette-de-maquillage-3-couleurs-clown-arlequin-110079\/"},"modified":"2026-02-25T10:58:40","modified_gmt":"2026-02-25T09:58:40","slug":"schminkpalette-kinder-3-farben-clown-harlekin","status":"publish","type":"product","link":"https:\/\/namaki.fr\/de\/produit\/palette-de-maquillage-3-couleurs-clown-arlequin\/","title":{"rendered":"Schminkpalette 3 Farben \u2022 Clown &amp; Harlekin"},"content":{"rendered":"<p>Gel\u00e4chter, Luftballons, Streiche und Konfetti! Wer bringt Sie heute am meisten zum Lachen: ein Clown mit seiner roten Nase oder ein geheimnisvoller Harlekin? Namaki gibt Ihnen die M\u00f6glichkeit, zum Star der Show zu werden, sogar ganz bequem von Ihrem Wohnzimmer aus.<\/p>\n<ul>\n<li>3 Farben, 2 Modelle: Wei\u00df, Blau und Rot, um die fr\u00f6hliche Welt der Clowns und den Zauber der Harlekine perfekt zu verk\u00f6rpern.<\/li>\n<li>All-in-One: Dieses Set enth\u00e4lt einen Kosmetikpinsel und 2 Tutorials.<\/li>\n<li>Hautfreundlich: Die Schminkpalette wurde mit der Cosmos Bio-Zertifizierung ausgezeichnet und dermatologisch getestet \u2013 sie ist hypoallergen und gesundheitlich unbedenklich.<\/li>\n<li>Traumhafte Textur: Die mit Bio-Reispuder formulierte, zarte und seidige Textur erm\u00f6glicht ein m\u00fcheloses Auftragen.<\/li>\n<li>Vielseitigkeit: Da Sie mit der Schminkpalette bis zu 10 verschiedene Kinderschminken auftragen k\u00f6nnen, ist sie ideal f\u00fcr den t\u00e4glichen Gebrauch oder besondere Anl\u00e4sse.<\/li>\n<li>Einfaches Abschminken: die Kinderschminke l\u00e4sst sich mit Wasser und Seife entfernen.<\/li>\n<li>Sicherheit: Entspricht der CE-Norm f\u00fcr Spielzeug f\u00fcr unbeschwerten Spielspa\u00df.<\/li>\n<li>Umweltbewusst: \u00d6kologisch gestaltete und recycelbare Verpackung.<\/li>\n<\/ul>\n<p>&nbsp;<\/p>","protected":false},"excerpt":{"rendered":"<p>Zwei gro\u00dfe Latschen, eine ausgeleierte Hose...jetzt braucht es nur noch die Schminkpalette mit drei Farben \u2013 Rot, Wei\u00df und Blau \u2013 um die Verkleidung eines bunten und fr\u00f6hlichen Clowns zu vervollst\u00e4ndigen. Sein Freund, der Harlekin, kann ihn auch bei seinen Streichen begleiten, denn mit einer einzigen Schminkpalette k\u00f6nnen Sie 10 verschiedene Kinderschminken auftragen. Sind Sie bereit, sich mit diesen beiden zu am\u00fcsieren?<\/p>","protected":false},"featured_media":132355,"comment_status":"closed","ping_status":"closed","template":"","meta":{"_acf_changed":false},"product_brand":[],"product_cat":[50,34,36,44,336,338],"product_tag":[],"class_list":{"0":"post-132354","1":"product","2":"type-product","3":"status-publish","4":"has-post-thumbnail","6":"product_cat-palettes-maquillage-enfant","7":"product_cat-maquillage-deguisement","8":"product_cat-univers-occasions","9":"product_cat-maquillage-carnaval","10":"product_cat-maquillage-evenements-sportifs","11":"product_cat-promotions","12":"pa_certifications-cosmetique-bio-cosmos","13":"pa_points-forts-tutoriels-inclus","14":"pa_points-forts-demaquillage-facile","16":"first","17":"instock","18":"sale","19":"taxable","20":"shipping-taxable","21":"purchasable","22":"product-type-simple"},"gallery_images":[132356,147615,132358,132359,132360,156349],"acf":[],"_links":{"self":[{"href":"https:\/\/namaki.fr\/de\/wp-json\/wp\/v2\/product\/132354","targetHints":{"allow":["GET"]}}],"collection":[{"href":"https:\/\/namaki.fr\/de\/wp-json\/wp\/v2\/product"}],"about":[{"href":"https:\/\/namaki.fr\/de\/wp-json\/wp\/v2\/types\/product"}],"replies":[{"embeddable":true,"href":"https:\/\/namaki.fr\/de\/wp-json\/wp\/v2\/comments?post=132354"}],"wp:featuredmedia":[{"embeddable":true,"href":"https:\/\/namaki.fr\/de\/wp-json\/wp\/v2\/media\/132355"}],"wp:attachment":[{"href":"https:\/\/namaki.fr\/de\/wp-json\/wp\/v2\/media?parent=132354"}],"wp:term":[{"taxonomy":"product_brand","embeddable":true,"href":"https:\/\/namaki.fr\/de\/wp-json\/wp\/v2\/product_brand?post=132354"},{"taxonomy":"product_cat","embeddable":true,"href":"https:\/\/namaki.fr\/de\/wp-json\/wp\/v2\/product_cat?post=132354"},{"taxonomy":"product_tag","embeddable":true,"href":"https:\/\/namaki.fr\/de\/wp-json\/wp\/v2\/product_tag?post=132354"}],"curies":[{"name":"wp","href":"https:\/\/api.w.org\/{rel}","templated":true}]}}