{"id":132362,"date":"2024-01-03T15:52:38","date_gmt":"2024-01-03T14:52:38","guid":{"rendered":"https:\/\/namaki.fr\/produit\/palette-de-maquillage-3-couleurs-pirate-coccinelle-110080\/"},"modified":"2026-02-25T10:58:55","modified_gmt":"2026-02-25T09:58:55","slug":"schminkpalette-3-farben-pirat-marienkafer","status":"publish","type":"product","link":"https:\/\/namaki.fr\/de\/produit\/palette-de-maquillage-3-couleurs-pirate-coccinelle\/","title":{"rendered":"Schminkpalette 3 Farben \u2022 Pirat &amp; Marienk\u00e4fer"},"content":{"rendered":"<p>Sind Sie bereit, wie ein Pirat \u00fcber die sieben Meere zu segeln, oder m\u00f6chten Sie lieber wie ein Marienk\u00e4fer durch den Garten schwirren? Mit der Schminkpalette Pirat &amp; Marienk\u00e4fer von Namaki sind Sie jedenfalls bestens f\u00fcr die n\u00e4chste Schatzsuche oder den n\u00e4chsten Flug zu einer duftenden Blume vorbereitet.<\/p>\n<ul>\n<li>3 Farben, 2 Motive: Wei\u00df, Schwarz und Rot, um sich kinderleicht in einen mutigen Piraten oder einen niedlichen Marienk\u00e4fer zu verwandeln.<\/li>\n<li>All-in-One: Dieses Set enth\u00e4lt einen Kosmetikpinsel und 2 Tutorials.<\/li>\n<li>Hautfreundlich: Diese Schminkpalette wurde mit der Cosmos Bio-Zertifizierung ausgezeichnet und dermatologisch getestet \u2013 sie ist hypoallergen und gesundheitlich unbedenklich.<\/li>\n<li>Traumhafte Textur: Die mit Bio-Reispuder formulierte, zarte und seidige Textur erm\u00f6glicht ein m\u00fcheloses Auftragen.<\/li>\n<li>Vielseitigkeit: Da Sie mit der Schminkpalette bis zu 10 verschiedene Kinderschminken auftragen k\u00f6nnen, ist sie ideal f\u00fcr den t\u00e4glichen Gebrauch oder besondere Anl\u00e4sse.<\/li>\n<li>Einfaches Abschminken: die Kinderschminke l\u00e4sst sich mit Wasser und Seife entfernen.<\/li>\n<li>Sicherheit: Entspricht der CE-Norm f\u00fcr Spielzeug f\u00fcr unbeschwerten Spielspa\u00df.<\/li>\n<li>Umweltbewusst: \u00d6kologisch gestaltete und recycelbare Verpackung.<\/li>\n<\/ul>\n<p>&nbsp;<\/p>","protected":false},"excerpt":{"rendered":"<p>Auf dem Wasser als kleiner Seer\u00e4uber oder in der Luft als Marienk\u00e4fer: Jeder hat seine eigene Art, auf Abenteuer zu gehen! Mit der 3-Farben-Schminkpalette Pirat &amp; Marienk\u00e4fer haben Sie rote, schwarze und wei\u00dfe Kinderschminke griffbereit, mit der Sie sich nach Lust und Laune Geschichten ausdenken k\u00f6nnen.<\/p>","protected":false},"featured_media":132363,"comment_status":"closed","ping_status":"closed","template":"","meta":{"_acf_changed":false},"product_brand":[],"product_cat":[50,34,36,44,338],"product_tag":[329],"class_list":{"0":"post-132362","1":"product","2":"type-product","3":"status-publish","4":"has-post-thumbnail","6":"product_cat-palettes-maquillage-enfant","7":"product_cat-maquillage-deguisement","8":"product_cat-univers-occasions","9":"product_cat-maquillage-carnaval","10":"product_cat-promotions","11":"product_tag-meta-pirate","12":"pa_certifications-cosmetique-bio-cosmos","13":"pa_points-forts-tutoriels-inclus","14":"pa_points-forts-demaquillage-facile","16":"first","17":"instock","18":"sale","19":"taxable","20":"shipping-taxable","21":"purchasable","22":"product-type-simple"},"gallery_images":[132364,147643,132366,132367,132368,132365],"acf":[],"_links":{"self":[{"href":"https:\/\/namaki.fr\/de\/wp-json\/wp\/v2\/product\/132362","targetHints":{"allow":["GET"]}}],"collection":[{"href":"https:\/\/namaki.fr\/de\/wp-json\/wp\/v2\/product"}],"about":[{"href":"https:\/\/namaki.fr\/de\/wp-json\/wp\/v2\/types\/product"}],"replies":[{"embeddable":true,"href":"https:\/\/namaki.fr\/de\/wp-json\/wp\/v2\/comments?post=132362"}],"wp:featuredmedia":[{"embeddable":true,"href":"https:\/\/namaki.fr\/de\/wp-json\/wp\/v2\/media\/132363"}],"wp:attachment":[{"href":"https:\/\/namaki.fr\/de\/wp-json\/wp\/v2\/media?parent=132362"}],"wp:term":[{"taxonomy":"product_brand","embeddable":true,"href":"https:\/\/namaki.fr\/de\/wp-json\/wp\/v2\/product_brand?post=132362"},{"taxonomy":"product_cat","embeddable":true,"href":"https:\/\/namaki.fr\/de\/wp-json\/wp\/v2\/product_cat?post=132362"},{"taxonomy":"product_tag","embeddable":true,"href":"https:\/\/namaki.fr\/de\/wp-json\/wp\/v2\/product_tag?post=132362"}],"curies":[{"name":"wp","href":"https:\/\/api.w.org\/{rel}","templated":true}]}}