{"id":132370,"date":"2024-01-03T15:52:38","date_gmt":"2024-01-03T14:52:38","guid":{"rendered":"https:\/\/namaki.fr\/produit\/palette-de-maquillage-3-couleurs-princesse-licorne-110081\/"},"modified":"2026-02-25T10:59:09","modified_gmt":"2026-02-25T09:59:09","slug":"schminkpalette-kinder-3-farben-prinzessin-einhorn","status":"publish","type":"product","link":"https:\/\/namaki.fr\/de\/produit\/palette-de-maquillage-3-couleurs-princesse-licorne\/","title":{"rendered":"Schminkpalette 3 Farben \u2022 Prinzessin &amp; Einhorn"},"content":{"rendered":"<p>Stellen Sie sich vor, Sie w\u00e4ren in einem verwunschenen Schloss, wo Prinzen und Prinzessinnen tanzen und Einh\u00f6rner galoppieren. Die Schminkpalette Prinzessin &amp; Einhorn verspricht mit jeder Anwendung eine zauberhafte Reise. Mit Namaki erwecken Sie Ihre Fantasie zum Leben!<\/p>\n<ul>\n<li>3 Farben, 2 Motive: Rosa, Wei\u00df und T\u00fcrkis, um sich in ein Einhorn zu verwandeln oder in die m\u00e4rchenhafte Welt der verwunschenen Schl\u00f6sser einzutauchen.<\/li>\n<li>All-in-One: Dieses Set enth\u00e4lt einen Kosmetikpinsel und 2 Tutorials.<\/li>\n<li>Hautfreundlich: Diese Schminkpalette wurde mit der Cosmos Bio-Zertifizierung ausgezeichnet und dermatologisch getestet \u2013 sie ist hypoallergen und gesundheitlich unbedenklich.<\/li>\n<li>Traumhafte Textur: Die mit Bio-Reispuder formulierte, zarte und seidige Textur erm\u00f6glicht ein m\u00fcheloses Auftragen.<\/li>\n<li>Vielseitigkeit: Da Sie mit der Schminkpalette bis zu 10 verschiedene Kinderschminken auftragen k\u00f6nnen, ist sie ideal f\u00fcr den t\u00e4glichen Gebrauch oder besondere Anl\u00e4sse.<\/li>\n<li>Einfaches Abschminken: die Kinderschminke l\u00e4sst sich mit Wasser und Seife entfernen.<\/li>\n<li>Sicherheit: Entspricht der CE-Norm f\u00fcr Spielzeug f\u00fcr unbeschwerten Spielspa\u00df.<\/li>\n<li>Umweltbewusst: \u00d6kologisch gestaltete und recycelbare Verpackung.<\/li>\n<\/ul>\n<p>&nbsp;<\/p>","protected":false},"excerpt":{"rendered":"<p class=\"p1\">Mit der 3-Farben-Schminkpalette Prinzessin &amp; Einhorn werden Sie zur Hauptfigur in Ihrem M\u00e4rchen. Spielen Sie mit der Kinderschminke in Rosa, T\u00fcrkis und Wei\u00df und tauchen Sie in eine magische Fantasiewelt ein.<\/p>","protected":false},"featured_media":132371,"comment_status":"closed","ping_status":"closed","template":"","meta":{"_acf_changed":false},"product_brand":[],"product_cat":[50,34,36,47,293,338],"product_tag":[],"class_list":{"0":"post-132370","1":"product","2":"type-product","3":"status-publish","4":"has-post-thumbnail","6":"product_cat-palettes-maquillage-enfant","7":"product_cat-maquillage-deguisement","8":"product_cat-univers-occasions","9":"product_cat-maquillage-feerique","10":"product_cat-meilleures-ventes","11":"product_cat-promotions","12":"pa_certifications-cosmetique-bio-cosmos","13":"pa_points-forts-tutoriels-inclus","14":"pa_points-forts-demaquillage-facile","16":"first","17":"instock","18":"sale","19":"taxable","20":"shipping-taxable","21":"purchasable","22":"product-type-simple"},"gallery_images":[132372,132949,132374,132375,132376,132373],"acf":[],"_links":{"self":[{"href":"https:\/\/namaki.fr\/de\/wp-json\/wp\/v2\/product\/132370","targetHints":{"allow":["GET"]}}],"collection":[{"href":"https:\/\/namaki.fr\/de\/wp-json\/wp\/v2\/product"}],"about":[{"href":"https:\/\/namaki.fr\/de\/wp-json\/wp\/v2\/types\/product"}],"replies":[{"embeddable":true,"href":"https:\/\/namaki.fr\/de\/wp-json\/wp\/v2\/comments?post=132370"}],"wp:featuredmedia":[{"embeddable":true,"href":"https:\/\/namaki.fr\/de\/wp-json\/wp\/v2\/media\/132371"}],"wp:attachment":[{"href":"https:\/\/namaki.fr\/de\/wp-json\/wp\/v2\/media?parent=132370"}],"wp:term":[{"taxonomy":"product_brand","embeddable":true,"href":"https:\/\/namaki.fr\/de\/wp-json\/wp\/v2\/product_brand?post=132370"},{"taxonomy":"product_cat","embeddable":true,"href":"https:\/\/namaki.fr\/de\/wp-json\/wp\/v2\/product_cat?post=132370"},{"taxonomy":"product_tag","embeddable":true,"href":"https:\/\/namaki.fr\/de\/wp-json\/wp\/v2\/product_tag?post=132370"}],"curies":[{"name":"wp","href":"https:\/\/api.w.org\/{rel}","templated":true}]}}