{"id":132377,"date":"2024-01-03T15:52:38","date_gmt":"2024-01-03T14:52:38","guid":{"rendered":"https:\/\/namaki.fr\/produit\/palette-de-maquillage-3-couleurs-fee-papillon-110082\/"},"modified":"2026-02-25T11:01:47","modified_gmt":"2026-02-25T10:01:47","slug":"schminkpalette-kinder-3-farben-fee-schmetterling","status":"publish","type":"product","link":"https:\/\/namaki.fr\/de\/produit\/palette-de-maquillage-3-couleurs-fee-papillon\/","title":{"rendered":"Schminkpalette 3 Farben \u2022 Fee &amp; Schmetterling"},"content":{"rendered":"<p>Sie sind nur einen Pinselstrich von der wunderbaren Welt der Feen und Schmetterlinge entfernt. Lassen Sie sich von einem Wirbelsturm aus sanften Farben verzaubern. Diese Schminkpalette bringt Zauber in Ihren Alltag \u2013 Sie brauchen nur Ihre Fl\u00fcgel auszubreiten und schon flattern Sie in luftigen H\u00f6hen!<\/p>\n<ul>\n<li>3 Farben, 2 Motive: Lila, Wei\u00df und Rosa, um sich in einen Schmetterling zu verwandeln oder die Magie einer Fee zu verk\u00f6rpern.<\/li>\n<li>All-in-One: Dieses Set enth\u00e4lt einen Kosmetikpinsel und 2 Tutorials.<\/li>\n<li>Hautfreundlich: Diese Schminkpalette wurde mit der Cosmos Bio-Zertifizierung ausgezeichnet und dermatologisch getestet \u2013 sie ist hypoallergen und gesundheitlich unbedenklich.<\/li>\n<li>Traumhafte Textur: Die mit Bio-Reispuder formulierte, zarte und seidige Textur erm\u00f6glicht ein m\u00fcheloses Auftragen.<\/li>\n<li>Vielseitigkeit: Da Sie mit der Schminkpalette bis zu 10 verschiedene Kinderschminken auftragen k\u00f6nnen, ist sie ideal f\u00fcr den t\u00e4glichen Gebrauch oder besondere Anl\u00e4sse.<\/li>\n<li>Einfaches Abschminken: l\u00e4sst sich mit Wasser und Seife entfernen<\/li>\n<li>Sicherheit: Entspricht der CE-Norm f\u00fcr Spielzeug f\u00fcr unbeschwerten Spielspa\u00df.<\/li>\n<li>Umweltbewusst: \u00d6kologisch gestaltete und recycelbare Verpackung.<\/li>\n<\/ul>\n<p>&nbsp;<\/p>","protected":false},"excerpt":{"rendered":"<p>Lust auf Kinderschminke, die sanft wie eine Fee und leicht wie ein Schmetterling ist? Das trifft sich gut! In dieser Kinderschminkpalette finden Sie drei Farben: Rosa, Wei\u00df und Lila. Das Gewinner-Trio f\u00fcr Gesichter voller Z\u00e4rtlichkeit.<\/p>","protected":false},"featured_media":132378,"comment_status":"closed","ping_status":"closed","template":"","meta":{"_acf_changed":false},"product_brand":[],"product_cat":[50,34,36,47],"product_tag":[],"class_list":{"0":"post-132377","1":"product","2":"type-product","3":"status-publish","4":"has-post-thumbnail","6":"product_cat-palettes-maquillage-enfant","7":"product_cat-maquillage-deguisement","8":"product_cat-univers-occasions","9":"product_cat-maquillage-feerique","10":"pa_certifications-cosmetique-bio-cosmos","11":"pa_points-forts-tutoriels-inclus","12":"pa_points-forts-demaquillage-facile","14":"first","15":"outofstock","16":"taxable","17":"shipping-taxable","18":"purchasable","19":"product-type-simple"},"gallery_images":[132379,147641,132382,132381,132383,132380],"acf":[],"_links":{"self":[{"href":"https:\/\/namaki.fr\/de\/wp-json\/wp\/v2\/product\/132377","targetHints":{"allow":["GET"]}}],"collection":[{"href":"https:\/\/namaki.fr\/de\/wp-json\/wp\/v2\/product"}],"about":[{"href":"https:\/\/namaki.fr\/de\/wp-json\/wp\/v2\/types\/product"}],"replies":[{"embeddable":true,"href":"https:\/\/namaki.fr\/de\/wp-json\/wp\/v2\/comments?post=132377"}],"wp:featuredmedia":[{"embeddable":true,"href":"https:\/\/namaki.fr\/de\/wp-json\/wp\/v2\/media\/132378"}],"wp:attachment":[{"href":"https:\/\/namaki.fr\/de\/wp-json\/wp\/v2\/media?parent=132377"}],"wp:term":[{"taxonomy":"product_brand","embeddable":true,"href":"https:\/\/namaki.fr\/de\/wp-json\/wp\/v2\/product_brand?post=132377"},{"taxonomy":"product_cat","embeddable":true,"href":"https:\/\/namaki.fr\/de\/wp-json\/wp\/v2\/product_cat?post=132377"},{"taxonomy":"product_tag","embeddable":true,"href":"https:\/\/namaki.fr\/de\/wp-json\/wp\/v2\/product_tag?post=132377"}],"curies":[{"name":"wp","href":"https:\/\/api.w.org\/{rel}","templated":true}]}}