{"id":132384,"date":"2024-01-03T15:52:38","date_gmt":"2024-01-03T14:52:38","guid":{"rendered":"https:\/\/namaki.fr\/produit\/palette-de-maquillage-3-couleurs-ninja-super-heros-110083\/"},"modified":"2026-02-25T10:59:37","modified_gmt":"2026-02-25T09:59:37","slug":"schminkpalette-3-farben-ninja-superheld","status":"publish","type":"product","link":"https:\/\/namaki.fr\/de\/produit\/palette-de-maquillage-3-couleurs-ninja-super-heros\/","title":{"rendered":"Schminkpalette 3 Farben \u2022 Ninja &amp; Superheld"},"content":{"rendered":"<p>Verwandle dich blitzschnell in einen gef\u00fcrchteten Ninja oder in einen Superhelden, der bereit ist, den Planeten zu retten! Mit leuchtenden Farben wie feurigem Rot, strahlendem Gold und dunklem Schwarz ist jeder Tag ein neues Abenteuer. M\u00f6ge die Macht mit euch sein, kleine Krieger!<\/p>\n<ul>\n<li>3 Farben: Rot, Gold und Schwarz, um den Krieger in dir zum Vorschein zu bringen.<\/li>\n<li>All-in-One: Dieses Set enth\u00e4lt einen Kosmetikpinsel und 2 Tutorials.<\/li>\n<li>Hautfreundlich: Diese Schminkpalette wurde mit der Cosmos Bio-Zertifizierung ausgezeichnet und dermatologisch getestet \u2013 sie ist hypoallergen und gesundheitlich unbedenklich.<\/li>\n<li>Traumhafte Textur: Die mit Bio-Reispuder formulierte, zarte und seidige Textur erm\u00f6glicht ein m\u00fcheloses Auftragen.<\/li>\n<li>Vielseitigkeit: Da Sie mit der Schminkpalette bis zu 10 verschiedene Kinderschminken auftragen k\u00f6nnen, ist sie ideal f\u00fcr den t\u00e4glichen Gebrauch oder besondere Anl\u00e4sse.<\/li>\n<li>Einfaches Abschminken: die Kinderschminke l\u00e4sst sich mit Wasser und Seife entfernen.<\/li>\n<li>Sicherheit: Entspricht der CE-Norm f\u00fcr Spielzeug f\u00fcr unbeschwerten Spielspa\u00df.<\/li>\n<li>Umweltbewusst: \u00d6kologisch gestaltete und recycelbare Verpackung.<\/li>\n<\/ul>\n<p>&nbsp;<\/p>","protected":false},"excerpt":{"rendered":"<p>In der 3-Farben-Schminkpalette Ninja &amp; Superheld finden Sie die Farben Gold, Rot und Schwarz \u2013 genau das Richtige f\u00fcr kleine, tapfere K\u00e4mpfer!<\/p>","protected":false},"featured_media":132385,"comment_status":"closed","ping_status":"closed","template":"","meta":{"_acf_changed":false},"product_brand":[],"product_cat":[50,34,36,45,336,338],"product_tag":[],"class_list":{"0":"post-132384","1":"product","2":"type-product","3":"status-publish","4":"has-post-thumbnail","6":"product_cat-palettes-maquillage-enfant","7":"product_cat-maquillage-deguisement","8":"product_cat-univers-occasions","9":"product_cat-maquillage-super-heros","10":"product_cat-maquillage-evenements-sportifs","11":"product_cat-promotions","12":"pa_certifications-cosmetique-bio-cosmos","13":"pa_points-forts-tutoriels-inclus","14":"pa_points-forts-demaquillage-facile","16":"first","17":"instock","18":"sale","19":"taxable","20":"shipping-taxable","21":"purchasable","22":"product-type-simple"},"gallery_images":[132386,132387,132388,132389,132390,132391],"acf":[],"_links":{"self":[{"href":"https:\/\/namaki.fr\/de\/wp-json\/wp\/v2\/product\/132384","targetHints":{"allow":["GET"]}}],"collection":[{"href":"https:\/\/namaki.fr\/de\/wp-json\/wp\/v2\/product"}],"about":[{"href":"https:\/\/namaki.fr\/de\/wp-json\/wp\/v2\/types\/product"}],"replies":[{"embeddable":true,"href":"https:\/\/namaki.fr\/de\/wp-json\/wp\/v2\/comments?post=132384"}],"wp:featuredmedia":[{"embeddable":true,"href":"https:\/\/namaki.fr\/de\/wp-json\/wp\/v2\/media\/132385"}],"wp:attachment":[{"href":"https:\/\/namaki.fr\/de\/wp-json\/wp\/v2\/media?parent=132384"}],"wp:term":[{"taxonomy":"product_brand","embeddable":true,"href":"https:\/\/namaki.fr\/de\/wp-json\/wp\/v2\/product_brand?post=132384"},{"taxonomy":"product_cat","embeddable":true,"href":"https:\/\/namaki.fr\/de\/wp-json\/wp\/v2\/product_cat?post=132384"},{"taxonomy":"product_tag","embeddable":true,"href":"https:\/\/namaki.fr\/de\/wp-json\/wp\/v2\/product_tag?post=132384"}],"curies":[{"name":"wp","href":"https:\/\/api.w.org\/{rel}","templated":true}]}}