{"id":132400,"date":"2024-01-03T15:52:38","date_gmt":"2024-01-03T14:52:38","guid":{"rendered":"https:\/\/namaki.fr\/produit\/palette-de-maquillage-3-couleurs-citrouille-squelette-110085\/"},"modified":"2026-02-25T11:00:03","modified_gmt":"2026-02-25T10:00:03","slug":"schminkpalette-kinder-3-farben-kuerbis-skelett","status":"publish","type":"product","link":"https:\/\/namaki.fr\/de\/produit\/palette-de-maquillage-3-couleurs-citrouille-squelette\/","title":{"rendered":"Schminkpalette 3 Farben \u2022 K\u00fcrbis &amp; Skelett"},"content":{"rendered":"<p>Geister, Hexen und Flederm\u00e4use \u2013 machen Sie sich bereit! Mit der Schminkpalette K\u00fcrbis &amp; Skelett k\u00f6nnen Ihre kleinen Zauberlehrlinge die Nachbarschaft verzaubern. Sind Sie bereit, verhext zu werden?<\/p>\n<ul>\n<li>3 Farben: Orange, Wei\u00df und Schwarz, um Sie zu verzaubern.<\/li>\n<li>All-in-One: Dieses Set enth\u00e4lt einen Kosmetikpinsel und 2 Tutorials.<\/li>\n<li>Hautfreundlich: Diese Schminkpalette wurde mit der Cosmos Bio-Zertifizierung ausgezeichnet und dermatologisch getestet \u2013 sie ist hypoallergen und gesundheitlich unbedenklich.<\/li>\n<li>Traumhafte Textur: Die mit Bio-Reispuder formulierte, zarte und seidige Textur erm\u00f6glicht ein m\u00fcheloses Auftragen.<\/li>\n<li>Vielseitigkeit: Da Sie mit der Schminkpalette bis zu 10 verschiedene Kinderschminken auftragen k\u00f6nnen, ist sie ideal f\u00fcr den t\u00e4glichen Gebrauch oder besondere Anl\u00e4sse.<\/li>\n<li>Einfaches Abschminken: die Kinderschminke l\u00e4sst sich mit Wasser und Seife entfernen.<\/li>\n<li>Sicherheit: Entspricht der CE-Norm f\u00fcr Spielzeug f\u00fcr unbeschwerten Spielspa\u00df.<\/li>\n<li>Umweltbewusst: \u00d6kologisch gestaltete und recycelbare Verpackung.<\/li>\n<\/ul>\n<p>&nbsp;<\/p>","protected":false},"excerpt":{"rendered":"<p>Eine Palette mit drei Farben speziell f\u00fcr Halloween! F\u00fcr ein Kinder-Make-up als Skelett oder K\u00fcrbis vervollst\u00e4ndigen die orangefarbenen, schwarzen und wei\u00dfen Wasserfarben Ihre furchterregenden Verkleidungen. Die Jagd nach S\u00fc\u00dfigkeiten kann beginnen!<\/p>","protected":false},"featured_media":132401,"comment_status":"closed","ping_status":"closed","template":"","meta":{"_acf_changed":false},"product_brand":[],"product_cat":[50,34,36,46,293,338],"product_tag":[],"class_list":{"0":"post-132400","1":"product","2":"type-product","3":"status-publish","4":"has-post-thumbnail","6":"product_cat-palettes-maquillage-enfant","7":"product_cat-maquillage-deguisement","8":"product_cat-univers-occasions","9":"product_cat-maquillage-halloween","10":"product_cat-meilleures-ventes","11":"product_cat-promotions","12":"pa_certifications-vegan","13":"pa_certifications-cosmetique-bio-cosmos","14":"pa_points-forts-tutoriels-inclus","15":"pa_points-forts-demaquillage-facile","17":"first","18":"instock","19":"sale","20":"taxable","21":"shipping-taxable","22":"purchasable","23":"product-type-simple"},"gallery_images":[132402,147638,132404,132405,132406,132407],"acf":[],"_links":{"self":[{"href":"https:\/\/namaki.fr\/de\/wp-json\/wp\/v2\/product\/132400","targetHints":{"allow":["GET"]}}],"collection":[{"href":"https:\/\/namaki.fr\/de\/wp-json\/wp\/v2\/product"}],"about":[{"href":"https:\/\/namaki.fr\/de\/wp-json\/wp\/v2\/types\/product"}],"replies":[{"embeddable":true,"href":"https:\/\/namaki.fr\/de\/wp-json\/wp\/v2\/comments?post=132400"}],"wp:featuredmedia":[{"embeddable":true,"href":"https:\/\/namaki.fr\/de\/wp-json\/wp\/v2\/media\/132401"}],"wp:attachment":[{"href":"https:\/\/namaki.fr\/de\/wp-json\/wp\/v2\/media?parent=132400"}],"wp:term":[{"taxonomy":"product_brand","embeddable":true,"href":"https:\/\/namaki.fr\/de\/wp-json\/wp\/v2\/product_brand?post=132400"},{"taxonomy":"product_cat","embeddable":true,"href":"https:\/\/namaki.fr\/de\/wp-json\/wp\/v2\/product_cat?post=132400"},{"taxonomy":"product_tag","embeddable":true,"href":"https:\/\/namaki.fr\/de\/wp-json\/wp\/v2\/product_tag?post=132400"}],"curies":[{"name":"wp","href":"https:\/\/api.w.org\/{rel}","templated":true}]}}