{"id":132422,"date":"2024-01-03T15:52:38","date_gmt":"2024-01-03T14:52:38","guid":{"rendered":"https:\/\/namaki.fr\/produit\/palette-de-maquillage-3-couleurs-lion-girafe-110088\/"},"modified":"2026-02-25T11:00:42","modified_gmt":"2026-02-25T10:00:42","slug":"schminkpalette-kinder-3-farben-loewe-giraffe","status":"publish","type":"product","link":"https:\/\/namaki.fr\/de\/produit\/palette-de-maquillage-3-couleurs-lion-girafe\/","title":{"rendered":"Schminkpalette 3 Farben \u2022 L\u00f6we &amp; Giraffe"},"content":{"rendered":"<p>Grrrr! Ach, das ist nur Ihr kleiner Abenteurer, der dank der Schminkpalette L\u00f6we &amp; Giraffe in einen K\u00f6nig der Savanne verwandelt wurde. Und was ist dort dr\u00fcben? Eine majest\u00e4tische Giraffe, die einen Knicks macht. Namaki l\u00e4dt Sie zu einer spielerischen Safari ein, f\u00fcr die Sie das Haus nicht einmal verlassen m\u00fcssen.  Lassen Sie Ihrer Kreativit\u00e4t freien Lauf und haben Sie Spa\u00df beim Zeichnen von flammenden M\u00e4hnen und langen, weichen Wimpern.<\/p>\n<ul>\n<li>3 Farben, 2 Modelle: Gold, Wei\u00df und Braun, um als L\u00f6we oder Giraffe durch die afrikanische Savanne zu streifen.<\/li>\n<li>All-in-One: Dieses Set enth\u00e4lt einen Kosmetikpinsel und 2 Tutorials.<\/li>\n<li>Hautfreundlich: Die Schminkpalette wurde mit der Cosmos Bio-Zertifizierung ausgezeichnet und dermatologisch getestet \u2013 sie ist hypoallergen und gesundheitlich unbedenklich.<\/li>\n<li>Traumhafte Textur: Die mit Bio-Reispuder formulierte, zarte und seidige Textur erm\u00f6glicht ein m\u00fcheloses Auftragen.<\/li>\n<li>Vielseitigkeit: Da Sie mit der Schminkpalette bis zu 10 verschiedene Kinderschminken auftragen k\u00f6nnen, ist sie ideal f\u00fcr den t\u00e4glichen Gebrauch oder besondere Anl\u00e4sse.<\/li>\n<li>Einfaches Abschminken: die Kinderschminke l\u00e4sst sich mit Wasser und Seife entfernen.<\/li>\n<li>Sicherheit: Entspricht der CE-Norm f\u00fcr Spielzeug f\u00fcr unbeschwerten Spielspa\u00df.<\/li>\n<li>Umweltbewusst: \u00d6kologisch gestaltete und recycelbare Verpackung.<\/li>\n<\/ul>\n<p>&nbsp;<\/p>","protected":false},"excerpt":{"rendered":"<p>Die Kinderschminkpalette L\u00f6we &amp; Giraffe nimmt Sie mit auf eine wilde Safari. Mit den 3 Farben Gold, Wei\u00df und Braun k\u00f6nnen Sie ganz einfach eine ganze Schar von L\u00f6wen- und Giraffenkindern zur Welt bringen.<\/p>","protected":false},"featured_media":132423,"comment_status":"closed","ping_status":"closed","template":"","meta":{"_acf_changed":false},"product_brand":[],"product_cat":[50,34,36,48,338],"product_tag":[],"class_list":{"0":"post-132422","1":"product","2":"type-product","3":"status-publish","4":"has-post-thumbnail","6":"product_cat-palettes-maquillage-enfant","7":"product_cat-maquillage-deguisement","8":"product_cat-univers-occasions","9":"product_cat-maquillage-animaux","10":"product_cat-promotions","11":"pa_certifications-vegan","12":"pa_certifications-cosmetique-bio-cosmos","13":"pa_points-forts-tutoriels-inclus","14":"pa_points-forts-demaquillage-facile","16":"first","17":"instock","18":"sale","19":"taxable","20":"shipping-taxable","21":"purchasable","22":"product-type-simple"},"gallery_images":[132424,145610,132426,132427,132428,132425],"acf":[],"_links":{"self":[{"href":"https:\/\/namaki.fr\/de\/wp-json\/wp\/v2\/product\/132422","targetHints":{"allow":["GET"]}}],"collection":[{"href":"https:\/\/namaki.fr\/de\/wp-json\/wp\/v2\/product"}],"about":[{"href":"https:\/\/namaki.fr\/de\/wp-json\/wp\/v2\/types\/product"}],"replies":[{"embeddable":true,"href":"https:\/\/namaki.fr\/de\/wp-json\/wp\/v2\/comments?post=132422"}],"wp:featuredmedia":[{"embeddable":true,"href":"https:\/\/namaki.fr\/de\/wp-json\/wp\/v2\/media\/132423"}],"wp:attachment":[{"href":"https:\/\/namaki.fr\/de\/wp-json\/wp\/v2\/media?parent=132422"}],"wp:term":[{"taxonomy":"product_brand","embeddable":true,"href":"https:\/\/namaki.fr\/de\/wp-json\/wp\/v2\/product_brand?post=132422"},{"taxonomy":"product_cat","embeddable":true,"href":"https:\/\/namaki.fr\/de\/wp-json\/wp\/v2\/product_cat?post=132422"},{"taxonomy":"product_tag","embeddable":true,"href":"https:\/\/namaki.fr\/de\/wp-json\/wp\/v2\/product_tag?post=132422"}],"curies":[{"name":"wp","href":"https:\/\/api.w.org\/{rel}","templated":true}]}}