{"id":132430,"date":"2024-01-03T15:52:29","date_gmt":"2024-01-03T14:52:29","guid":{"rendered":"https:\/\/namaki.fr\/produit\/crayon-de-maquillage-blanc-110051\/"},"modified":"2025-01-09T15:37:26","modified_gmt":"2025-01-09T14:37:26","slug":"schminkstift-kinder-einzeln-weis","status":"publish","type":"product","link":"https:\/\/namaki.fr\/de\/produit\/crayon-de-maquillage-unite-blanc\/","title":{"rendered":"Schminkstift f\u00fcr Kinder einzeln \u2022 Wei\u00df"},"content":{"rendered":"<p>Die wei\u00dfen Schminkstifte f\u00fcr Kinder sind ein wesentlicher Bestandteil einer jeden Kinderschminke.  Sie k\u00f6nnen Konturen pr\u00e4zise betonen und Tiefe verleihen. So erh\u00e4lt jede Verwandlung eine au\u00dfergew\u00f6hnliche Dimension.<\/p>\n<ul>\n<li>Wei\u00dfe Farbe: um Details hervorzuheben.<\/li>\n<li>Einfaches Auftragen: Die weiche Spitze des Stifts, die mit BIO-Kokosnuss\u00f6l formuliert wurde, garantiert Ihnen pr\u00e4zise Linien, ohne zu verschmieren.<\/li>\n<li>Hautfreundlich: Unsere Kinderschminkstifte wurden mit der Cosmos Bio-Zertifizierung ausgezeichnet, enthalten nat\u00fcrliche Inhaltsstoffe h\u00f6chster Qualit\u00e4t und wurden dermatologisch getestet.<\/li>\n<li>Sichere Anwendung: Die Kinderschminkstifte entsprechen der CE-Norm f\u00fcr Spielzeug.<\/li>\n<li>Einfaches Abschminken: die Kinderschminke l\u00e4sst sich mit Wasser und Seife entfernen.<\/li>\n<li>Umweltbewusst: \u00d6kologisch gestaltete und recycelbare Verpackung.<\/li>\n<\/ul>\n<p>&nbsp;<\/p>","protected":false},"excerpt":{"rendered":"<p>Dank Ihrer weichen Spitze und der guten Handhabung sind die Schminkstifte in Wei\u00df ideal, um Ihrer Kinderschminke den letzten Schliff zu verleihen. Sie sind DAS unverzichtbare Werkzeug, das Sie in Ihrem Schminkkoffer haben sollten.<\/p>","protected":false},"featured_media":132431,"comment_status":"closed","ping_status":"closed","template":"","meta":{"_acf_changed":false},"product_brand":[],"product_cat":[34,36,44,46,51,293],"product_tag":[],"class_list":{"0":"post-132430","1":"product","2":"type-product","3":"status-publish","4":"has-post-thumbnail","6":"product_cat-maquillage-deguisement","7":"product_cat-univers-occasions","8":"product_cat-maquillage-carnaval","9":"product_cat-maquillage-halloween","10":"product_cat-crayons-maquillage-enfant","11":"product_cat-meilleures-ventes","12":"pa_certifications-vegan","13":"pa_certifications-cosmetique-bio-cosmos","14":"pa_points-forts-application-simple","15":"pa_points-forts-demaquillage-facile","17":"first","18":"instock","19":"taxable","20":"shipping-taxable","21":"purchasable","22":"product-type-simple"},"gallery_images":[132432,133124,132433,132434],"acf":[],"_links":{"self":[{"href":"https:\/\/namaki.fr\/de\/wp-json\/wp\/v2\/product\/132430","targetHints":{"allow":["GET"]}}],"collection":[{"href":"https:\/\/namaki.fr\/de\/wp-json\/wp\/v2\/product"}],"about":[{"href":"https:\/\/namaki.fr\/de\/wp-json\/wp\/v2\/types\/product"}],"replies":[{"embeddable":true,"href":"https:\/\/namaki.fr\/de\/wp-json\/wp\/v2\/comments?post=132430"}],"wp:featuredmedia":[{"embeddable":true,"href":"https:\/\/namaki.fr\/de\/wp-json\/wp\/v2\/media\/132431"}],"wp:attachment":[{"href":"https:\/\/namaki.fr\/de\/wp-json\/wp\/v2\/media?parent=132430"}],"wp:term":[{"taxonomy":"product_brand","embeddable":true,"href":"https:\/\/namaki.fr\/de\/wp-json\/wp\/v2\/product_brand?post=132430"},{"taxonomy":"product_cat","embeddable":true,"href":"https:\/\/namaki.fr\/de\/wp-json\/wp\/v2\/product_cat?post=132430"},{"taxonomy":"product_tag","embeddable":true,"href":"https:\/\/namaki.fr\/de\/wp-json\/wp\/v2\/product_tag?post=132430"}],"curies":[{"name":"wp","href":"https:\/\/api.w.org\/{rel}","templated":true}]}}