{"id":132440,"date":"2024-01-03T15:52:29","date_gmt":"2024-01-03T14:52:29","guid":{"rendered":"https:\/\/namaki.fr\/produit\/crayon-de-maquillage-jaune-110053\/"},"modified":"2025-01-06T11:39:20","modified_gmt":"2025-01-06T10:39:20","slug":"schminkstift-kinder-einzeln-gelb","status":"publish","type":"product","link":"https:\/\/namaki.fr\/de\/produit\/crayon-de-maquillage-unite-jaune\/","title":{"rendered":"Schminkstift f\u00fcr Kinder einzeln \u2022 Gelb"},"content":{"rendered":"<p>Unsere Kinderschminkstifte in Gelb bringen Sonne in Ihr Leben. Mit ihnen k\u00f6nnen Sie pr\u00e4zise und leuchtende Linien in einem strahlenden Gelb zeichnen. Mit ihrer cremigen Textur und der vibrierenden Pigmentierung k\u00f6nnen sie einer Kinderschminke Tiefe verleihen und Details hervorheben: wie w\u00e4re es mit einem Regenbogen oder einem G\u00e4nsebl\u00fcmchen? Lassen Sie Ihrer Fantasie freien Lauf: Die Kinderschminkstifte sind das perfekte Werkzeug daf\u00fcr.<\/p>\n<ul>\n<li>Gelbe Farbe: L\u00e4sst Ihre Kinderschminke strahlen.<\/li>\n<li>Einfaches Auftragen: Die weiche Spitze des Stifts, die mit BIO-Kokosnuss\u00f6l formuliert wurde, garantiert Ihnen pr\u00e4zise Linien, ohne zu verschmieren.<\/li>\n<li>Hautfreundlich: Unsere Kinderschminkstifte wurden mit der Cosmos Bio-Zertifizierung ausgezeichnet, enthalten nat\u00fcrliche Inhaltsstoffe h\u00f6chster Qualit\u00e4t und wurden dermatologisch getestet.<\/li>\n<li>Sichere Anwendung: Die Kinderschminkstifte entsprechen der CE-Norm f\u00fcr Spielzeug.<\/li>\n<li>Einfaches Abschminken: die Kinderschminke l\u00e4sst sich mit Wasser und Seife entfernen.<\/li>\n<li>Umweltbewusst: \u00d6kologisch gestaltete und recycelbare Verpackung.<\/li>\n<\/ul>\n<p>&nbsp;<\/p>","protected":false},"excerpt":{"rendered":"<p>Die Schminkstifte f\u00fcr Kinder in Gelb bringen Fr\u00f6hlichkeit in Ihre Kinderschminke. Diese heitere Grundfarbe k\u00f6nnen Sie als Farbtupfer oder gro\u00dffl\u00e4chig auftragen.  Lust auf etwas Sonnenschein f\u00fcr jeden Tag?<\/p>","protected":false},"featured_media":132441,"comment_status":"closed","ping_status":"closed","template":"","meta":{"_acf_changed":false},"product_brand":[],"product_cat":[51,34,36,44,48],"product_tag":[],"class_list":{"0":"post-132440","1":"product","2":"type-product","3":"status-publish","4":"has-post-thumbnail","6":"product_cat-crayons-maquillage-enfant","7":"product_cat-maquillage-deguisement","8":"product_cat-univers-occasions","9":"product_cat-maquillage-carnaval","10":"product_cat-maquillage-animaux","11":"pa_certifications-vegan","12":"pa_certifications-cosmetique-bio-cosmos","13":"pa_points-forts-application-simple","14":"pa_points-forts-demaquillage-facile","16":"first","17":"instock","18":"taxable","19":"shipping-taxable","20":"purchasable","21":"product-type-simple"},"gallery_images":[132442,133126,132443,132444],"acf":[],"_links":{"self":[{"href":"https:\/\/namaki.fr\/de\/wp-json\/wp\/v2\/product\/132440","targetHints":{"allow":["GET"]}}],"collection":[{"href":"https:\/\/namaki.fr\/de\/wp-json\/wp\/v2\/product"}],"about":[{"href":"https:\/\/namaki.fr\/de\/wp-json\/wp\/v2\/types\/product"}],"replies":[{"embeddable":true,"href":"https:\/\/namaki.fr\/de\/wp-json\/wp\/v2\/comments?post=132440"}],"wp:featuredmedia":[{"embeddable":true,"href":"https:\/\/namaki.fr\/de\/wp-json\/wp\/v2\/media\/132441"}],"wp:attachment":[{"href":"https:\/\/namaki.fr\/de\/wp-json\/wp\/v2\/media?parent=132440"}],"wp:term":[{"taxonomy":"product_brand","embeddable":true,"href":"https:\/\/namaki.fr\/de\/wp-json\/wp\/v2\/product_brand?post=132440"},{"taxonomy":"product_cat","embeddable":true,"href":"https:\/\/namaki.fr\/de\/wp-json\/wp\/v2\/product_cat?post=132440"},{"taxonomy":"product_tag","embeddable":true,"href":"https:\/\/namaki.fr\/de\/wp-json\/wp\/v2\/product_tag?post=132440"}],"curies":[{"name":"wp","href":"https:\/\/api.w.org\/{rel}","templated":true}]}}