{"id":132445,"date":"2024-01-03T15:52:29","date_gmt":"2024-01-03T14:52:29","guid":{"rendered":"https:\/\/namaki.fr\/produit\/crayon-de-maquillage-vert-110054\/"},"modified":"2025-01-09T15:38:44","modified_gmt":"2025-01-09T14:38:44","slug":"schminkstift-kinder-einzeln-grun","status":"publish","type":"product","link":"https:\/\/namaki.fr\/de\/produit\/crayon-de-maquillage-unite-vert\/","title":{"rendered":"Schminkstift f\u00fcr Kinder einzeln \u2022 Gr\u00fcn"},"content":{"rendered":"<p>Mit den Kinderschminkstiften in Gr\u00fcn k\u00f6nnen Sie Ihr Kind in einen Superhelden verwandeln oder seiner Verkleidung ganz einfach einen Hauch von Natur verleihen. Es gibt keine Grenzen \u2013 Ihre Liebsten k\u00f6nnen den Stift \u00fcber Arme und Beine gleiten lassen und zu einer riesigen Liane heranwachsen.<\/p>\n<ul>\n<li>Gr\u00fcne Farbe: Damit Sie der Natur noch n\u00e4her kommen.<\/li>\n<li>Einfaches Auftragen: Die weiche Spitze des Stifts, die mit BIO-Kokosnuss\u00f6l formuliert wurde, garantiert Ihnen pr\u00e4zise Linien, ohne zu verschmieren.<\/li>\n<li>Hautfreundlich: Unsere Kinderschminkstifte wurden mit der Cosmos Bio-Zertifizierung ausgezeichnet, enthalten nat\u00fcrliche Inhaltsstoffe h\u00f6chster Qualit\u00e4t und wurden dermatologisch getestet.<\/li>\n<li>Sichere Anwendung: Die Kinderschminkstifte entsprechen der CE-Norm f\u00fcr Spielzeug.<\/li>\n<li>Einfaches Abschminken: die Kinderschminke l\u00e4sst sich mit Wasser und Seife entfernen.<\/li>\n<li>Umweltbewusst: \u00d6kologisch gestaltete und recycelbare Verpackung.<\/li>\n<\/ul>\n<p>&nbsp;<\/p>","protected":false},"excerpt":{"rendered":"<p>Die Schminkstifte f\u00fcr Kinder in Gr\u00fcn bringen Sie der Natur ganz nahe. Wie alle unsere Kinderschminkstifte sind sie Bio-zertifiziert. Ob Sie auf dem Gesicht Ihrer Liebsten Blumen bl\u00fchen lassen oder diese von Kopf bis Fu\u00df in ein Reptil verwandeln wollen \u2013 mit diesem Kinderschminkstift k\u00f6nnen sich Ihre Kinder so schnell und einfach verwandeln, wie ein Cham\u00e4leon seine Farbe wechselt.<\/p>","protected":false},"featured_media":132446,"comment_status":"closed","ping_status":"closed","template":"","meta":{"_acf_changed":false},"product_brand":[],"product_cat":[51,34,36,44,46,48],"product_tag":[],"class_list":{"0":"post-132445","1":"product","2":"type-product","3":"status-publish","4":"has-post-thumbnail","6":"product_cat-crayons-maquillage-enfant","7":"product_cat-maquillage-deguisement","8":"product_cat-univers-occasions","9":"product_cat-maquillage-carnaval","10":"product_cat-maquillage-halloween","11":"product_cat-maquillage-animaux","12":"pa_certifications-vegan","13":"pa_certifications-cosmetique-bio-cosmos","14":"pa_points-forts-application-simple","15":"pa_points-forts-demaquillage-facile","17":"first","18":"instock","19":"taxable","20":"shipping-taxable","21":"purchasable","22":"product-type-simple"},"gallery_images":[132447,133129,132448,132449],"acf":[],"_links":{"self":[{"href":"https:\/\/namaki.fr\/de\/wp-json\/wp\/v2\/product\/132445","targetHints":{"allow":["GET"]}}],"collection":[{"href":"https:\/\/namaki.fr\/de\/wp-json\/wp\/v2\/product"}],"about":[{"href":"https:\/\/namaki.fr\/de\/wp-json\/wp\/v2\/types\/product"}],"replies":[{"embeddable":true,"href":"https:\/\/namaki.fr\/de\/wp-json\/wp\/v2\/comments?post=132445"}],"wp:featuredmedia":[{"embeddable":true,"href":"https:\/\/namaki.fr\/de\/wp-json\/wp\/v2\/media\/132446"}],"wp:attachment":[{"href":"https:\/\/namaki.fr\/de\/wp-json\/wp\/v2\/media?parent=132445"}],"wp:term":[{"taxonomy":"product_brand","embeddable":true,"href":"https:\/\/namaki.fr\/de\/wp-json\/wp\/v2\/product_brand?post=132445"},{"taxonomy":"product_cat","embeddable":true,"href":"https:\/\/namaki.fr\/de\/wp-json\/wp\/v2\/product_cat?post=132445"},{"taxonomy":"product_tag","embeddable":true,"href":"https:\/\/namaki.fr\/de\/wp-json\/wp\/v2\/product_tag?post=132445"}],"curies":[{"name":"wp","href":"https:\/\/api.w.org\/{rel}","templated":true}]}}