{"id":132450,"date":"2024-01-03T15:52:29","date_gmt":"2024-01-03T14:52:29","guid":{"rendered":"https:\/\/namaki.fr\/produit\/crayon-de-maquillage-bleu-110055\/"},"modified":"2025-01-06T11:39:36","modified_gmt":"2025-01-06T10:39:36","slug":"schminkstift-kinder-einzeln-blau","status":"publish","type":"product","link":"https:\/\/namaki.fr\/de\/produit\/crayon-de-maquillage-unite-bleu\/","title":{"rendered":"Schminkstift f\u00fcr Kinder einzeln \u2022 Blau"},"content":{"rendered":"<p>Mit unseren Kinderschminkstiften in Blau k\u00f6nnen Sie pr\u00e4zise Linien in einem vibrierenden Blau ziehen. Ob Ihr Kind ein Pirat der Meere sein will oder einfach nur seiner Kinderschminke einen Hauch von Abenteuer verleihen will \u2013 dieser Stift ist der perfekte Komplize.<\/p>\n<ul>\n<li>Blaue Farbe: zum Tr\u00e4umen in Meerestiefen und luftigen H\u00f6hen.<\/li>\n<li>Einfaches Auftragen: Die weiche Spitze des Stifts, die mit BIO-Kokosnuss\u00f6l formuliert wurde, garantiert Ihnen pr\u00e4zise Linien, ohne zu verschmieren.<\/li>\n<li>Hautfreundlich: Unsere Kinderschminkstifte wurden mit der Cosmos Bio-Zertifizierung ausgezeichnet, enthalten nat\u00fcrliche Inhaltsstoffe h\u00f6chster Qualit\u00e4t und wurden dermatologisch getestet.<\/li>\n<li>Sichere Anwendung: Die Kinderschminkstifte entsprechen der CE-Norm f\u00fcr Spielzeug.<\/li>\n<li>Einfaches Abschminken: die Kinderschminke l\u00e4sst sich mit Wasser und Seife entfernen.<\/li>\n<li>Umweltbewusst: \u00d6kologisch gestaltete und recycelbare Verpackung.<\/li>\n<\/ul>\n<p>&nbsp;<\/p>","protected":false},"excerpt":{"rendered":"<p>Hinuntergleiten in die Tiefen des Meeres oder zu H\u00f6henfl\u00fcgen aufbrechen \u2013 der Kinderschminkstift in Blau l\u00e4dt Sie zum Tr\u00e4umen und Reisen ein. Sie k\u00f6nnen ihn auf dem ganzen Gesicht Ihres Kindes oder stellenweise verwenden und sich in eine Fantasiewelt entf\u00fchren lassen. Bereit zum Abheben?<\/p>","protected":false},"featured_media":132451,"comment_status":"closed","ping_status":"closed","template":"","meta":{"_acf_changed":false},"product_brand":[],"product_cat":[34,36,44,45,51,336],"product_tag":[],"class_list":{"0":"post-132450","1":"product","2":"type-product","3":"status-publish","4":"has-post-thumbnail","6":"product_cat-maquillage-deguisement","7":"product_cat-univers-occasions","8":"product_cat-maquillage-carnaval","9":"product_cat-maquillage-super-heros","10":"product_cat-crayons-maquillage-enfant","11":"product_cat-maquillage-evenements-sportifs","12":"pa_certifications-vegan","13":"pa_certifications-cosmetique-bio-cosmos","14":"pa_points-forts-application-simple","15":"pa_points-forts-demaquillage-facile","17":"first","18":"instock","19":"taxable","20":"shipping-taxable","21":"purchasable","22":"product-type-simple"},"gallery_images":[132452,133125,132454,132453],"acf":[],"_links":{"self":[{"href":"https:\/\/namaki.fr\/de\/wp-json\/wp\/v2\/product\/132450","targetHints":{"allow":["GET"]}}],"collection":[{"href":"https:\/\/namaki.fr\/de\/wp-json\/wp\/v2\/product"}],"about":[{"href":"https:\/\/namaki.fr\/de\/wp-json\/wp\/v2\/types\/product"}],"replies":[{"embeddable":true,"href":"https:\/\/namaki.fr\/de\/wp-json\/wp\/v2\/comments?post=132450"}],"wp:featuredmedia":[{"embeddable":true,"href":"https:\/\/namaki.fr\/de\/wp-json\/wp\/v2\/media\/132451"}],"wp:attachment":[{"href":"https:\/\/namaki.fr\/de\/wp-json\/wp\/v2\/media?parent=132450"}],"wp:term":[{"taxonomy":"product_brand","embeddable":true,"href":"https:\/\/namaki.fr\/de\/wp-json\/wp\/v2\/product_brand?post=132450"},{"taxonomy":"product_cat","embeddable":true,"href":"https:\/\/namaki.fr\/de\/wp-json\/wp\/v2\/product_cat?post=132450"},{"taxonomy":"product_tag","embeddable":true,"href":"https:\/\/namaki.fr\/de\/wp-json\/wp\/v2\/product_tag?post=132450"}],"curies":[{"name":"wp","href":"https:\/\/api.w.org\/{rel}","templated":true}]}}