{"id":132455,"date":"2024-01-03T15:52:29","date_gmt":"2024-01-03T14:52:29","guid":{"rendered":"https:\/\/namaki.fr\/produit\/crayon-de-maquillage-rouge-110056\/"},"modified":"2025-01-06T11:39:44","modified_gmt":"2025-01-06T10:39:44","slug":"schminkstift-kinder-einzeln-rot","status":"publish","type":"product","link":"https:\/\/namaki.fr\/de\/produit\/crayon-de-maquillage-unite-rouge\/","title":{"rendered":"Schminkstift f\u00fcr Kinder einzeln \u2022 Rot"},"content":{"rendered":"<p>Eine kraftvolle und tiefe Farbe, mit der Sie Details hervorheben oder gar ein lachendes Teufelchen zum Leben zu erwecken k\u00f6nnen. Der Kinderschminkstift in Rot geh\u00f6rt zu den Must-haves in Ihrem Schminkkoffer.<\/p>\n<ul>\n<li>Rote Farbe: f\u00fcr eine feurige Kinderschminke.<\/li>\n<li>Einfaches Auftragen: Die weiche Spitze des Stifts, die mit BIO-Kokosnuss\u00f6l formuliert wurde, garantiert Ihnen pr\u00e4zise Linien, ohne zu verschmieren.<\/li>\n<li>Gesundheitsfreundlich: Unsere Kinderschminkstifte sind mit der Cosmos Bio-Zertifizierung ausgezeichnet, enthalten nat\u00fcrliche Inhaltsstoffe von h\u00f6chster Qualit\u00e4t und sind dermatologisch getestet.<\/li>\n<li>Sichere Anwendung: Die Kinderschminkstifte entsprechen der CE-Norm f\u00fcr Spielzeug.<\/li>\n<li>Einfaches Abschminken: die Kinderschminke l\u00e4sst sich mit Wasser und Seife entfernen.<\/li>\n<li>Umweltbewusst: \u00d6kologisch gestaltete und recycelbare Verpackung.<\/li>\n<\/ul>\n<p>&nbsp;<\/p>","protected":false},"excerpt":{"rendered":"<p>Setzen Sie auf die Schminkstifte in Rot f\u00fcr Kinderschminke voller Leidenschaft oder Zorn. Nat\u00fcrlich eignet sich diese Farbe auch f\u00fcr monstr\u00f6se Kreaturen. Aber machen Sie sich keine Sorgen: unser Bio-zertifiziertes Rot will Ihnen nichts B\u00f6ses!<\/p>","protected":false},"featured_media":132456,"comment_status":"closed","ping_status":"closed","template":"","meta":{"_acf_changed":false},"product_brand":[],"product_cat":[34,36,44,45,51,336],"product_tag":[],"class_list":{"0":"post-132455","1":"product","2":"type-product","3":"status-publish","4":"has-post-thumbnail","6":"product_cat-maquillage-deguisement","7":"product_cat-univers-occasions","8":"product_cat-maquillage-carnaval","9":"product_cat-maquillage-super-heros","10":"product_cat-crayons-maquillage-enfant","11":"product_cat-maquillage-evenements-sportifs","12":"pa_certifications-cosmetique-bio-cosmos","13":"pa_points-forts-application-simple","14":"pa_points-forts-demaquillage-facile","16":"first","17":"instock","18":"taxable","19":"shipping-taxable","20":"purchasable","21":"product-type-simple"},"gallery_images":[132457,133131,132458,132459],"acf":[],"_links":{"self":[{"href":"https:\/\/namaki.fr\/de\/wp-json\/wp\/v2\/product\/132455","targetHints":{"allow":["GET"]}}],"collection":[{"href":"https:\/\/namaki.fr\/de\/wp-json\/wp\/v2\/product"}],"about":[{"href":"https:\/\/namaki.fr\/de\/wp-json\/wp\/v2\/types\/product"}],"replies":[{"embeddable":true,"href":"https:\/\/namaki.fr\/de\/wp-json\/wp\/v2\/comments?post=132455"}],"wp:featuredmedia":[{"embeddable":true,"href":"https:\/\/namaki.fr\/de\/wp-json\/wp\/v2\/media\/132456"}],"wp:attachment":[{"href":"https:\/\/namaki.fr\/de\/wp-json\/wp\/v2\/media?parent=132455"}],"wp:term":[{"taxonomy":"product_brand","embeddable":true,"href":"https:\/\/namaki.fr\/de\/wp-json\/wp\/v2\/product_brand?post=132455"},{"taxonomy":"product_cat","embeddable":true,"href":"https:\/\/namaki.fr\/de\/wp-json\/wp\/v2\/product_cat?post=132455"},{"taxonomy":"product_tag","embeddable":true,"href":"https:\/\/namaki.fr\/de\/wp-json\/wp\/v2\/product_tag?post=132455"}],"curies":[{"name":"wp","href":"https:\/\/api.w.org\/{rel}","templated":true}]}}