{"id":132465,"date":"2024-01-03T15:52:29","date_gmt":"2024-01-03T14:52:29","guid":{"rendered":"https:\/\/namaki.fr\/produit\/crayon-de-maquillage-argent-110062\/"},"modified":"2025-01-06T11:41:48","modified_gmt":"2025-01-06T10:41:48","slug":"schminkstift-kinder-einzeln-silber","status":"publish","type":"product","link":"https:\/\/namaki.fr\/de\/produit\/crayon-de-maquillage-a-lunite-argent\/","title":{"rendered":"Schminkstift f\u00fcr Kinder einzeln \u2022  Silber"},"content":{"rendered":"<p>Die Kinderschminkstifte in Silber sind der perfekte Begleiter f\u00fcr ein schimmerndes Kost\u00fcm. Mit ihnen k\u00f6nnen Sie die Schuppen einer Meerjungfrau, die Krone einer Prinzessin oder die R\u00fcstung eines Ritters zum Gl\u00e4nzen bringen.<\/p>\n<ul>\n<li>Silberne Farbe: um dem Gesicht Glanz zu verleihen.<\/li>\n<li>Einfaches Auftragen: Die weiche Spitze des Stifts, die mit BIO-Kokosnuss\u00f6l formuliert wurde, garantiert Ihnen pr\u00e4zise Linien, ohne zu verschmieren.<\/li>\n<li>Hautfreundlich: Unsere Kinderschminkstifte wurden mit der Cosmos Bio-Zertifizierung ausgezeichnet, enthalten nat\u00fcrliche Inhaltsstoffe h\u00f6chster Qualit\u00e4t und wurden dermatologisch getestet.<\/li>\n<li>Sichere Anwendung: Die Kinderschminkstifte entsprechen der CE-Norm f\u00fcr Spielzeug.<\/li>\n<li>Einfaches Abschminken: die Kinderschminke l\u00e4sst sich mit Wasser und Seife entfernen.<\/li>\n<li>Umweltbewusst: \u00d6kologisch gestaltete und recycelbare Verpackung.<\/li>\n<\/ul>\n<p>&nbsp;<\/p>","protected":false},"excerpt":{"rendered":"<p>Die Schminkstifte f\u00fcr Kinder in Silber entf\u00fchren Sie und Ihre Liebsten in eine magische Welt, in der die Kinderschminke wie im Mondlicht glitzert. Verwenden Sie die Stifte gro\u00dffl\u00e4chig auf dem ganzen Gesicht, um Ihr Kind in einen Roboter zu verwandeln oder tragen Sie die Farbe punktuell auf, damit sie wie die Sterne am Nachthimmel funkelt.<\/p>","protected":false},"featured_media":132466,"comment_status":"closed","ping_status":"closed","template":"","meta":{"_acf_changed":false},"product_brand":[],"product_cat":[34,36,45,47,51],"product_tag":[],"class_list":{"0":"post-132465","1":"product","2":"type-product","3":"status-publish","4":"has-post-thumbnail","6":"product_cat-maquillage-deguisement","7":"product_cat-univers-occasions","8":"product_cat-maquillage-super-heros","9":"product_cat-maquillage-feerique","10":"product_cat-crayons-maquillage-enfant","11":"pa_certifications-vegan","12":"pa_certifications-cosmetique-bio-cosmos","13":"pa_points-forts-application-simple","14":"pa_points-forts-demaquillage-facile","16":"first","17":"instock","18":"taxable","19":"shipping-taxable","20":"purchasable","21":"product-type-simple"},"gallery_images":[132467,133005,132468,132469],"acf":[],"_links":{"self":[{"href":"https:\/\/namaki.fr\/de\/wp-json\/wp\/v2\/product\/132465","targetHints":{"allow":["GET"]}}],"collection":[{"href":"https:\/\/namaki.fr\/de\/wp-json\/wp\/v2\/product"}],"about":[{"href":"https:\/\/namaki.fr\/de\/wp-json\/wp\/v2\/types\/product"}],"replies":[{"embeddable":true,"href":"https:\/\/namaki.fr\/de\/wp-json\/wp\/v2\/comments?post=132465"}],"wp:featuredmedia":[{"embeddable":true,"href":"https:\/\/namaki.fr\/de\/wp-json\/wp\/v2\/media\/132466"}],"wp:attachment":[{"href":"https:\/\/namaki.fr\/de\/wp-json\/wp\/v2\/media?parent=132465"}],"wp:term":[{"taxonomy":"product_brand","embeddable":true,"href":"https:\/\/namaki.fr\/de\/wp-json\/wp\/v2\/product_brand?post=132465"},{"taxonomy":"product_cat","embeddable":true,"href":"https:\/\/namaki.fr\/de\/wp-json\/wp\/v2\/product_cat?post=132465"},{"taxonomy":"product_tag","embeddable":true,"href":"https:\/\/namaki.fr\/de\/wp-json\/wp\/v2\/product_tag?post=132465"}],"curies":[{"name":"wp","href":"https:\/\/api.w.org\/{rel}","templated":true}]}}