{"id":132475,"date":"2024-01-03T15:52:29","date_gmt":"2024-01-03T14:52:29","guid":{"rendered":"https:\/\/namaki.fr\/produit\/crayon-de-maquillage-turquoise-110064\/"},"modified":"2025-01-06T11:41:20","modified_gmt":"2025-01-06T10:41:20","slug":"schminkstift-kinder-einzeln-tuerkis","status":"publish","type":"product","link":"https:\/\/namaki.fr\/de\/produit\/crayon-de-maquillage-unite-turquoise\/","title":{"rendered":"Schminkstift f\u00fcr Kinder einzeln \u2022 T\u00fcrkis"},"content":{"rendered":"<p>Unsere Kinderschminkstifte in T\u00fcrkis sind wie ein glitzernder Wassertropfen vom Grund des Ozeans. Begeben Sie sich auf eine Reise unter die Wellen und machen Sie sich bereit f\u00fcr ein Wasserabenteuer voller Farben und Fantasie.<\/p>\n<ul>\n<li>T\u00fcrkise Farbe: Um durch eine Flut von Farben zu navigieren.<\/li>\n<li>Einfaches Auftragen: Die weiche Spitze des Stifts, die mit BIO-Kokosnuss\u00f6l formuliert wurde, garantiert Ihnen pr\u00e4zise Linien, ohne zu verschmieren.<\/li>\n<li>Hautfreundlich: Unsere Kinderschminkstifte wurden mit der Cosmos Bio-Zertifizierung ausgezeichnet, enthalten nat\u00fcrliche Inhaltsstoffe h\u00f6chster Qualit\u00e4t und wurden dermatologisch getestet.<\/li>\n<li>Sichere Anwendung: Die Kinderschminkstifte entsprechen der CE-Norm f\u00fcr Spielzeug.<\/li>\n<li>Einfaches Abschminken: die Kinderschminke l\u00e4sst sich mit Wasser und Seife entfernen.<\/li>\n<li>Umweltbewusst: \u00d6kologisch gestaltete und recycelbare Verpackung.<\/li>\n<\/ul>\n<p>&nbsp;<\/p>","protected":false},"excerpt":{"rendered":"<p>Dank ihrer spritzigen Farbe erlauben die Schminkstifte f\u00fcr Kinder in T\u00fcrkis allerlei Verr\u00fccktheiten! Mit ihrer Bio-Formulierung sind sie die idealen Verb\u00fcndeten f\u00fcr Wasserabenteuer oder traumhafte M\u00e4rchen.<\/p>","protected":false},"featured_media":132476,"comment_status":"closed","ping_status":"closed","template":"","meta":{"_acf_changed":false},"product_brand":[],"product_cat":[51,34,36,47],"product_tag":[],"class_list":{"0":"post-132475","1":"product","2":"type-product","3":"status-publish","4":"has-post-thumbnail","6":"product_cat-crayons-maquillage-enfant","7":"product_cat-maquillage-deguisement","8":"product_cat-univers-occasions","9":"product_cat-maquillage-feerique","10":"pa_certifications-vegan","11":"pa_certifications-cosmetique-bio-cosmos","12":"pa_points-forts-application-simple","13":"pa_points-forts-demaquillage-facile","15":"first","16":"instock","17":"taxable","18":"shipping-taxable","19":"purchasable","20":"product-type-simple"},"gallery_images":[132477,133008,132478,132479],"acf":[],"_links":{"self":[{"href":"https:\/\/namaki.fr\/de\/wp-json\/wp\/v2\/product\/132475","targetHints":{"allow":["GET"]}}],"collection":[{"href":"https:\/\/namaki.fr\/de\/wp-json\/wp\/v2\/product"}],"about":[{"href":"https:\/\/namaki.fr\/de\/wp-json\/wp\/v2\/types\/product"}],"replies":[{"embeddable":true,"href":"https:\/\/namaki.fr\/de\/wp-json\/wp\/v2\/comments?post=132475"}],"wp:featuredmedia":[{"embeddable":true,"href":"https:\/\/namaki.fr\/de\/wp-json\/wp\/v2\/media\/132476"}],"wp:attachment":[{"href":"https:\/\/namaki.fr\/de\/wp-json\/wp\/v2\/media?parent=132475"}],"wp:term":[{"taxonomy":"product_brand","embeddable":true,"href":"https:\/\/namaki.fr\/de\/wp-json\/wp\/v2\/product_brand?post=132475"},{"taxonomy":"product_cat","embeddable":true,"href":"https:\/\/namaki.fr\/de\/wp-json\/wp\/v2\/product_cat?post=132475"},{"taxonomy":"product_tag","embeddable":true,"href":"https:\/\/namaki.fr\/de\/wp-json\/wp\/v2\/product_tag?post=132475"}],"curies":[{"name":"wp","href":"https:\/\/api.w.org\/{rel}","templated":true}]}}