{"id":132490,"date":"2024-01-03T15:52:47","date_gmt":"2024-01-03T14:52:47","guid":{"rendered":"https:\/\/namaki.fr\/produit\/crayon-de-maquillage-orange-110099\/"},"modified":"2025-01-06T11:38:42","modified_gmt":"2025-01-06T10:38:42","slug":"schminkstift-kinder-einzeln-orange","status":"publish","type":"product","link":"https:\/\/namaki.fr\/de\/produit\/crayon-de-maquillage-unite-orange\/","title":{"rendered":"Schminkstift f\u00fcr Kinder einzeln \u2022 Orange"},"content":{"rendered":"<p>Mit den Kinderschminkstiften in Orange sind Ihnen keine Grenzen gesetzt: Ein Fell f\u00fcr eine wilde Kinderschminke? Ein K\u00fcrbis f\u00fcr Halloween oder Herbstlaub f\u00fcr eine Verkleidung in den Farben der Jahreszeiten? Sie haben die Wahl!<\/p>\n<ul>\n<li>Die Farbe Orange: um Ihre Kinderschminke zu entfachen.<\/li>\n<li>Einfaches Auftragen: Die weiche Spitze des Stifts, die mit BIO-Kokosnuss\u00f6l formuliert wurde, garantiert Ihnen pr\u00e4zise Linien, ohne zu verschmieren.<\/li>\n<li>Hautfreundlich: Unsere Kinderschminkstifte wurden mit der Cosmos Bio-Zertifizierung ausgezeichnet, enthalten nat\u00fcrliche Inhaltsstoffe h\u00f6chster Qualit\u00e4t und wurden dermatologisch getestet.<\/li>\n<li>Sichere Anwendung: Die Kinderschminkstifte entsprechen der CE-Norm f\u00fcr Spielzeug.<\/li>\n<li>Einfaches Abschminken: die Kinderschminke l\u00e4sst sich mit Wasser und Seife entfernen.<\/li>\n<li>Umweltbewusst: \u00d6kologisch gestaltete und recycelbare Verpackung.<\/li>\n<\/ul>\n<p>&nbsp;<\/p>","protected":false},"excerpt":{"rendered":"<p>Die Schminkstifte f\u00fcr Kinder in Orange sind nicht nur ein Muss, um Halloween-K\u00fcrbisse zu zeichnen, sondern auch ideal, um kinderleicht sch\u00f6ne Pelze und Felle von niedlichen oder wilden Tieren zu kreieren...Grrrr!<\/p>","protected":false},"featured_media":132491,"comment_status":"closed","ping_status":"closed","template":"","meta":{"_acf_changed":false},"product_brand":[],"product_cat":[51,34,36,48],"product_tag":[],"class_list":{"0":"post-132490","1":"product","2":"type-product","3":"status-publish","4":"has-post-thumbnail","6":"product_cat-crayons-maquillage-enfant","7":"product_cat-maquillage-deguisement","8":"product_cat-univers-occasions","9":"product_cat-maquillage-animaux","10":"pa_certifications-vegan","11":"pa_certifications-cosmetique-bio-cosmos","12":"pa_points-forts-application-simple","13":"pa_points-forts-demaquillage-facile","15":"first","16":"instock","17":"taxable","18":"shipping-taxable","19":"purchasable","20":"product-type-simple"},"gallery_images":[132492,133130,132493,132494],"acf":[],"_links":{"self":[{"href":"https:\/\/namaki.fr\/de\/wp-json\/wp\/v2\/product\/132490","targetHints":{"allow":["GET"]}}],"collection":[{"href":"https:\/\/namaki.fr\/de\/wp-json\/wp\/v2\/product"}],"about":[{"href":"https:\/\/namaki.fr\/de\/wp-json\/wp\/v2\/types\/product"}],"replies":[{"embeddable":true,"href":"https:\/\/namaki.fr\/de\/wp-json\/wp\/v2\/comments?post=132490"}],"wp:featuredmedia":[{"embeddable":true,"href":"https:\/\/namaki.fr\/de\/wp-json\/wp\/v2\/media\/132491"}],"wp:attachment":[{"href":"https:\/\/namaki.fr\/de\/wp-json\/wp\/v2\/media?parent=132490"}],"wp:term":[{"taxonomy":"product_brand","embeddable":true,"href":"https:\/\/namaki.fr\/de\/wp-json\/wp\/v2\/product_brand?post=132490"},{"taxonomy":"product_cat","embeddable":true,"href":"https:\/\/namaki.fr\/de\/wp-json\/wp\/v2\/product_cat?post=132490"},{"taxonomy":"product_tag","embeddable":true,"href":"https:\/\/namaki.fr\/de\/wp-json\/wp\/v2\/product_tag?post=132490"}],"curies":[{"name":"wp","href":"https:\/\/api.w.org\/{rel}","templated":true}]}}