{"id":132500,"date":"2024-01-03T15:52:29","date_gmt":"2024-01-03T14:52:29","guid":{"rendered":"https:\/\/namaki.fr\/produit\/crayon-de-maquillage-6-couleurs-arc-en-ciel-110060\/"},"modified":"2025-01-06T11:44:42","modified_gmt":"2025-01-06T10:44:42","slug":"schminkstifte-kinder-6-farben-regenbogen","status":"publish","type":"product","link":"https:\/\/namaki.fr\/de\/produit\/crayon-de-maquillage-6-couleurs-arc-en-ciel\/","title":{"rendered":"Schminkstifte f\u00fcr Kinder 6 Farben \u2022 Regenbogen"},"content":{"rendered":"<p>Sind Sie bereit, Ihrem Tag einen Hauch von bunter Magie zu verleihen? Das 6er-Set Regenbogen-Kinderschminkstifte ist dazu da, um das Gesicht Ihres Kindes im Nu in ein Kunstwerk zu verwandeln! Mit den Farben Rot, Blau, Gr\u00fcn, Gelb, Wei\u00df und Schwarz haben Sie alles, was Sie brauchen, um Ihrer Kreativit\u00e4t freien Lauf zu lassen.<\/p>\n<ul>\n<li>Einfaches Auftragen: Die weiche Spitze des Stifts, die mit BIO-Kokosnuss\u00f6l formuliert wurde, garantiert Ihnen pr\u00e4zise Linien, ohne zu verschmieren.<\/li>\n<li>Hautfreundlich: Unsere Kinderschminkstifte wurden mit der Cosmos Bio-Zertifizierung ausgezeichnet, enthalten nat\u00fcrliche Inhaltsstoffe h\u00f6chster Qualit\u00e4t und wurden dermatologisch getestet.<\/li>\n<li>Sichere Anwendung: Die Kinderschminkstifte entsprechen der CE-Norm f\u00fcr Spielzeug.<\/li>\n<li>Einfaches Abschminken: die Kinderschminke l\u00e4sst sich mit Wasser und Seife entfernen.<\/li>\n<li>Umweltbewusst: \u00d6kologisch gestaltete und recycelbare Verpackung.<\/li>\n<\/ul>\n<p>Mit dem 6er-Set Schminkstifte Kinder Regenbogen verwandelt sich Ihr Kind in einen kleinen K\u00fcnstler und kann das Leben in allen seinen Farben erkunden!<\/p>","protected":false},"excerpt":{"rendered":"<p>In diesem Set finden Sie 6 Schminkstifte f\u00fcr Kinder im Jumboformat, mit denen Sie ein farbliches Feuerwerk entfachen k\u00f6nnen. Gelb, Rot, Wei\u00df, Blau, Schwarz und Gr\u00fcn...Wie ein Maler vor seiner Leinwand k\u00f6nnen Sie Ihrer Kreativit\u00e4t freien Lauf lassen.<\/p>","protected":false},"featured_media":132501,"comment_status":"closed","ping_status":"closed","template":"","meta":{"_acf_changed":false},"product_brand":[],"product_cat":[51,34,36,44,293],"product_tag":[],"class_list":{"0":"post-132500","1":"product","2":"type-product","3":"status-publish","4":"has-post-thumbnail","6":"product_cat-crayons-maquillage-enfant","7":"product_cat-maquillage-deguisement","8":"product_cat-univers-occasions","9":"product_cat-maquillage-carnaval","10":"product_cat-meilleures-ventes","11":"pa_certifications-cosmetique-bio-cosmos","12":"pa_points-forts-application-simple","13":"pa_points-forts-demaquillage-facile","15":"first","16":"instock","17":"taxable","18":"shipping-taxable","19":"purchasable","20":"product-type-simple"},"gallery_images":[132502,132503,132504,132505,132506,132507],"acf":[],"_links":{"self":[{"href":"https:\/\/namaki.fr\/de\/wp-json\/wp\/v2\/product\/132500","targetHints":{"allow":["GET"]}}],"collection":[{"href":"https:\/\/namaki.fr\/de\/wp-json\/wp\/v2\/product"}],"about":[{"href":"https:\/\/namaki.fr\/de\/wp-json\/wp\/v2\/types\/product"}],"replies":[{"embeddable":true,"href":"https:\/\/namaki.fr\/de\/wp-json\/wp\/v2\/comments?post=132500"}],"wp:featuredmedia":[{"embeddable":true,"href":"https:\/\/namaki.fr\/de\/wp-json\/wp\/v2\/media\/132501"}],"wp:attachment":[{"href":"https:\/\/namaki.fr\/de\/wp-json\/wp\/v2\/media?parent=132500"}],"wp:term":[{"taxonomy":"product_brand","embeddable":true,"href":"https:\/\/namaki.fr\/de\/wp-json\/wp\/v2\/product_brand?post=132500"},{"taxonomy":"product_cat","embeddable":true,"href":"https:\/\/namaki.fr\/de\/wp-json\/wp\/v2\/product_cat?post=132500"},{"taxonomy":"product_tag","embeddable":true,"href":"https:\/\/namaki.fr\/de\/wp-json\/wp\/v2\/product_tag?post=132500"}],"curies":[{"name":"wp","href":"https:\/\/api.w.org\/{rel}","templated":true}]}}