{"id":132508,"date":"2024-01-03T15:52:29","date_gmt":"2024-01-03T14:52:29","guid":{"rendered":"https:\/\/namaki.fr\/produit\/crayon-de-maquillage-6-couleurs-mondes-enchantes-110067\/"},"modified":"2025-01-06T11:44:50","modified_gmt":"2025-01-06T10:44:50","slug":"schminkstifte-kinder-6-farben-verzauberte-welten","status":"publish","type":"product","link":"https:\/\/namaki.fr\/de\/produit\/crayons-de-maquillage-6-couleurs-monde-enchante\/","title":{"rendered":"Schminkstifte f\u00fcr Kinder 6 Farben \u2022 Verzauberte Welten"},"content":{"rendered":"<p>Haben Sie Lust, in die bezaubernde Welt der kreativen Kinderschminke einzutauchen? Unser Set mit 6 Kinderschminkstiften Verzauberte Welten in den Farben Violett, Fuchsia, T\u00fcrkis, Rosa, Silber und Gold entf\u00fchrt Sie auf eine magische Reise ins M\u00e4rchenland.<\/p>\n<ul>\n<li>Einfaches Auftragen: Die weiche Spitze des Stifts, die mit BIO-Kokosnuss\u00f6l formuliert wurde, garantiert Ihnen pr\u00e4zise Linien, ohne zu verschmieren.<\/li>\n<li>Hautfreundlich: Unsere Kinderschminkstifte wurden mit der Cosmos Bio-Zertifizierung ausgezeichnet, enthalten nat\u00fcrliche Inhaltsstoffe h\u00f6chster Qualit\u00e4t und wurden dermatologisch getestet.<\/li>\n<li>Sichere Anwendung: Die Kinderschminkstifte entsprechen der CE-Norm f\u00fcr Spielzeug.<\/li>\n<li>Einfaches Abschminken: die Kinderschminke l\u00e4sst sich mit Wasser und Seife entfernen.<\/li>\n<li>Umweltbewusst: \u00d6kologisch gestaltete und recycelbare Verpackung.<\/li>\n<\/ul>\n<p>Erleben Sie mit den Kinderschminkstiften von Namaki ein M\u00e4rchen im Alltag!<\/p>","protected":false},"excerpt":{"rendered":"<p>Welche m\u00e4rchenhafte Figur oder welches Tier soll es sein? Mit dem 6er-Set der Kinderschminkstifte Verzauberte Welten im Jumbo-Format ist es, als h\u00e4tten Sie einen Zauberstab in der Hand. Mit den Stiften in Silber, T\u00fcrkis, Fuchsia, Gold, Rosa und Violett k\u00f6nnen Sie sich und\/oder Ihr Kind in einen Prinzen, einen Schmetterling, eine Fee oder ein Einhorn verwandeln.<\/p>","protected":false},"featured_media":132509,"comment_status":"closed","ping_status":"closed","template":"","meta":{"_acf_changed":false},"product_brand":[],"product_cat":[51,34,36,47,293],"product_tag":[],"class_list":{"0":"post-132508","1":"product","2":"type-product","3":"status-publish","4":"has-post-thumbnail","6":"product_cat-crayons-maquillage-enfant","7":"product_cat-maquillage-deguisement","8":"product_cat-univers-occasions","9":"product_cat-maquillage-feerique","10":"product_cat-meilleures-ventes","11":"pa_certifications-cosmetique-bio-cosmos","12":"pa_points-forts-application-simple","13":"pa_points-forts-demaquillage-facile","15":"first","16":"instock","17":"taxable","18":"shipping-taxable","19":"purchasable","20":"product-type-simple"},"gallery_images":[132510,132511,132512,132513,132514,132515],"acf":[],"_links":{"self":[{"href":"https:\/\/namaki.fr\/de\/wp-json\/wp\/v2\/product\/132508","targetHints":{"allow":["GET"]}}],"collection":[{"href":"https:\/\/namaki.fr\/de\/wp-json\/wp\/v2\/product"}],"about":[{"href":"https:\/\/namaki.fr\/de\/wp-json\/wp\/v2\/types\/product"}],"replies":[{"embeddable":true,"href":"https:\/\/namaki.fr\/de\/wp-json\/wp\/v2\/comments?post=132508"}],"wp:featuredmedia":[{"embeddable":true,"href":"https:\/\/namaki.fr\/de\/wp-json\/wp\/v2\/media\/132509"}],"wp:attachment":[{"href":"https:\/\/namaki.fr\/de\/wp-json\/wp\/v2\/media?parent=132508"}],"wp:term":[{"taxonomy":"product_brand","embeddable":true,"href":"https:\/\/namaki.fr\/de\/wp-json\/wp\/v2\/product_brand?post=132508"},{"taxonomy":"product_cat","embeddable":true,"href":"https:\/\/namaki.fr\/de\/wp-json\/wp\/v2\/product_cat?post=132508"},{"taxonomy":"product_tag","embeddable":true,"href":"https:\/\/namaki.fr\/de\/wp-json\/wp\/v2\/product_tag?post=132508"}],"curies":[{"name":"wp","href":"https:\/\/api.w.org\/{rel}","templated":true}]}}