{"id":132516,"date":"2024-01-03T15:52:47","date_gmt":"2024-01-03T14:52:47","guid":{"rendered":"https:\/\/namaki.fr\/produit\/crayon-de-maquillage-6-couleurs-monde-des-horreurs-110101\/"},"modified":"2026-04-30T14:28:46","modified_gmt":"2026-04-30T12:28:46","slug":"schminstifte-kinder-6-farben-horrorwelten","status":"publish","type":"product","link":"https:\/\/namaki.fr\/de\/produit\/crayons-de-maquillage-6-couleurs-monde-horreur\/","title":{"rendered":"Schminkstifte 6 Farben - Horrorwelten"},"content":{"rendered":"<p>Entdecken Sie Ihre dunkle Seite mit unserem 6er-Set der Kinderschminkstifte \"Horrorwelten\". Die Stifte in den Farben Schwarz, Rosa, Orange, Rot, Wei\u00df und Violett sind Ihre magischen Werkzeuge, mit denen Sie im Handumdrehen pr\u00e4zise Linien, gruselige Muster und sogar Monstergesichter zeichnen k\u00f6nnen.<\/p>\n<ul>\n<li>Einfaches Auftragen: Die weiche Spitze des Stifts, die mit BIO-Kokosnuss\u00f6l formuliert wurde, garantiert Ihnen pr\u00e4zise Linien, ohne zu verschmieren.<\/li>\n<li>Hautfreundlich: Unsere Kinderschminkstifte wurden mit der Cosmos Bio-Zertifizierung ausgezeichnet, enthalten nat\u00fcrliche Inhaltsstoffe h\u00f6chster Qualit\u00e4t und wurden dermatologisch getestet.<\/li>\n<li>Sichere Anwendung: Die Kinderschminkstifte entsprechen der CE-Norm f\u00fcr Spielzeug.<\/li>\n<li>Einfaches Abschminken: die Kinderschminke l\u00e4sst sich mit Wasser und Seife entfernen.<\/li>\n<li>Umweltbewusst: \u00d6kologisch gestaltete und recycelbare Verpackung.<\/li>\n<\/ul>\n<p>Mit dem 6er-Set der Kinderschminkstifte \"Horrorwelt\" machen Sie einen spielerischen Ausflug in die Welt des B\u00f6sen.<\/p>","protected":false},"excerpt":{"rendered":"<p>Das Set mit 6 Schminkstiften f\u00fcr die Halloween-Welt enth\u00e4lt die Farben Wei\u00df, Schwarz, Orange, Violett, Pink und Rot \u2013 alles, was Ihre Kinder zum Gruseln brauchen! Damit k\u00f6nnen sie ihre schrecklichsten Zauberspr\u00fcche aussprechen. In Namakis Horrorwelten haben sie das Sagen \u2013 da kann die alte Hexe ihre Kessel und Zaubertr\u00e4nke einpacken!<\/p>","protected":false},"featured_media":132517,"comment_status":"closed","ping_status":"closed","template":"","meta":{"_acf_changed":false},"product_brand":[],"product_cat":[51,34,36,46],"product_tag":[],"class_list":{"0":"post-132516","1":"product","2":"type-product","3":"status-publish","4":"has-post-thumbnail","6":"product_cat-crayons-maquillage-enfant","7":"product_cat-maquillage-deguisement","8":"product_cat-univers-occasions","9":"product_cat-maquillage-halloween","10":"pa_certifications-cosmetique-bio-cosmos","11":"pa_points-forts-application-simple","12":"pa_points-forts-demaquillage-facile","14":"first","15":"instock","16":"taxable","17":"shipping-taxable","18":"purchasable","19":"product-type-simple"},"gallery_images":[132518,132519,132520,132521,132522,132523],"acf":[],"_links":{"self":[{"href":"https:\/\/namaki.fr\/de\/wp-json\/wp\/v2\/product\/132516","targetHints":{"allow":["GET"]}}],"collection":[{"href":"https:\/\/namaki.fr\/de\/wp-json\/wp\/v2\/product"}],"about":[{"href":"https:\/\/namaki.fr\/de\/wp-json\/wp\/v2\/types\/product"}],"replies":[{"embeddable":true,"href":"https:\/\/namaki.fr\/de\/wp-json\/wp\/v2\/comments?post=132516"}],"wp:featuredmedia":[{"embeddable":true,"href":"https:\/\/namaki.fr\/de\/wp-json\/wp\/v2\/media\/132517"}],"wp:attachment":[{"href":"https:\/\/namaki.fr\/de\/wp-json\/wp\/v2\/media?parent=132516"}],"wp:term":[{"taxonomy":"product_brand","embeddable":true,"href":"https:\/\/namaki.fr\/de\/wp-json\/wp\/v2\/product_brand?post=132516"},{"taxonomy":"product_cat","embeddable":true,"href":"https:\/\/namaki.fr\/de\/wp-json\/wp\/v2\/product_cat?post=132516"},{"taxonomy":"product_tag","embeddable":true,"href":"https:\/\/namaki.fr\/de\/wp-json\/wp\/v2\/product_tag?post=132516"}],"curies":[{"name":"wp","href":"https:\/\/api.w.org\/{rel}","templated":true}]}}