{"id":132524,"date":"2024-01-03T15:52:47","date_gmt":"2024-01-03T14:52:47","guid":{"rendered":"https:\/\/namaki.fr\/produit\/crayon-de-maquillage-6-couleurs-mondes-intergalactiques-110102\/"},"modified":"2025-01-06T11:44:18","modified_gmt":"2025-01-06T10:44:18","slug":"schminkstifte-kinder-6-farben-intergalaktische-welten","status":"publish","type":"product","link":"https:\/\/namaki.fr\/de\/produit\/crayon-de-maquillage-6-couleurs-mondes-intergalactiques\/","title":{"rendered":"Schminkstifte f\u00fcr Kinder 6 Farben \u2022 Intergalaktische Welten"},"content":{"rendered":"<p>Sind Sie bereit f\u00fcr eine Reise ins Weltall oder in die Welt der Superhelden? Unser 6er-Set Kinderschminkstifte \"Intergalaktische Welten\" entf\u00fchrt Sie in ein kosmisches und heldenhaftes Universum aus den Farben Schwarz, Blau, Gr\u00fcn, Gold, Silber und Rot. Diese Stifte sind das perfekte Accessoire, um Ihr Kind wie eine Sternschnuppe strahlen zu lassen.<\/p>\n<ul>\n<li>Einfaches Auftragen: Die weiche Spitze des Stifts, die mit BIO-Kokosnuss\u00f6l formuliert wurde, garantiert Ihnen pr\u00e4zise Linien, ohne zu verschmieren.<\/li>\n<li>Hautfreundlich: Unsere Kinderschminkstifte wurden mit der Cosmos Bio-Zertifizierung ausgezeichnet, enthalten nat\u00fcrliche Inhaltsstoffe h\u00f6chster Qualit\u00e4t und wurden dermatologisch getestet.<\/li>\n<li>Sichere Anwendung: Die Kinderschminkstifte entsprechen der CE-Norm f\u00fcr Spielzeug.<\/li>\n<li>Einfaches Abschminken: die Kinderschminke l\u00e4sst sich mit Wasser und Seife entfernen.<\/li>\n<li>Umweltbewusst: \u00d6kologisch gestaltete und recycelbare Verpackung.<\/li>\n<\/ul>\n<p>Mit dem 6er-Set Kinderschminkstifte Intergalaktische Welten gehen Sie auf Entdeckungsreise in ferne Galaxien!<\/p>","protected":false},"excerpt":{"rendered":"<p>Batman und Spiderman w\u00e4ren nie ber\u00fchmt geworden, wenn sie ihre Gesichter nicht versteckt h\u00e4tten. Ihre Mission: eine Superhelden-Kinderschminke mithilfe des 6er-Sets der Schminkstifte Kinder im Jumboformat kreieren! Ihre Verb\u00fcndeten: Fuchsia, Gold, Silber, Rosa, Violett und T\u00fcrkis. Jetzt sind Sie dran!<\/p>","protected":false},"featured_media":132525,"comment_status":"closed","ping_status":"closed","template":"","meta":{"_acf_changed":false},"product_brand":[],"product_cat":[51,34,36,45],"product_tag":[],"class_list":{"0":"post-132524","1":"product","2":"type-product","3":"status-publish","4":"has-post-thumbnail","6":"product_cat-crayons-maquillage-enfant","7":"product_cat-maquillage-deguisement","8":"product_cat-univers-occasions","9":"product_cat-maquillage-super-heros","10":"pa_certifications-cosmetique-bio-cosmos","11":"pa_points-forts-application-simple","12":"pa_points-forts-demaquillage-facile","14":"first","15":"instock","16":"taxable","17":"shipping-taxable","18":"purchasable","19":"product-type-simple"},"gallery_images":[132526,132527,132528,132529,132530,132531],"acf":[],"_links":{"self":[{"href":"https:\/\/namaki.fr\/de\/wp-json\/wp\/v2\/product\/132524","targetHints":{"allow":["GET"]}}],"collection":[{"href":"https:\/\/namaki.fr\/de\/wp-json\/wp\/v2\/product"}],"about":[{"href":"https:\/\/namaki.fr\/de\/wp-json\/wp\/v2\/types\/product"}],"replies":[{"embeddable":true,"href":"https:\/\/namaki.fr\/de\/wp-json\/wp\/v2\/comments?post=132524"}],"wp:featuredmedia":[{"embeddable":true,"href":"https:\/\/namaki.fr\/de\/wp-json\/wp\/v2\/media\/132525"}],"wp:attachment":[{"href":"https:\/\/namaki.fr\/de\/wp-json\/wp\/v2\/media?parent=132524"}],"wp:term":[{"taxonomy":"product_brand","embeddable":true,"href":"https:\/\/namaki.fr\/de\/wp-json\/wp\/v2\/product_brand?post=132524"},{"taxonomy":"product_cat","embeddable":true,"href":"https:\/\/namaki.fr\/de\/wp-json\/wp\/v2\/product_cat?post=132524"},{"taxonomy":"product_tag","embeddable":true,"href":"https:\/\/namaki.fr\/de\/wp-json\/wp\/v2\/product_tag?post=132524"}],"curies":[{"name":"wp","href":"https:\/\/api.w.org\/{rel}","templated":true}]}}