{"id":132532,"date":"2024-01-03T15:52:47","date_gmt":"2024-01-03T14:52:47","guid":{"rendered":"https:\/\/namaki.fr\/produit\/crayon-de-maquillage-6-couleurs-vie-sauvage-110103\/"},"modified":"2025-01-06T11:44:30","modified_gmt":"2025-01-06T10:44:30","slug":"schminkstifte-kinder-6-farben-wilde-safari","status":"publish","type":"product","link":"https:\/\/namaki.fr\/de\/produit\/crayons-de-maquillage-6-couleurs-vie-sauvage\/","title":{"rendered":"Schminkstifte f\u00fcr Kinder 6 Farben \u2022 Wilde Safari"},"content":{"rendered":"<p>Machen Sie sich bereit f\u00fcr ein Abenteuer mit unserem 6er-Set Kinderschminkstifte Wilde Safari! Mit von der Natur inspirierten Farbt\u00f6nen wie Gr\u00fcn, Orange, Braun, Gold, Wei\u00df und Schwarz k\u00f6nnen Sie die Welt der kreativen Kinderschminke wie ein echter Abenteurer erkunden.<\/p>\n<ul>\n<li>Einfaches Auftragen: Die weiche Spitze des Stifts, die mit BIO-Kokosnuss\u00f6l formuliert wurde, garantiert Ihnen pr\u00e4zise Linien, ohne zu verschmieren.<\/li>\n<li>Hautfreundlich: Unsere Kinderschminkstifte wurden mit der Cosmos Bio-Zertifizierung ausgezeichnet, enthalten nat\u00fcrliche Inhaltsstoffe h\u00f6chster Qualit\u00e4t und wurden dermatologisch getestet.<\/li>\n<li>Sichere Anwendung: Die Kinderschminkstifte entsprechen der CE-Norm f\u00fcr Spielzeug.<\/li>\n<li>Einfaches Abschminken: die Kinderschminke l\u00e4sst sich mit Wasser und Seife entfernen.<\/li>\n<li>Umweltbewusst: \u00d6kologisch gestaltete und recycelbare Verpackung.<\/li>\n<\/ul>\n<p>Mit dem 6er-Set Kinderschminkstifte Wilde Safari schlie\u00dfen Sie sich dem Namaki-Stamm an!<\/p>","protected":false},"excerpt":{"rendered":"<p>Ihr Kind will der K\u00f6nig der Savanne sein? Die Schminkstifte f\u00fcr Kinder im 6er-Set sind genau das Richtige, um eine M\u00e4hne in Gold, Schwarz, Gr\u00fcn, Braun, Wei\u00df und Orange oder Flecken auf Tierfell zu  zeichnen. Jetzt m\u00fcssen Ihre Liebsten nur noch das Br\u00fcllen lernen.<\/p>","protected":false},"featured_media":132533,"comment_status":"closed","ping_status":"closed","template":"","meta":{"_acf_changed":false},"product_brand":[],"product_cat":[51,34,36,48],"product_tag":[],"class_list":{"0":"post-132532","1":"product","2":"type-product","3":"status-publish","4":"has-post-thumbnail","6":"product_cat-crayons-maquillage-enfant","7":"product_cat-maquillage-deguisement","8":"product_cat-univers-occasions","9":"product_cat-maquillage-animaux","10":"pa_certifications-vegan","11":"pa_certifications-cosmetique-bio-cosmos","12":"pa_points-forts-application-simple","13":"pa_points-forts-demaquillage-facile","15":"first","16":"instock","17":"taxable","18":"shipping-taxable","19":"purchasable","20":"product-type-simple"},"gallery_images":[132534,132535,132536,132537,132538,132539],"acf":[],"_links":{"self":[{"href":"https:\/\/namaki.fr\/de\/wp-json\/wp\/v2\/product\/132532","targetHints":{"allow":["GET"]}}],"collection":[{"href":"https:\/\/namaki.fr\/de\/wp-json\/wp\/v2\/product"}],"about":[{"href":"https:\/\/namaki.fr\/de\/wp-json\/wp\/v2\/types\/product"}],"replies":[{"embeddable":true,"href":"https:\/\/namaki.fr\/de\/wp-json\/wp\/v2\/comments?post=132532"}],"wp:featuredmedia":[{"embeddable":true,"href":"https:\/\/namaki.fr\/de\/wp-json\/wp\/v2\/media\/132533"}],"wp:attachment":[{"href":"https:\/\/namaki.fr\/de\/wp-json\/wp\/v2\/media?parent=132532"}],"wp:term":[{"taxonomy":"product_brand","embeddable":true,"href":"https:\/\/namaki.fr\/de\/wp-json\/wp\/v2\/product_brand?post=132532"},{"taxonomy":"product_cat","embeddable":true,"href":"https:\/\/namaki.fr\/de\/wp-json\/wp\/v2\/product_cat?post=132532"},{"taxonomy":"product_tag","embeddable":true,"href":"https:\/\/namaki.fr\/de\/wp-json\/wp\/v2\/product_tag?post=132532"}],"curies":[{"name":"wp","href":"https:\/\/api.w.org\/{rel}","templated":true}]}}