{"id":132540,"date":"2024-01-03T15:52:38","date_gmt":"2024-01-03T14:52:38","guid":{"rendered":"https:\/\/namaki.fr\/produit\/crayon-de-maquillage-supporter-bleu-blanc-rouge-110070\/"},"modified":"2024-10-09T10:17:28","modified_gmt":"2024-10-09T08:17:28","slug":"schminkstifte-kinder-fans-blau-weis-rot","status":"publish","type":"product","link":"https:\/\/namaki.fr\/de\/produit\/crayons-de-maquillage-supporter-bleu-blanc-rouge\/","title":{"rendered":"Schminkstifte f\u00fcr Fans | Blau-Wei\u00df-Rot"},"content":{"rendered":"<p>Mit dem 3er-Set der Fan-Kinderschminkstifte \"Blau \u2013 Wei\u00df \u2013 Rot\" offenbaren Sie und Ihre Liebsten echten Teamgeist! Egal, ob Sie Ihre Lieblingssportmannschaft anfeuern oder Ihrem Tag einen Hauch von Trikolore verleihen wollen, diese BIO-Kinderschminkstifte machen Sie zum Fan Nummer eins.<\/p>\n<ul>\n<li>Einfaches Auftragen: Die weiche Spitze des Stifts, die mit BIO-Kokosnuss\u00f6l formuliert wurde, garantiert Ihnen pr\u00e4zise Linien, ohne zu verschmieren.<\/li>\n<li>Hautfreundlich: Unsere Kinderschminkstifte wurden mit der Cosmos Bio-Zertifizierung ausgezeichnet, enthalten nat\u00fcrliche Inhaltsstoffe h\u00f6chster Qualit\u00e4t und wurden dermatologisch getestet.<\/li>\n<li>Sichere Anwendung: Die Kinderschminkstifte entsprechen der CE-Norm f\u00fcr Spielzeug.<\/li>\n<li>Einfaches Abschminken: die Kinderschminke l\u00e4sst sich mit Wasser und Seife entfernen.<\/li>\n<li>Umweltbewusst: \u00d6kologisch gestaltete und recycelbare Verpackung.<\/li>\n<\/ul>\n<p>Volltreffer!<\/p>","protected":false},"excerpt":{"rendered":"<p>Wollen Sie Frankreich oder Ihren Lieblingsverein in den Farben Blau, Wei\u00df und Rot unterst\u00fctzen? Dann sind die Schminkstifte Kinder Jumbo aus dem Fan-Set der Volltreffer! Dank ihrer einfachen Handhabung und ihrer weichen Spitze k\u00f6nnen Sie schnell und einfach dreifarbige Flaggen malen. Tooooor!<\/p>","protected":false},"featured_media":132541,"comment_status":"closed","ping_status":"closed","template":"","meta":{"_acf_changed":false},"product_brand":[],"product_cat":[51,34,36,336],"product_tag":[],"class_list":{"0":"post-132540","1":"product","2":"type-product","3":"status-publish","4":"has-post-thumbnail","6":"product_cat-crayons-maquillage-enfant","7":"product_cat-maquillage-deguisement","8":"product_cat-univers-occasions","9":"product_cat-maquillage-evenements-sportifs","10":"pa_certifications-cosmetique-bio-cosmos","11":"pa_points-forts-application-simple","12":"pa_points-forts-demaquillage-facile","14":"first","15":"instock","16":"taxable","17":"shipping-taxable","18":"purchasable","19":"product-type-simple"},"gallery_images":[132542,132543,132544,132545,132546,132547],"acf":[],"_links":{"self":[{"href":"https:\/\/namaki.fr\/de\/wp-json\/wp\/v2\/product\/132540","targetHints":{"allow":["GET"]}}],"collection":[{"href":"https:\/\/namaki.fr\/de\/wp-json\/wp\/v2\/product"}],"about":[{"href":"https:\/\/namaki.fr\/de\/wp-json\/wp\/v2\/types\/product"}],"replies":[{"embeddable":true,"href":"https:\/\/namaki.fr\/de\/wp-json\/wp\/v2\/comments?post=132540"}],"wp:featuredmedia":[{"embeddable":true,"href":"https:\/\/namaki.fr\/de\/wp-json\/wp\/v2\/media\/132541"}],"wp:attachment":[{"href":"https:\/\/namaki.fr\/de\/wp-json\/wp\/v2\/media?parent=132540"}],"wp:term":[{"taxonomy":"product_brand","embeddable":true,"href":"https:\/\/namaki.fr\/de\/wp-json\/wp\/v2\/product_brand?post=132540"},{"taxonomy":"product_cat","embeddable":true,"href":"https:\/\/namaki.fr\/de\/wp-json\/wp\/v2\/product_cat?post=132540"},{"taxonomy":"product_tag","embeddable":true,"href":"https:\/\/namaki.fr\/de\/wp-json\/wp\/v2\/product_tag?post=132540"}],"curies":[{"name":"wp","href":"https:\/\/api.w.org\/{rel}","templated":true}]}}