{"id":132556,"date":"2024-01-03T15:52:38","date_gmt":"2024-01-03T14:52:38","guid":{"rendered":"https:\/\/namaki.fr\/produit\/crayon-de-maquillage-supporter-vert-blanc-rouge-110072\/"},"modified":"2024-10-09T09:51:11","modified_gmt":"2024-10-09T07:51:11","slug":"schminkstifte-kinder-gruen-weiss-rot","status":"publish","type":"product","link":"https:\/\/namaki.fr\/de\/produit\/crayons-de-maquillage-supporter-vert-blanc-rouge\/","title":{"rendered":"Schminkstifte f\u00fcr Fans | Gr\u00fcn - Wei\u00df - Rot"},"content":{"rendered":"<p>Ob Sie Italien-Fan sind, Ihre Lieblingssportmannschaft anfeuern oder besondere Anl\u00e4sse mit festlichen Motiven feiern wollen \u2013 das 3er-Set Schminkstifte Kinder \"Gr\u00fcn \u2013 Wei\u00df \u2013 Rot\" passt sich perfekt den Pl\u00e4nen Ihrer Familie an. Die n\u00e4chsten Spieltage oder Nationalfeiertage k\u00f6nnen kommen!<\/p>\n<ul>\n<li>Einfaches Auftragen: Die weiche Spitze des Stifts, die mit BIO-Kokosnuss\u00f6l formuliert wurde, garantiert Ihnen pr\u00e4zise Linien, ohne zu verschmieren.<\/li>\n<li>Hautfreundlich: Unsere Kinderschminkstifte wurden mit der Cosmos Bio-Zertifizierung ausgezeichnet, enthalten nat\u00fcrliche Inhaltsstoffe h\u00f6chster Qualit\u00e4t und wurden dermatologisch getestet.<\/li>\n<li>Sichere Anwendung: Die Kinderschminkstifte entsprechen der CE-Norm f\u00fcr Spielzeug.<\/li>\n<li>Einfaches Abschminken: die Kinderschminke l\u00e4sst sich mit Wasser und Seife entfernen.<\/li>\n<li>Umweltbewusst: \u00d6kologisch gestaltete und recycelbare Verpackung.<\/li>\n<\/ul>\n<p>&nbsp;<\/p>","protected":false},"excerpt":{"rendered":"<p>Das Fan-Set Schminkstifte Kinder Gr\u00fcn, Wei\u00df, Rot ist ein Muss f\u00fcr alle Sportfans, die am Spielfeldrand oder vor dem Fernseher mit ihrer Lieblingsmannschaft mitfiebern.<\/p>","protected":false},"featured_media":132557,"comment_status":"closed","ping_status":"closed","template":"","meta":{"_acf_changed":false},"product_brand":[],"product_cat":[51,34,36,336],"product_tag":[],"class_list":{"0":"post-132556","1":"product","2":"type-product","3":"status-publish","4":"has-post-thumbnail","6":"product_cat-crayons-maquillage-enfant","7":"product_cat-maquillage-deguisement","8":"product_cat-univers-occasions","9":"product_cat-maquillage-evenements-sportifs","10":"pa_certifications-cosmetique-bio-cosmos","11":"pa_points-forts-application-simple","12":"pa_points-forts-demaquillage-facile","14":"first","15":"instock","16":"taxable","17":"shipping-taxable","18":"purchasable","19":"product-type-simple"},"gallery_images":[132558,132559,132560,132561,132562,132563],"acf":[],"_links":{"self":[{"href":"https:\/\/namaki.fr\/de\/wp-json\/wp\/v2\/product\/132556","targetHints":{"allow":["GET"]}}],"collection":[{"href":"https:\/\/namaki.fr\/de\/wp-json\/wp\/v2\/product"}],"about":[{"href":"https:\/\/namaki.fr\/de\/wp-json\/wp\/v2\/types\/product"}],"replies":[{"embeddable":true,"href":"https:\/\/namaki.fr\/de\/wp-json\/wp\/v2\/comments?post=132556"}],"wp:featuredmedia":[{"embeddable":true,"href":"https:\/\/namaki.fr\/de\/wp-json\/wp\/v2\/media\/132557"}],"wp:attachment":[{"href":"https:\/\/namaki.fr\/de\/wp-json\/wp\/v2\/media?parent=132556"}],"wp:term":[{"taxonomy":"product_brand","embeddable":true,"href":"https:\/\/namaki.fr\/de\/wp-json\/wp\/v2\/product_brand?post=132556"},{"taxonomy":"product_cat","embeddable":true,"href":"https:\/\/namaki.fr\/de\/wp-json\/wp\/v2\/product_cat?post=132556"},{"taxonomy":"product_tag","embeddable":true,"href":"https:\/\/namaki.fr\/de\/wp-json\/wp\/v2\/product_tag?post=132556"}],"curies":[{"name":"wp","href":"https:\/\/api.w.org\/{rel}","templated":true}]}}