{"id":132564,"date":"2024-01-03T15:52:38","date_gmt":"2024-01-03T14:52:38","guid":{"rendered":"https:\/\/namaki.fr\/produit\/mascara-cheveux-bleu-110073\/"},"modified":"2026-03-13T09:11:55","modified_gmt":"2026-03-13T08:11:55","slug":"haarmascara-blau","status":"publish","type":"product","link":"https:\/\/namaki.fr\/de\/produit\/mascara-cheveux-bleu\/","title":{"rendered":"Haarmascara Blau"},"content":{"rendered":"<p>Mit der blauen Haarmascara brauchen Sie nur ein paar B\u00fcrstenstriche, um Ihr Haar in eine strahlende, lebensfrohe Farbe zu tauchen.<\/p>\n<ul>\n<li>Einfaches Auftragen: Die integrierte B\u00fcrste zaubert in Sekundenschnelle wundersch\u00f6ne bunte Str\u00e4hnen in das Haar.<\/li>\n<li>Nat\u00fcrliche Formulierung: Auf der Basis von BIO-Aloe Vera garantiert die Formulierung Str\u00e4hnen in einem nat\u00fcrlich strahlenden Blau.<\/li>\n<li>Gesundheitsfreundlich: diese Haarmascara wurde mit der Cosmos Bio-Zertifizierung ausgezeichnet, enth\u00e4lt nat\u00fcrliche Inhaltsstoffe von h\u00f6chster Qualit\u00e4t und sorgt daf\u00fcr, dass Sie sich bei der Anwendung keine Sorgen um die Gesundheit Ihrer Kinder machen m\u00fcssen.<\/li>\n<li>Einfaches Abschminken: L\u00e4sst sich leicht mit Wasser und Shampoo entfernen.<\/li>\n<li>Engagement f\u00fcr die Umwelt: umweltfreundliche und recycelbare Verpackung.<\/li>\n<\/ul>","protected":false},"excerpt":{"rendered":"<p>Eine Party, eine Geburtstagsfeier, ein Team, das Sie anfeuern wollen? Setzen Sie auf die blaue Haarmascara! Ihr Kind wird zum Hingucker, wenn es sich damit eine Haarstr\u00e4hne farbig anmalt. Leicht aufzutragen, leicht zu entfernen!<\/p>","protected":false},"featured_media":132565,"comment_status":"closed","ping_status":"closed","template":"","meta":{"_acf_changed":false},"product_brand":[],"product_cat":[52,34,36,44,45,60,293,336],"product_tag":[],"class_list":{"0":"post-132564","1":"product","2":"type-product","3":"status-publish","4":"has-post-thumbnail","6":"product_cat-mascara-cheveux","7":"product_cat-maquillage-deguisement","8":"product_cat-univers-occasions","9":"product_cat-maquillage-carnaval","10":"product_cat-maquillage-super-heros","11":"product_cat-mascara-cheveux-double-embout","12":"product_cat-meilleures-ventes","13":"product_cat-maquillage-evenements-sportifs","14":"pa_certifications-vegan","15":"pa_certifications-cosmetique-bio-cosmos","16":"pa_points-forts-application-simple","17":"pa_points-forts-senleve-au-shampoing","19":"first","20":"instock","21":"taxable","22":"shipping-taxable","23":"purchasable","24":"product-type-simple"},"gallery_images":[132566,133166,132567,132568],"acf":[],"_links":{"self":[{"href":"https:\/\/namaki.fr\/de\/wp-json\/wp\/v2\/product\/132564","targetHints":{"allow":["GET"]}}],"collection":[{"href":"https:\/\/namaki.fr\/de\/wp-json\/wp\/v2\/product"}],"about":[{"href":"https:\/\/namaki.fr\/de\/wp-json\/wp\/v2\/types\/product"}],"replies":[{"embeddable":true,"href":"https:\/\/namaki.fr\/de\/wp-json\/wp\/v2\/comments?post=132564"}],"wp:featuredmedia":[{"embeddable":true,"href":"https:\/\/namaki.fr\/de\/wp-json\/wp\/v2\/media\/132565"}],"wp:attachment":[{"href":"https:\/\/namaki.fr\/de\/wp-json\/wp\/v2\/media?parent=132564"}],"wp:term":[{"taxonomy":"product_brand","embeddable":true,"href":"https:\/\/namaki.fr\/de\/wp-json\/wp\/v2\/product_brand?post=132564"},{"taxonomy":"product_cat","embeddable":true,"href":"https:\/\/namaki.fr\/de\/wp-json\/wp\/v2\/product_cat?post=132564"},{"taxonomy":"product_tag","embeddable":true,"href":"https:\/\/namaki.fr\/de\/wp-json\/wp\/v2\/product_tag?post=132564"}],"curies":[{"name":"wp","href":"https:\/\/api.w.org\/{rel}","templated":true}]}}