{"id":132570,"date":"2024-01-03T15:52:38","date_gmt":"2024-01-03T14:52:38","guid":{"rendered":"https:\/\/namaki.fr\/produit\/mascara-cheveux-rouge-110074\/"},"modified":"2026-03-13T09:12:01","modified_gmt":"2026-03-13T08:12:01","slug":"haarmascara-rot","status":"publish","type":"product","link":"https:\/\/namaki.fr\/de\/produit\/mascara-cheveux-rouge\/","title":{"rendered":"Haarmascara Rot"},"content":{"rendered":"<p>Rot ist die Farbe der Leidenschaft und der K\u00fchnheit. Und jetzt k\u00f6nnen Sie damit auch kinderleicht das Haar Ihrer Liebsten f\u00e4rben! Die rote Haarmascara von Namaki sorgt f\u00fcr einen strahlenden Farbton, der jede Frisur zum Leuchten bringt. Egal, ob f\u00fcr den Alltag oder f\u00fcr einen besonderen Anlass \u2013 diese Farbe ist ein echter Hingucker.<\/p>\n<ul>\n<li>Einfaches Auftragen: Die integrierte B\u00fcrste zaubert in Sekundenschnelle wundersch\u00f6ne bunte Str\u00e4hnen in das Haar.<\/li>\n<li>Nat\u00fcrlich: Die Formulierung auf der Basis von BIO-Aloe Vera garantiert Str\u00e4hnen in einem nat\u00fcrlich strahlenden Rot.<\/li>\n<li>Gesundheitsfreundlich: diese Haarmascara wurde mit der Cosmos Bio-Zertifizierung ausgezeichnet, enth\u00e4lt nat\u00fcrliche Inhaltsstoffe von h\u00f6chster Qualit\u00e4t und sorgt daf\u00fcr, dass Sie sich bei der Anwendung keine Sorgen um die Gesundheit Ihrer Kinder machen m\u00fcssen.<\/li>\n<li>Einfaches Abschminken: L\u00e4sst sich leicht mit Wasser und Shampoo entfernen.<\/li>\n<li>Engagement f\u00fcr die Umwelt: umweltfreundliche und recycelbare Verpackung.<\/li>\n<\/ul>\n<p>&nbsp;<\/p>","protected":false},"excerpt":{"rendered":"<p>Peppen Sie Ihre Kinderschminke mit der Haarmascara in Rot auf! Vom Marienk\u00e4fer bis zum Piraten, vom verliebten Clown bis zum Vampir \u2013 wer braucht nicht einen Hauch von Rot f\u00fcr seine Verkleidung?<\/p>","protected":false},"featured_media":132571,"comment_status":"closed","ping_status":"closed","template":"","meta":{"_acf_changed":false},"product_brand":[],"product_cat":[52,34,36,45,46,60,336],"product_tag":[329],"class_list":{"0":"post-132570","1":"product","2":"type-product","3":"status-publish","4":"has-post-thumbnail","6":"product_cat-mascara-cheveux","7":"product_cat-maquillage-deguisement","8":"product_cat-univers-occasions","9":"product_cat-maquillage-super-heros","10":"product_cat-maquillage-halloween","11":"product_cat-mascara-cheveux-double-embout","12":"product_cat-maquillage-evenements-sportifs","13":"product_tag-meta-pirate","14":"pa_certifications-vegan","15":"pa_certifications-cosmetique-bio-cosmos","16":"pa_points-forts-application-simple","17":"pa_points-forts-senleve-au-shampoing","19":"first","20":"instock","21":"taxable","22":"shipping-taxable","23":"purchasable","24":"product-type-simple"},"gallery_images":[132572,132575,132573,132574],"acf":[],"_links":{"self":[{"href":"https:\/\/namaki.fr\/de\/wp-json\/wp\/v2\/product\/132570","targetHints":{"allow":["GET"]}}],"collection":[{"href":"https:\/\/namaki.fr\/de\/wp-json\/wp\/v2\/product"}],"about":[{"href":"https:\/\/namaki.fr\/de\/wp-json\/wp\/v2\/types\/product"}],"replies":[{"embeddable":true,"href":"https:\/\/namaki.fr\/de\/wp-json\/wp\/v2\/comments?post=132570"}],"wp:featuredmedia":[{"embeddable":true,"href":"https:\/\/namaki.fr\/de\/wp-json\/wp\/v2\/media\/132571"}],"wp:attachment":[{"href":"https:\/\/namaki.fr\/de\/wp-json\/wp\/v2\/media?parent=132570"}],"wp:term":[{"taxonomy":"product_brand","embeddable":true,"href":"https:\/\/namaki.fr\/de\/wp-json\/wp\/v2\/product_brand?post=132570"},{"taxonomy":"product_cat","embeddable":true,"href":"https:\/\/namaki.fr\/de\/wp-json\/wp\/v2\/product_cat?post=132570"},{"taxonomy":"product_tag","embeddable":true,"href":"https:\/\/namaki.fr\/de\/wp-json\/wp\/v2\/product_tag?post=132570"}],"curies":[{"name":"wp","href":"https:\/\/api.w.org\/{rel}","templated":true}]}}