{"id":132576,"date":"2024-01-03T15:52:38","date_gmt":"2024-01-03T14:52:38","guid":{"rendered":"https:\/\/namaki.fr\/produit\/mascara-cheveux-violet-110075\/"},"modified":"2026-03-13T09:12:09","modified_gmt":"2026-03-13T08:12:09","slug":"haarmascara-violett","status":"publish","type":"product","link":"https:\/\/namaki.fr\/de\/produit\/mascara-cheveux-violet\/","title":{"rendered":"Haarmascara Violett"},"content":{"rendered":"<p>Mit unserer Bio-zertifizierten violetten Haarmascara ist es ganz einfach, dem eigenen Stil Farbe zu verleihen.<\/p>\n<ul>\n<li>Einfaches Auftragen: Die integrierte B\u00fcrste zaubert in Sekundenschnelle wundersch\u00f6ne bunte Str\u00e4hnen in das Haar.<\/li>\n<li>Nat\u00fcrliche Formulierung: Auf der Basis von BIO-Aloe Vera sorgt die Formulierung f\u00fcr nat\u00fcrlich elegante violette Str\u00e4hnen.<\/li>\n<li>Gesundheitsfreundlich: diese Haarmascara wurde mit der Cosmos Bio-Zertifizierung ausgezeichnet, enth\u00e4lt nat\u00fcrliche Inhaltsstoffe von h\u00f6chster Qualit\u00e4t und sorgt daf\u00fcr, dass Sie sich bei der Anwendung keine Sorgen um die Gesundheit Ihrer Kinder machen m\u00fcssen.<\/li>\n<li>Einfaches Abschminken: L\u00e4sst sich leicht mit Wasser und Shampoo entfernen.<\/li>\n<li>Engagement f\u00fcr die Umwelt: umweltfreundliche und recycelbare Verpackung.<\/li>\n<\/ul>\n<ul>\n<li style=\"list-style-type: none;\">\n<ul>\n<li style=\"list-style-type: none;\"><\/li>\n<\/ul>\n<\/li>\n<\/ul>\n<p>&nbsp;<\/p>","protected":false},"excerpt":{"rendered":"<p>Die violette Haarmascara verleiht dem Haar einen eleganten und geheimnisvollen Touch. Sie kann zu jeder Gelegenheit verwendet werden.<\/p>","protected":false},"featured_media":132577,"comment_status":"closed","ping_status":"closed","template":"","meta":{"_acf_changed":false},"product_brand":[],"product_cat":[52,34,36,46,47,60,293],"product_tag":[],"class_list":{"0":"post-132576","1":"product","2":"type-product","3":"status-publish","4":"has-post-thumbnail","6":"product_cat-mascara-cheveux","7":"product_cat-maquillage-deguisement","8":"product_cat-univers-occasions","9":"product_cat-maquillage-halloween","10":"product_cat-maquillage-feerique","11":"product_cat-mascara-cheveux-double-embout","12":"product_cat-meilleures-ventes","13":"pa_certifications-vegan","14":"pa_certifications-cosmetique-bio-cosmos","15":"pa_points-forts-application-simple","16":"pa_points-forts-senleve-au-shampoing","18":"first","19":"instock","20":"taxable","21":"shipping-taxable","22":"purchasable","23":"product-type-simple"},"gallery_images":[132578,132581,132579,132580],"acf":[],"_links":{"self":[{"href":"https:\/\/namaki.fr\/de\/wp-json\/wp\/v2\/product\/132576","targetHints":{"allow":["GET"]}}],"collection":[{"href":"https:\/\/namaki.fr\/de\/wp-json\/wp\/v2\/product"}],"about":[{"href":"https:\/\/namaki.fr\/de\/wp-json\/wp\/v2\/types\/product"}],"replies":[{"embeddable":true,"href":"https:\/\/namaki.fr\/de\/wp-json\/wp\/v2\/comments?post=132576"}],"wp:featuredmedia":[{"embeddable":true,"href":"https:\/\/namaki.fr\/de\/wp-json\/wp\/v2\/media\/132577"}],"wp:attachment":[{"href":"https:\/\/namaki.fr\/de\/wp-json\/wp\/v2\/media?parent=132576"}],"wp:term":[{"taxonomy":"product_brand","embeddable":true,"href":"https:\/\/namaki.fr\/de\/wp-json\/wp\/v2\/product_brand?post=132576"},{"taxonomy":"product_cat","embeddable":true,"href":"https:\/\/namaki.fr\/de\/wp-json\/wp\/v2\/product_cat?post=132576"},{"taxonomy":"product_tag","embeddable":true,"href":"https:\/\/namaki.fr\/de\/wp-json\/wp\/v2\/product_tag?post=132576"}],"curies":[{"name":"wp","href":"https:\/\/api.w.org\/{rel}","templated":true}]}}