{"id":132582,"date":"2024-01-03T15:52:38","date_gmt":"2024-01-03T14:52:38","guid":{"rendered":"https:\/\/namaki.fr\/produit\/mascara-cheveux-rose-110076\/"},"modified":"2026-03-13T09:12:20","modified_gmt":"2026-03-13T08:12:20","slug":"haarmascara-rosa","status":"publish","type":"product","link":"https:\/\/namaki.fr\/de\/produit\/mascara-cheveux-rose\/","title":{"rendered":"Haarmascara Rosa"},"content":{"rendered":"<p>Stellen Sie sich Haarstr\u00e4hnen vor, die wie zarte Bl\u00fctenbl\u00e4tter aussehen. Unsere rosafarbene Haarmascara verleiht dem Alltag Ihrer Familie einen zarten Farbtupfer. Die rosarote Brille brauchen Sie so nie wieder absetzen!<\/p>\n<ul>\n<li>Einfaches Auftragen: Die integrierte B\u00fcrste zaubert in Sekundenschnelle wundersch\u00f6ne bunte Str\u00e4hnen in das Haar.<\/li>\n<li>Nat\u00fcrliche Formulierung: Auf der Basis von BIO-Aloe Vera sorgt die Formulierung f\u00fcr nat\u00fcrlich weiche, rosafarbene Str\u00e4hnen.<\/li>\n<li>Gesundheitsfreundlich: diese Haarmascara wurde mit der Cosmos Bio-Zertifizierung ausgezeichnet, enth\u00e4lt nat\u00fcrliche Inhaltsstoffe von h\u00f6chster Qualit\u00e4t und sorgt daf\u00fcr, dass Sie sich bei der Anwendung keine Sorgen um die Gesundheit Ihrer Kinder machen m\u00fcssen.<\/li>\n<li>Einfaches Abschminken: L\u00e4sst sich leicht mit Wasser und Shampoo entfernen.<\/li>\n<li>Engagement f\u00fcr die Umwelt: umweltfreundliche und recycelbare Verpackung.<\/li>\n<\/ul>\n<p>&nbsp;<\/p>","protected":false},"excerpt":{"rendered":"<p>Mit der rosa Haarmascara k\u00f6nnen Sie gew\u00f6hnliche Tage in au\u00dfergew\u00f6hnliche Momente verwandeln! Schalten Sie in den Disco-Modus oder wagen Sie es, Ihr Kind in einen Flamingo, ein Kaninchen oder sogar den kultigsten aller Panther zu verwandeln.<\/p>","protected":false},"featured_media":132583,"comment_status":"closed","ping_status":"closed","template":"","meta":{"_acf_changed":false},"product_brand":[],"product_cat":[52,34,36,47,60,293],"product_tag":[],"class_list":{"0":"post-132582","1":"product","2":"type-product","3":"status-publish","4":"has-post-thumbnail","6":"product_cat-mascara-cheveux","7":"product_cat-maquillage-deguisement","8":"product_cat-univers-occasions","9":"product_cat-maquillage-feerique","10":"product_cat-mascara-cheveux-double-embout","11":"product_cat-meilleures-ventes","12":"pa_certifications-vegan","13":"pa_certifications-cosmetique-bio-cosmos","14":"pa_points-forts-application-simple","15":"pa_points-forts-senleve-au-shampoing","17":"first","18":"instock","19":"taxable","20":"shipping-taxable","21":"purchasable","22":"product-type-simple"},"gallery_images":[132584,132587,132585,132586],"acf":[],"_links":{"self":[{"href":"https:\/\/namaki.fr\/de\/wp-json\/wp\/v2\/product\/132582","targetHints":{"allow":["GET"]}}],"collection":[{"href":"https:\/\/namaki.fr\/de\/wp-json\/wp\/v2\/product"}],"about":[{"href":"https:\/\/namaki.fr\/de\/wp-json\/wp\/v2\/types\/product"}],"replies":[{"embeddable":true,"href":"https:\/\/namaki.fr\/de\/wp-json\/wp\/v2\/comments?post=132582"}],"wp:featuredmedia":[{"embeddable":true,"href":"https:\/\/namaki.fr\/de\/wp-json\/wp\/v2\/media\/132583"}],"wp:attachment":[{"href":"https:\/\/namaki.fr\/de\/wp-json\/wp\/v2\/media?parent=132582"}],"wp:term":[{"taxonomy":"product_brand","embeddable":true,"href":"https:\/\/namaki.fr\/de\/wp-json\/wp\/v2\/product_brand?post=132582"},{"taxonomy":"product_cat","embeddable":true,"href":"https:\/\/namaki.fr\/de\/wp-json\/wp\/v2\/product_cat?post=132582"},{"taxonomy":"product_tag","embeddable":true,"href":"https:\/\/namaki.fr\/de\/wp-json\/wp\/v2\/product_tag?post=132582"}],"curies":[{"name":"wp","href":"https:\/\/api.w.org\/{rel}","templated":true}]}}