{"id":132588,"date":"2024-01-03T15:52:38","date_gmt":"2024-01-03T14:52:38","guid":{"rendered":"https:\/\/namaki.fr\/produit\/mascara-cheveux-vert-110077\/"},"modified":"2026-03-13T09:12:29","modified_gmt":"2026-03-13T08:12:29","slug":"haarmascara-gruen","status":"publish","type":"product","link":"https:\/\/namaki.fr\/de\/produit\/mascara-cheveux-vert\/","title":{"rendered":"Haarmascara Gr\u00fcn"},"content":{"rendered":"<p>Die Haarmascara in Gr\u00fcn ist eine wahre Hommage an die Natur.<\/p>\n<ul>\n<li>Einfaches Auftragen: Die integrierte B\u00fcrste zaubert in Sekundenschnelle wundersch\u00f6ne bunte Str\u00e4hnen in das Haar.<\/li>\n<li>Nat\u00fcrliche Formulierung: Auf der Basis von BIO-Aloe Vera sorgt die Formulierung daf\u00fcr, dass Ihre Str\u00e4hnen in einem nat\u00fcrlich leuchtenden Gr\u00fcn erstrahlen.<\/li>\n<li>Gesundheitsfreundlich: diese Haarmascara wurde mit der Cosmos Bio-Zertifizierung ausgezeichnet, enth\u00e4lt nat\u00fcrliche Inhaltsstoffe von h\u00f6chster Qualit\u00e4t und sorgt daf\u00fcr, dass Sie sich bei der Anwendung keine Sorgen um die Gesundheit Ihrer Kinder machen m\u00fcssen.<\/li>\n<li>Einfaches Abschminken: L\u00e4sst sich leicht mit Wasser und Shampoo entfernen.<\/li>\n<li>Engagement f\u00fcr die Umwelt: umweltfreundliche und recycelbare Verpackung.<\/li>\n<\/ul>\n<p>&nbsp;<\/p>","protected":false},"excerpt":{"rendered":"<p>Ob f\u00fcr Karneval, einen einfachen Fr\u00fchlingsnachmittag oder um Ihre Lieblingsmannschaft anzufeuern \u2013 die Gr\u00fcne Haarmascara passt zu jeder Gelegenheit!<\/p>","protected":false},"featured_media":132589,"comment_status":"closed","ping_status":"closed","template":"","meta":{"_acf_changed":false},"product_brand":[],"product_cat":[52,34,36,44,46,60,336],"product_tag":[],"class_list":{"0":"post-132588","1":"product","2":"type-product","3":"status-publish","4":"has-post-thumbnail","6":"product_cat-mascara-cheveux","7":"product_cat-maquillage-deguisement","8":"product_cat-univers-occasions","9":"product_cat-maquillage-carnaval","10":"product_cat-maquillage-halloween","11":"product_cat-mascara-cheveux-double-embout","12":"product_cat-maquillage-evenements-sportifs","13":"pa_certifications-vegan","14":"pa_certifications-cosmetique-bio-cosmos","15":"pa_points-forts-application-simple","16":"pa_points-forts-senleve-au-shampoing","18":"first","19":"instock","20":"taxable","21":"shipping-taxable","22":"purchasable","23":"product-type-simple"},"gallery_images":[132590,147676,132591],"acf":[],"_links":{"self":[{"href":"https:\/\/namaki.fr\/de\/wp-json\/wp\/v2\/product\/132588","targetHints":{"allow":["GET"]}}],"collection":[{"href":"https:\/\/namaki.fr\/de\/wp-json\/wp\/v2\/product"}],"about":[{"href":"https:\/\/namaki.fr\/de\/wp-json\/wp\/v2\/types\/product"}],"replies":[{"embeddable":true,"href":"https:\/\/namaki.fr\/de\/wp-json\/wp\/v2\/comments?post=132588"}],"wp:featuredmedia":[{"embeddable":true,"href":"https:\/\/namaki.fr\/de\/wp-json\/wp\/v2\/media\/132589"}],"wp:attachment":[{"href":"https:\/\/namaki.fr\/de\/wp-json\/wp\/v2\/media?parent=132588"}],"wp:term":[{"taxonomy":"product_brand","embeddable":true,"href":"https:\/\/namaki.fr\/de\/wp-json\/wp\/v2\/product_brand?post=132588"},{"taxonomy":"product_cat","embeddable":true,"href":"https:\/\/namaki.fr\/de\/wp-json\/wp\/v2\/product_cat?post=132588"},{"taxonomy":"product_tag","embeddable":true,"href":"https:\/\/namaki.fr\/de\/wp-json\/wp\/v2\/product_tag?post=132588"}],"curies":[{"name":"wp","href":"https:\/\/api.w.org\/{rel}","templated":true}]}}