{"id":132622,"date":"2024-01-03T15:53:05","date_gmt":"2024-01-03T14:53:05","guid":{"rendered":"https:\/\/namaki.fr\/produit\/tatouage-enfant-vie-sauvage-110316\/"},"modified":"2026-03-13T09:06:37","modified_gmt":"2026-03-13T08:06:37","slug":"kindertattoos-wilde-safari","status":"publish","type":"product","link":"https:\/\/namaki.fr\/de\/produit\/tatouage-enfant-vie-sauvage\/","title":{"rendered":"Kindertattoos Wilde Safari"},"content":{"rendered":"<p>Auf der Suche nach dem Detail, das den Unterschied ausmacht? Je nach Verkleidung oder Stimmung k\u00f6nnen Sie die Kindertattoos auf einem Arm, einer Hand oder einem Bein platzieren. Die farbenfrohen Motive wurden von Namaki entworfen, dermatologisch getestet und mit pflanzlichen Tinten formuliert. Sie verleihen der Verkleidung jedes Kindes den letzten Schliff.<\/p>\n<ul>\n<li>Einfach anzuwenden<\/li>\n<li>Gedruckt mit pflanzlichen Tinten<\/li>\n<li>Dermatologisch getestet<\/li>\n<li>Verschiedene Motivgr\u00f6\u00dfen<\/li>\n<li>5 Zusammenstellungen von 2 Abziehb\u00f6gen nach Wahl<\/li>\n<li>Exklusive Illustrationen von Pascale Constantin<\/li>\n<li>Je nach Modell zwischen 7 und 9 Motiven pro Abziehbogen<\/li>\n<li>Zertifizierung CE-Norm Spielzeug<\/li>\n<\/ul>","protected":false},"excerpt":{"rendered":"<p class=\"p1\">Die Kindertattoos Wilde Safari sind perfekt f\u00fcr Naturliebhaber. Vervollst\u00e4ndigen Sie die Verkleidung Ihres Kindes oder peppen Sie den Alltag mit einem s\u00fc\u00dfen Tier auf dem Arm auf.<\/p>","protected":false},"featured_media":132623,"comment_status":"closed","ping_status":"closed","template":"","meta":{"_acf_changed":false},"product_brand":[],"product_cat":[53,34,36,48,57],"product_tag":[330],"class_list":{"0":"post-132622","1":"product","2":"type-product","3":"status-publish","4":"has-post-thumbnail","6":"product_cat-tatouage-enfant","7":"product_cat-maquillage-deguisement","8":"product_cat-univers-occasions","9":"product_cat-maquillage-animaux","10":"product_cat-tatouages-enfant","11":"product_tag-meta-tatouages","12":"pa_certifications-vegan","13":"pa_points-forts-application-simple","14":"pa_points-forts-encres-vegetales","16":"first","17":"instock","18":"taxable","19":"shipping-taxable","20":"purchasable","21":"product-type-simple"},"gallery_images":[132624,147612,132625,132627,132628,132626],"acf":[],"_links":{"self":[{"href":"https:\/\/namaki.fr\/de\/wp-json\/wp\/v2\/product\/132622","targetHints":{"allow":["GET"]}}],"collection":[{"href":"https:\/\/namaki.fr\/de\/wp-json\/wp\/v2\/product"}],"about":[{"href":"https:\/\/namaki.fr\/de\/wp-json\/wp\/v2\/types\/product"}],"replies":[{"embeddable":true,"href":"https:\/\/namaki.fr\/de\/wp-json\/wp\/v2\/comments?post=132622"}],"wp:featuredmedia":[{"embeddable":true,"href":"https:\/\/namaki.fr\/de\/wp-json\/wp\/v2\/media\/132623"}],"wp:attachment":[{"href":"https:\/\/namaki.fr\/de\/wp-json\/wp\/v2\/media?parent=132622"}],"wp:term":[{"taxonomy":"product_brand","embeddable":true,"href":"https:\/\/namaki.fr\/de\/wp-json\/wp\/v2\/product_brand?post=132622"},{"taxonomy":"product_cat","embeddable":true,"href":"https:\/\/namaki.fr\/de\/wp-json\/wp\/v2\/product_cat?post=132622"},{"taxonomy":"product_tag","embeddable":true,"href":"https:\/\/namaki.fr\/de\/wp-json\/wp\/v2\/product_tag?post=132622"}],"curies":[{"name":"wp","href":"https:\/\/api.w.org\/{rel}","templated":true}]}}