{"id":132638,"date":"2024-01-03T15:53:05","date_gmt":"2024-01-03T14:53:05","guid":{"rendered":"https:\/\/namaki.fr\/produit\/namaki-box-arc-en-ciel-110931\/"},"modified":"2026-02-04T09:11:12","modified_gmt":"2026-02-04T08:11:12","slug":"schminkset-kinder-regenbogen","status":"publish","type":"product","link":"https:\/\/namaki.fr\/de\/produit\/namaki-box-arc-en-ciel\/","title":{"rendered":"Schminkset Regenbogen"},"content":{"rendered":"<p>Machen Sie sich bereit \u2013 die Namaki Box Regenbogen wird Sie garantiert in seinen Bann ziehen! Begeben Sie sich in eine festliche Welt, in der Sie nach Lust und Laune mit verschiedenen Nuancen spielen k\u00f6nnen. Diese Box enth\u00e4lt die Farben des Regenbogens, mit denen Sie den Alltag Ihrer Familie in ein buntes Abenteuer verwandeln.<\/p>\n<ul>\n<li>All-in-One: Alles, was sie f\u00fcr eine Clown-Kinderschminke brauchen in einem Schminkset; inklusive 1 Tutorial in 3 Schritten<\/li>\n<li>Praktisch und einfach zu verwenden: ideal als Geschenkidee<\/li>\n<li>Gesund: Nat\u00fcrliche Formulierung, Bio Cosmos-Zertifizierung (*au\u00dfer Tattoos)<\/li>\n<li>Engagement f\u00fcr die Umwelt: \u00f6kologische, wiederverwendbare und leicht transportierbare Verpackung<\/li>\n<\/ul>\n<p>&nbsp;<\/p>","protected":false},"excerpt":{"rendered":"<p>Das Schminkset f\u00fcr Kinder Regenbogen enth\u00e4lt alles, was Sie f\u00fcr eine einfache und farbenfrohe Faschingsschminke ben\u00f6tigen. Folgen Sie den Vorlagen oder Ihrer Fantasie, spielen Sie mit Farbt\u00f6nen und Texturen und haben Sie Spa\u00df!<\/p>","protected":false},"featured_media":133351,"comment_status":"closed","ping_status":"closed","template":"","meta":{"_acf_changed":false},"product_brand":[],"product_cat":[54,34,36,44],"product_tag":[],"class_list":{"0":"post-132638","1":"product","2":"type-product","3":"status-publish","4":"has-post-thumbnail","6":"product_cat-activite-maquillage-enfants-produits-essentiels","7":"product_cat-maquillage-deguisement","8":"product_cat-univers-occasions","9":"product_cat-maquillage-carnaval","10":"pa_certifications-cosmetique-bio-cosmos","11":"pa_points-forts-les-essentiels-dun-univers","12":"pa_points-forts-boite-reutilisable","14":"first","15":"instock","16":"taxable","17":"shipping-taxable","18":"purchasable","19":"product-type-simple"},"gallery_images":[133353,133357,133358,133354,133355,133352,133356,133350],"acf":[],"_links":{"self":[{"href":"https:\/\/namaki.fr\/de\/wp-json\/wp\/v2\/product\/132638","targetHints":{"allow":["GET"]}}],"collection":[{"href":"https:\/\/namaki.fr\/de\/wp-json\/wp\/v2\/product"}],"about":[{"href":"https:\/\/namaki.fr\/de\/wp-json\/wp\/v2\/types\/product"}],"replies":[{"embeddable":true,"href":"https:\/\/namaki.fr\/de\/wp-json\/wp\/v2\/comments?post=132638"}],"wp:featuredmedia":[{"embeddable":true,"href":"https:\/\/namaki.fr\/de\/wp-json\/wp\/v2\/media\/133351"}],"wp:attachment":[{"href":"https:\/\/namaki.fr\/de\/wp-json\/wp\/v2\/media?parent=132638"}],"wp:term":[{"taxonomy":"product_brand","embeddable":true,"href":"https:\/\/namaki.fr\/de\/wp-json\/wp\/v2\/product_brand?post=132638"},{"taxonomy":"product_cat","embeddable":true,"href":"https:\/\/namaki.fr\/de\/wp-json\/wp\/v2\/product_cat?post=132638"},{"taxonomy":"product_tag","embeddable":true,"href":"https:\/\/namaki.fr\/de\/wp-json\/wp\/v2\/product_tag?post=132638"}],"curies":[{"name":"wp","href":"https:\/\/api.w.org\/{rel}","templated":true}]}}