{"id":132639,"date":"2024-01-03T15:53:05","date_gmt":"2024-01-03T14:53:05","guid":{"rendered":"https:\/\/namaki.fr\/produit\/namaki-box-mondes-echantes-110932\/"},"modified":"2026-02-04T09:11:21","modified_gmt":"2026-02-04T08:11:21","slug":"schminkset-kinder-verzauberte-welten","status":"publish","type":"product","link":"https:\/\/namaki.fr\/de\/produit\/namaki-box-mondes-echantes\/","title":{"rendered":"Namaki Box Verzauberte Welten"},"content":{"rendered":"<p>Sie, die Entdecker des Au\u00dfergew\u00f6hnlichen, begeben sich mit dem Schminkset f\u00fcr Kinder \"Verzauberte Welten\" auf eine magische Reise! Es erlaubt Ihnen und Ihren Kindern, m\u00e4rchenhafte Abenteuer zu erleben, bei denen Einh\u00f6rner, Schmetterlinge und Prinzen sich treffen, um ein unvergessliches Verkleidungserlebnis zu schaffen.<\/p>\n<ul>\n<li>All-in-One: Die Essentials der M\u00e4rchenwelt in einem Schminkset f\u00fcr eine komplette Kinderschminke; 1 Tutorial in 3 Schritten inklusive<\/li>\n<li>Praktisch und einfach zu verwenden: ideal als Geschenkidee<\/li>\n<li>Gesund: Nat\u00fcrliche Formulierung, Bio Cosmos-Zertifizierung (*au\u00dfer Tattoos)<\/li>\n<li>Engagement f\u00fcr die Umwelt: \u00f6kologische, wiederverwendbare und leicht transportierbare Verpackung<\/li>\n<\/ul>\n<p>&nbsp;<\/p>","protected":false},"excerpt":{"rendered":"<p>Das Schminkset f\u00fcr Kinder Zauberhafte Welten ist perfekt f\u00fcr kreative und spielerische Aktivit\u00e4ten. Dieses Sortiment ist so magisch wie ein Zauberstab und nimmt Kinder mit auf Abenteuer, bei denen sie sowohl die Helden als auch die Erz\u00e4hler sind.<\/p>","protected":false},"featured_media":133359,"comment_status":"closed","ping_status":"closed","template":"","meta":{"_acf_changed":false},"product_brand":[],"product_cat":[54,34,36,47,293],"product_tag":[],"class_list":{"0":"post-132639","1":"product","2":"type-product","3":"status-publish","4":"has-post-thumbnail","6":"product_cat-activite-maquillage-enfants-produits-essentiels","7":"product_cat-maquillage-deguisement","8":"product_cat-univers-occasions","9":"product_cat-maquillage-feerique","10":"product_cat-meilleures-ventes","11":"pa_certifications-cosmetique-bio-cosmos","12":"pa_points-forts-les-essentiels-dun-univers","13":"pa_points-forts-boite-reutilisable","15":"first","16":"instock","17":"taxable","18":"shipping-taxable","19":"purchasable","20":"product-type-simple"},"gallery_images":[133365,133364,133363,133360,133366,133361,133362,133350],"acf":[],"_links":{"self":[{"href":"https:\/\/namaki.fr\/de\/wp-json\/wp\/v2\/product\/132639","targetHints":{"allow":["GET"]}}],"collection":[{"href":"https:\/\/namaki.fr\/de\/wp-json\/wp\/v2\/product"}],"about":[{"href":"https:\/\/namaki.fr\/de\/wp-json\/wp\/v2\/types\/product"}],"replies":[{"embeddable":true,"href":"https:\/\/namaki.fr\/de\/wp-json\/wp\/v2\/comments?post=132639"}],"wp:featuredmedia":[{"embeddable":true,"href":"https:\/\/namaki.fr\/de\/wp-json\/wp\/v2\/media\/133359"}],"wp:attachment":[{"href":"https:\/\/namaki.fr\/de\/wp-json\/wp\/v2\/media?parent=132639"}],"wp:term":[{"taxonomy":"product_brand","embeddable":true,"href":"https:\/\/namaki.fr\/de\/wp-json\/wp\/v2\/product_brand?post=132639"},{"taxonomy":"product_cat","embeddable":true,"href":"https:\/\/namaki.fr\/de\/wp-json\/wp\/v2\/product_cat?post=132639"},{"taxonomy":"product_tag","embeddable":true,"href":"https:\/\/namaki.fr\/de\/wp-json\/wp\/v2\/product_tag?post=132639"}],"curies":[{"name":"wp","href":"https:\/\/api.w.org\/{rel}","templated":true}]}}