{"id":132640,"date":"2024-01-03T15:53:05","date_gmt":"2024-01-03T14:53:05","guid":{"rendered":"https:\/\/namaki.fr\/produit\/namaki-box-monde-des-horreurs-110933\/"},"modified":"2025-11-27T09:22:13","modified_gmt":"2025-11-27T08:22:13","slug":"schminkset-kinder-horrorwelten","status":"publish","type":"product","link":"https:\/\/namaki.fr\/de\/produit\/namaki-box-mondes-des-horreurs\/","title":{"rendered":"Namaki Box Horrorwelten"},"content":{"rendered":"<p>Mit der Namaki Box Horrorwelten k\u00f6nnen Ihre Kinder sich auf die gruseligsten Abenteuer begeben! Darin ist alles enthalten, um ein Vampir, ein Sumpfmonster oder sogar ein Geist zu werden, der in einem verlassenen Herrenhaus spukt. Ob an Halloween, auf einer Mottoparty oder einfach nur, um sich an einem gew\u00f6hnlichen Tag etwas zu gruseln \u2013 entdecken Sie die Kreaturen der Nacht!<\/p>\n<ul>\n<li>All-in-One: Die Essentials f\u00fcr Halloween in einem Schminkset f\u00fcr eine komplette Kinderschminke; inklusive 1 Tutorial in 3 Schritten<\/li>\n<li>Praktisch und einfach zu verwenden: ideal als Geschenkidee<\/li>\n<li>Gesund: Nat\u00fcrliche Formulierung, Bio Cosmos-Zertifizierung (*au\u00dfer Tattoos)<\/li>\n<li>Engagement f\u00fcr die Umwelt: \u00f6kologische, wiederverwendbare und leicht transportierbare Verpackung<\/li>\n<\/ul>\n<p>&nbsp;<\/p>","protected":false},"excerpt":{"rendered":"<p>Das Schminkset f\u00fcr Kinder Horrorwelten enth\u00e4lt alles, was Sie f\u00fcr ein gruseliges Halloween brauchen: Kinderschminke, gruselige Tattoos und sogar Kunstblut. Eine kreative Aktivit\u00e4t f\u00fcr die ganze Familie, bevor es auf die Jagd nach S\u00fc\u00dfigkeiten geht...oder nach Vampiren!<\/p>","protected":false},"featured_media":133367,"comment_status":"closed","ping_status":"closed","template":"","meta":{"_acf_changed":false},"product_brand":[],"product_cat":[54,34,36,46],"product_tag":[],"class_list":{"0":"post-132640","1":"product","2":"type-product","3":"status-publish","4":"has-post-thumbnail","6":"product_cat-activite-maquillage-enfants-produits-essentiels","7":"product_cat-maquillage-deguisement","8":"product_cat-univers-occasions","9":"product_cat-maquillage-halloween","10":"pa_certifications-cosmetique-bio-cosmos","11":"pa_points-forts-les-essentiels-dun-univers","12":"pa_points-forts-boite-reutilisable","14":"first","15":"outofstock","16":"taxable","17":"shipping-taxable","18":"purchasable","19":"product-type-simple"},"gallery_images":[133368,133374,133373,133369,133370,133371,133372,133350],"acf":[],"_links":{"self":[{"href":"https:\/\/namaki.fr\/de\/wp-json\/wp\/v2\/product\/132640","targetHints":{"allow":["GET"]}}],"collection":[{"href":"https:\/\/namaki.fr\/de\/wp-json\/wp\/v2\/product"}],"about":[{"href":"https:\/\/namaki.fr\/de\/wp-json\/wp\/v2\/types\/product"}],"replies":[{"embeddable":true,"href":"https:\/\/namaki.fr\/de\/wp-json\/wp\/v2\/comments?post=132640"}],"wp:featuredmedia":[{"embeddable":true,"href":"https:\/\/namaki.fr\/de\/wp-json\/wp\/v2\/media\/133367"}],"wp:attachment":[{"href":"https:\/\/namaki.fr\/de\/wp-json\/wp\/v2\/media?parent=132640"}],"wp:term":[{"taxonomy":"product_brand","embeddable":true,"href":"https:\/\/namaki.fr\/de\/wp-json\/wp\/v2\/product_brand?post=132640"},{"taxonomy":"product_cat","embeddable":true,"href":"https:\/\/namaki.fr\/de\/wp-json\/wp\/v2\/product_cat?post=132640"},{"taxonomy":"product_tag","embeddable":true,"href":"https:\/\/namaki.fr\/de\/wp-json\/wp\/v2\/product_tag?post=132640"}],"curies":[{"name":"wp","href":"https:\/\/api.w.org\/{rel}","templated":true}]}}