{"id":132643,"date":"2024-01-03T15:52:57","date_gmt":"2024-01-03T14:52:57","guid":{"rendered":"https:\/\/namaki.fr\/produit\/kit-3-pinceaux-110305\/"},"modified":"2026-02-04T09:11:46","modified_gmt":"2026-02-04T08:11:46","slug":"set-3-pinsel","status":"publish","type":"product","link":"https:\/\/namaki.fr\/de\/produit\/kit-3-pinceaux\/","title":{"rendered":"Set mit 3 Pinseln"},"content":{"rendered":"<ul>\n<li>1 breiter Pinsel zum einfachen Bemalen gro\u00dfer Fl\u00e4chen<\/li>\n<li>1 quadratischer Pinsel, um dicke Formen oder Linien zu zeichnen<\/li>\n<li>1 Pinsel mit feiner Spitze zum Zeichnen von Details und feinen Linien<\/li>\n<\/ul>\n<p>&nbsp;<\/p>","protected":false},"excerpt":{"rendered":"<p>Wenn man gut ausgestattet ist, wird es kinderleicht, die Strichst\u00e4rken zu variieren, eine Form auszuf\u00fcllen oder die Augen zu umranden. Das Set mit 3 Pinseln wird Ihr Verb\u00fcndeter sein, um die Kinderschminke einfacher aufzutragen.<\/p>","protected":false},"featured_media":132644,"comment_status":"closed","ping_status":"closed","template":"","meta":{"_acf_changed":false},"product_brand":[],"product_cat":[55,34,36,46],"product_tag":[],"class_list":{"0":"post-132643","1":"product","2":"type-product","3":"status-publish","4":"has-post-thumbnail","6":"product_cat-accessoires-maquillage-enfants","7":"product_cat-maquillage-deguisement","8":"product_cat-univers-occasions","9":"product_cat-maquillage-halloween","11":"first","12":"instock","13":"taxable","14":"shipping-taxable","15":"purchasable","16":"product-type-simple"},"gallery_images":[132645,132646,132647,132648,132649],"acf":[],"_links":{"self":[{"href":"https:\/\/namaki.fr\/de\/wp-json\/wp\/v2\/product\/132643","targetHints":{"allow":["GET"]}}],"collection":[{"href":"https:\/\/namaki.fr\/de\/wp-json\/wp\/v2\/product"}],"about":[{"href":"https:\/\/namaki.fr\/de\/wp-json\/wp\/v2\/types\/product"}],"replies":[{"embeddable":true,"href":"https:\/\/namaki.fr\/de\/wp-json\/wp\/v2\/comments?post=132643"}],"wp:featuredmedia":[{"embeddable":true,"href":"https:\/\/namaki.fr\/de\/wp-json\/wp\/v2\/media\/132644"}],"wp:attachment":[{"href":"https:\/\/namaki.fr\/de\/wp-json\/wp\/v2\/media?parent=132643"}],"wp:term":[{"taxonomy":"product_brand","embeddable":true,"href":"https:\/\/namaki.fr\/de\/wp-json\/wp\/v2\/product_brand?post=132643"},{"taxonomy":"product_cat","embeddable":true,"href":"https:\/\/namaki.fr\/de\/wp-json\/wp\/v2\/product_cat?post=132643"},{"taxonomy":"product_tag","embeddable":true,"href":"https:\/\/namaki.fr\/de\/wp-json\/wp\/v2\/product_tag?post=132643"}],"curies":[{"name":"wp","href":"https:\/\/api.w.org\/{rel}","templated":true}]}}