{"id":132662,"date":"2024-01-03T15:52:57","date_gmt":"2024-01-03T14:52:57","guid":{"rendered":"https:\/\/namaki.fr\/produit\/eponge-lot-de-4-eponges-latex-110308\/"},"modified":"2024-08-20T14:34:51","modified_gmt":"2024-08-20T12:34:51","slug":"set-4-latexschwaemme","status":"publish","type":"product","link":"https:\/\/namaki.fr\/de\/produit\/lot-de-4-eponges-latex\/","title":{"rendered":"4er-Set Latexschw\u00e4mme"},"content":{"rendered":"<p>Dieser Latexschwamm ist ein unverzichtbares Schminkzubeh\u00f6r, um Kinderschminke gleichm\u00e4\u00dfig aufzutragen und zu verblenden.<\/p>","protected":false},"excerpt":{"rendered":"<p>Vereinfachen Sie sich das Leben mit diesem Set aus 4 Latexschw\u00e4mmen. Es ist das ideale Accessoire, um schnell eine Schminkfarbe aufzunehmen und auf das ganze Gesicht oder die gesamte Stirn aufzutragen.<\/p>","protected":false},"featured_media":132663,"comment_status":"closed","ping_status":"closed","template":"","meta":{"_acf_changed":false},"product_brand":[],"product_cat":[55,34,36],"product_tag":[],"class_list":{"0":"post-132662","1":"product","2":"type-product","3":"status-publish","4":"has-post-thumbnail","6":"product_cat-accessoires-maquillage-enfants","7":"product_cat-maquillage-deguisement","8":"product_cat-univers-occasions","10":"first","11":"instock","12":"taxable","13":"shipping-taxable","14":"purchasable","15":"product-type-simple"},"gallery_images":[132664,147666,132665],"acf":[],"_links":{"self":[{"href":"https:\/\/namaki.fr\/de\/wp-json\/wp\/v2\/product\/132662","targetHints":{"allow":["GET"]}}],"collection":[{"href":"https:\/\/namaki.fr\/de\/wp-json\/wp\/v2\/product"}],"about":[{"href":"https:\/\/namaki.fr\/de\/wp-json\/wp\/v2\/types\/product"}],"replies":[{"embeddable":true,"href":"https:\/\/namaki.fr\/de\/wp-json\/wp\/v2\/comments?post=132662"}],"wp:featuredmedia":[{"embeddable":true,"href":"https:\/\/namaki.fr\/de\/wp-json\/wp\/v2\/media\/132663"}],"wp:attachment":[{"href":"https:\/\/namaki.fr\/de\/wp-json\/wp\/v2\/media?parent=132662"}],"wp:term":[{"taxonomy":"product_brand","embeddable":true,"href":"https:\/\/namaki.fr\/de\/wp-json\/wp\/v2\/product_brand?post=132662"},{"taxonomy":"product_cat","embeddable":true,"href":"https:\/\/namaki.fr\/de\/wp-json\/wp\/v2\/product_cat?post=132662"},{"taxonomy":"product_tag","embeddable":true,"href":"https:\/\/namaki.fr\/de\/wp-json\/wp\/v2\/product_tag?post=132662"}],"curies":[{"name":"wp","href":"https:\/\/api.w.org\/{rel}","templated":true}]}}