{"id":132666,"date":"2024-01-03T15:53:05","date_gmt":"2024-01-03T14:53:05","guid":{"rendered":"https:\/\/namaki.fr\/produit\/kit-sang-artificiel-110923\/"},"modified":"2024-10-01T12:25:54","modified_gmt":"2024-10-01T10:25:54","slug":"kunstblut-set","status":"publish","type":"product","link":"https:\/\/namaki.fr\/de\/produit\/kit-sang-artificiel\/","title":{"rendered":"Kunstblut-Set"},"content":{"rendered":"<ul>\n<li>Nat\u00fcrliche und biologische Formulierung<\/li>\n<li>Bio Cosmos-Zertifizierung<\/li>\n<li>Erstes Bio-Kunstblut auf dem Markt<\/li>\n<li>Dermatologisch getestet<\/li>\n<li>L\u00e4sst sich leicht entfernen<\/li>\n<li>\u00d6kologisch gestaltete, recycelbare Verpackung<\/li>\n<li>Sieht echtem Blut zum Verwechseln \u00e4hnlich<\/li>\n<\/ul>","protected":false},"excerpt":{"rendered":"<p>Dieses Kunstblut-Set erlaubt Ihnen ein erschreckend realit\u00e4tsnahes Ergebnis. Dank der kleinen Flasche und dem wabenf\u00f6rmigen Latexschwamm ist es leicht zu entnehmen und ein Muss f\u00fcr jede Halloween-Party!<\/p>","protected":false},"featured_media":132667,"comment_status":"closed","ping_status":"closed","template":"","meta":{"_acf_changed":false},"product_brand":[],"product_cat":[55,34,36,46],"product_tag":[],"class_list":{"0":"post-132666","1":"product","2":"type-product","3":"status-publish","4":"has-post-thumbnail","6":"product_cat-accessoires-maquillage-enfants","7":"product_cat-maquillage-deguisement","8":"product_cat-univers-occasions","9":"product_cat-maquillage-halloween","10":"pa_certifications-cosmetique-bio-cosmos","11":"pa_points-forts-application-simple","12":"pa_points-forts-demaquillage-facile","14":"first","15":"instock","16":"taxable","17":"shipping-taxable","18":"purchasable","19":"product-type-simple"},"gallery_images":[132668,132670,132669,132671,132672,132673],"acf":[],"_links":{"self":[{"href":"https:\/\/namaki.fr\/de\/wp-json\/wp\/v2\/product\/132666","targetHints":{"allow":["GET"]}}],"collection":[{"href":"https:\/\/namaki.fr\/de\/wp-json\/wp\/v2\/product"}],"about":[{"href":"https:\/\/namaki.fr\/de\/wp-json\/wp\/v2\/types\/product"}],"replies":[{"embeddable":true,"href":"https:\/\/namaki.fr\/de\/wp-json\/wp\/v2\/comments?post=132666"}],"wp:featuredmedia":[{"embeddable":true,"href":"https:\/\/namaki.fr\/de\/wp-json\/wp\/v2\/media\/132667"}],"wp:attachment":[{"href":"https:\/\/namaki.fr\/de\/wp-json\/wp\/v2\/media?parent=132666"}],"wp:term":[{"taxonomy":"product_brand","embeddable":true,"href":"https:\/\/namaki.fr\/de\/wp-json\/wp\/v2\/product_brand?post=132666"},{"taxonomy":"product_cat","embeddable":true,"href":"https:\/\/namaki.fr\/de\/wp-json\/wp\/v2\/product_cat?post=132666"},{"taxonomy":"product_tag","embeddable":true,"href":"https:\/\/namaki.fr\/de\/wp-json\/wp\/v2\/product_tag?post=132666"}],"curies":[{"name":"wp","href":"https:\/\/api.w.org\/{rel}","templated":true}]}}