{"id":132680,"date":"2024-01-03T15:52:38","date_gmt":"2024-01-03T14:52:38","guid":{"rendered":"https:\/\/namaki.fr\/produit\/palette-7-fards-a-paupieres-jour-110068\/"},"modified":"2026-01-05T10:01:27","modified_gmt":"2026-01-05T09:01:27","slug":"lidschattenpalette-7-nuancen-rehkitz","status":"publish","type":"product","link":"https:\/\/namaki.fr\/de\/produit\/palette-7-fards-a-paupieres-faon\/","title":{"rendered":"Lidschattenpalette 7 Nuancen Rehkitz"},"content":{"rendered":"<p>Treten Sie ein in die zauberhafte Welt von Namaki, in der unsere perlmuttfarbenen Lidschatten, inspiriert von der Sch\u00f6nheit des Tageslichts und der Unschuld der Rehkitze, die Augen Ihres Kindes zum Strahlen bringen. Unsere Lidschattenpalette \"Tag\" mit 7 Farben l\u00e4dt Sie dazu ein, die Sch\u00f6nheit der Natur zu erkunden \u2013 mit Farben, die von ihren zarten Nuancen inspiriert sind.<\/p>\n<ul>\n<li>Angenehme Anwendung: Der Doppelspitzen-Applikator sorgt f\u00fcr ein zartes Gef\u00fchl auf den Augenlidern.<\/li>\n<li>Einfaches Abschminken: l\u00e4sst sich mit Wasser und Seife entfernen.<\/li>\n<li>Gesundheitsschonend: Die nat\u00fcrliche Formulierung der Schminke, die unter dermatologischer Aufsicht getestet wurde, und die Cosmos Bio-Zertifizierung garantieren Ihnen eine risikofreie Anwendung.<\/li>\n<li>Spielerisches und praktisches Format: Die Box enth\u00e4lt einen integrierten Spiegel und l\u00e4sst sich leicht \u00fcberall hin mitnehmen.<\/li>\n<li>Engagement f\u00fcr die Umwelt: \u00f6kologisch gestaltete Verpackung, die recycelt werden kann.<\/li>\n<\/ul>\n<p>&nbsp;<\/p>","protected":false},"excerpt":{"rendered":"<p>Die Lidschatten der Lidschattenpalette mit 7 Nuancen laden mit ihrer seidigen Textur und ihren weichen, warmen T\u00f6nen zu einer Reise in Traumwelten ein.<\/p>","protected":false},"featured_media":156655,"comment_status":"closed","ping_status":"closed","template":"","meta":{"_acf_changed":false},"product_brand":[],"product_cat":[58,35,36,49,294],"product_tag":[308],"class_list":{"0":"post-132680","1":"product","2":"type-product","3":"status-publish","4":"has-post-thumbnail","6":"product_cat-fards-paupieres","7":"product_cat-maquillage-enfant","8":"product_cat-univers-occasions","9":"product_cat-maquillage-noel-nouvel-an","10":"product_cat-meilleures-ventes-maquillage","11":"product_tag-coffrets-palettes-maquillage-enfant","12":"pa_certifications-vegan","13":"pa_certifications-cosmetique-bio-cosmos","14":"pa_points-forts-demaquillage-facile","15":"pa_points-forts-nuances-douces-et-nacrees","17":"first","18":"instock","19":"taxable","20":"shipping-taxable","21":"purchasable","22":"product-type-simple"},"gallery_images":[156660,132683,156661,156657,156658,156662,156666,156663],"acf":[],"_links":{"self":[{"href":"https:\/\/namaki.fr\/de\/wp-json\/wp\/v2\/product\/132680","targetHints":{"allow":["GET"]}}],"collection":[{"href":"https:\/\/namaki.fr\/de\/wp-json\/wp\/v2\/product"}],"about":[{"href":"https:\/\/namaki.fr\/de\/wp-json\/wp\/v2\/types\/product"}],"replies":[{"embeddable":true,"href":"https:\/\/namaki.fr\/de\/wp-json\/wp\/v2\/comments?post=132680"}],"wp:featuredmedia":[{"embeddable":true,"href":"https:\/\/namaki.fr\/de\/wp-json\/wp\/v2\/media\/156655"}],"wp:attachment":[{"href":"https:\/\/namaki.fr\/de\/wp-json\/wp\/v2\/media?parent=132680"}],"wp:term":[{"taxonomy":"product_brand","embeddable":true,"href":"https:\/\/namaki.fr\/de\/wp-json\/wp\/v2\/product_brand?post=132680"},{"taxonomy":"product_cat","embeddable":true,"href":"https:\/\/namaki.fr\/de\/wp-json\/wp\/v2\/product_cat?post=132680"},{"taxonomy":"product_tag","embeddable":true,"href":"https:\/\/namaki.fr\/de\/wp-json\/wp\/v2\/product_tag?post=132680"}],"curies":[{"name":"wp","href":"https:\/\/api.w.org\/{rel}","templated":true}]}}