{"id":132697,"date":"2024-01-03T15:52:47","date_gmt":"2024-01-03T14:52:47","guid":{"rendered":"https:\/\/namaki.fr\/produit\/palette-3-fards-a-paupieres-automne-110107\/"},"modified":"2026-01-05T10:01:11","modified_gmt":"2026-01-05T09:01:11","slug":"lidschattenpalette-3-nuancen-herbst","status":"publish","type":"product","link":"https:\/\/namaki.fr\/de\/produit\/palette-3-fards-a-paupieres-automne\/","title":{"rendered":"Lidschattenpalette 3 Nuancen Herbst"},"content":{"rendered":"<p>Stellen Sie sich vor, Sie spielen in den heruntergefallenen Bl\u00e4ttern oder sammeln \u00c4pfel in einem Obstgarten. Unsere Lidschatten in Herbstfarben versetzen Sie in eine magische Welt, in der alles m\u00f6glich ist. Mischen Sie sie, schichten Sie sie \u00fcbereinander und kreieren Sie Farbabstufungen, die das Leuchten dieser Jahreszeit widerspiegeln.<\/p>\n<ul>\n<li>Angenehme Anwendung: Der Doppelspitzen-Applikator sorgt f\u00fcr ein zartes Gef\u00fchl auf den Augenlidern.<\/li>\n<li>Einfaches Abschminken: l\u00e4sst sich mit Wasser und Seife entfernen.<\/li>\n<li>Gesundheitsschonend: Die nat\u00fcrliche Formulierung der Schminke, die unter dermatologischer Aufsicht getestet wurde, und die Cosmos Bio-Zertifizierung garantieren Ihnen eine risikofreie Anwendung.<\/li>\n<li>Spielerisches und praktisches Format: Die Box enth\u00e4lt einen integrierten Spiegel und l\u00e4sst sich leicht \u00fcberall hin mitnehmen.<\/li>\n<li>Engagement f\u00fcr die Umwelt: \u00f6kologisch gestaltete Verpackung, die recycelt werden kann.<\/li>\n<\/ul>\n<p>&nbsp;<\/p>","protected":false},"excerpt":{"rendered":"<p>Die Temperaturen beginnen zu sinken, aber Frau Sonne hat noch nicht genug. Mit der Lidschattenpalette 3 Nuancen Herbst k\u00f6nnen Ihre Kinder weiter von Sommer und Urlaub tr\u00e4umen. Nuancen aus Himbeere, Gold- und Orange verl\u00e4ngern diesen Traum vom Meer und hei\u00dfen gleichzeitig die zur\u00fcckkehrenden Rotkehlchen willkommen.<\/p>","protected":false},"featured_media":132698,"comment_status":"closed","ping_status":"closed","template":"","meta":{"_acf_changed":false},"product_brand":[],"product_cat":[58,35,36,49],"product_tag":[308],"class_list":{"0":"post-132697","1":"product","2":"type-product","3":"status-publish","4":"has-post-thumbnail","6":"product_cat-fards-paupieres","7":"product_cat-maquillage-enfant","8":"product_cat-univers-occasions","9":"product_cat-maquillage-noel-nouvel-an","10":"product_tag-coffrets-palettes-maquillage-enfant","11":"pa_certifications-vegan","12":"pa_certifications-cosmetique-bio-cosmos","13":"pa_points-forts-demaquillage-facile","14":"pa_points-forts-nuances-douces-et-nacrees","16":"first","17":"instock","18":"taxable","19":"shipping-taxable","20":"purchasable","21":"product-type-simple"},"gallery_images":[132699,132983,132700,132702,132703,132701,132704,132705],"acf":[],"_links":{"self":[{"href":"https:\/\/namaki.fr\/de\/wp-json\/wp\/v2\/product\/132697","targetHints":{"allow":["GET"]}}],"collection":[{"href":"https:\/\/namaki.fr\/de\/wp-json\/wp\/v2\/product"}],"about":[{"href":"https:\/\/namaki.fr\/de\/wp-json\/wp\/v2\/types\/product"}],"replies":[{"embeddable":true,"href":"https:\/\/namaki.fr\/de\/wp-json\/wp\/v2\/comments?post=132697"}],"wp:featuredmedia":[{"embeddable":true,"href":"https:\/\/namaki.fr\/de\/wp-json\/wp\/v2\/media\/132698"}],"wp:attachment":[{"href":"https:\/\/namaki.fr\/de\/wp-json\/wp\/v2\/media?parent=132697"}],"wp:term":[{"taxonomy":"product_brand","embeddable":true,"href":"https:\/\/namaki.fr\/de\/wp-json\/wp\/v2\/product_brand?post=132697"},{"taxonomy":"product_cat","embeddable":true,"href":"https:\/\/namaki.fr\/de\/wp-json\/wp\/v2\/product_cat?post=132697"},{"taxonomy":"product_tag","embeddable":true,"href":"https:\/\/namaki.fr\/de\/wp-json\/wp\/v2\/product_tag?post=132697"}],"curies":[{"name":"wp","href":"https:\/\/api.w.org\/{rel}","templated":true}]}}