{"id":132706,"date":"2024-01-03T15:52:47","date_gmt":"2024-01-03T14:52:47","guid":{"rendered":"https:\/\/namaki.fr\/produit\/palette-3-fards-a-paupieres-hiver-110108\/"},"modified":"2026-01-05T10:01:20","modified_gmt":"2026-01-05T09:01:20","slug":"lidschattenpalette-3-nuancen-winter","status":"publish","type":"product","link":"https:\/\/namaki.fr\/de\/produit\/palette-3-fards-a-paupieres-hiver\/","title":{"rendered":"Lidschattenpalette 3 Nuancen Winter"},"content":{"rendered":"<p>Stellen Sie sich vor, Sie laufen Schlittschuh auf einem zugefrorenen See oder spielen im frischen Schnee. Mit unseren Lidschatten in winterlichen Farben k\u00f6nnen Sie ein Kinder Make up in den Farben der Schneek\u00f6nigin kreieren. Als besonderes Highlight k\u00f6nnen Sie alle drei Farben auf die Augenlider auftragen und dem Tag einen Hauch von Glanz verleihen!<\/p>\n<ul>\n<li>Angenehme Anwendung: Der Doppelspitzen-Applikator sorgt f\u00fcr ein zartes Gef\u00fchl auf den Augenlidern.<\/li>\n<li>Einfaches Abschminken: l\u00e4sst sich mit Wasser und Seife entfernen.<\/li>\n<li>Gesundheitsschonend: Die nat\u00fcrliche Formulierung der Schminke, die unter dermatologischer Aufsicht getestet wurde, und die Cosmos Bio-Zertifizierung garantieren Ihnen eine risikofreie Anwendung.<\/li>\n<li>Spielerisches und praktisches Format: Die Box enth\u00e4lt einen integrierten Spiegel und l\u00e4sst sich leicht \u00fcberall hin mitnehmen.<\/li>\n<li>Engagement f\u00fcr die Umwelt: \u00f6kologisch gestaltete Verpackung, die recycelt werden kann.<\/li>\n<\/ul>\n<p>&nbsp;<\/p>","protected":false},"excerpt":{"rendered":"<p>Mit den drei winterlichen Nuancen dieser Lidschattenpalette macht es besonders Spa\u00df, die neblige Landschaft eines verschneiten Morgens zu bewundern. Die Lidschatten in diesem Sortiment schillern wie Morgentau und sind in kalten Farbt\u00f6nen gehalten wie der erste Winterfrost. Perfekt f\u00fcr einen langen Spiel-Nachmittag im Warmen.<\/p>","protected":false},"featured_media":132707,"comment_status":"closed","ping_status":"closed","template":"","meta":{"_acf_changed":false},"product_brand":[],"product_cat":[58,35,36,49,294],"product_tag":[308],"class_list":{"0":"post-132706","1":"product","2":"type-product","3":"status-publish","4":"has-post-thumbnail","6":"product_cat-fards-paupieres","7":"product_cat-maquillage-enfant","8":"product_cat-univers-occasions","9":"product_cat-maquillage-noel-nouvel-an","10":"product_cat-meilleures-ventes-maquillage","11":"product_tag-coffrets-palettes-maquillage-enfant","12":"pa_certifications-vegan","13":"pa_certifications-cosmetique-bio-cosmos","14":"pa_points-forts-demaquillage-facile","15":"pa_points-forts-nuances-douces-et-nacrees","17":"first","18":"instock","19":"taxable","20":"shipping-taxable","21":"purchasable","22":"product-type-simple"},"gallery_images":[132708,132985,132709,132711,132712,132710,132713,132714],"acf":[],"_links":{"self":[{"href":"https:\/\/namaki.fr\/de\/wp-json\/wp\/v2\/product\/132706","targetHints":{"allow":["GET"]}}],"collection":[{"href":"https:\/\/namaki.fr\/de\/wp-json\/wp\/v2\/product"}],"about":[{"href":"https:\/\/namaki.fr\/de\/wp-json\/wp\/v2\/types\/product"}],"replies":[{"embeddable":true,"href":"https:\/\/namaki.fr\/de\/wp-json\/wp\/v2\/comments?post=132706"}],"wp:featuredmedia":[{"embeddable":true,"href":"https:\/\/namaki.fr\/de\/wp-json\/wp\/v2\/media\/132707"}],"wp:attachment":[{"href":"https:\/\/namaki.fr\/de\/wp-json\/wp\/v2\/media?parent=132706"}],"wp:term":[{"taxonomy":"product_brand","embeddable":true,"href":"https:\/\/namaki.fr\/de\/wp-json\/wp\/v2\/product_brand?post=132706"},{"taxonomy":"product_cat","embeddable":true,"href":"https:\/\/namaki.fr\/de\/wp-json\/wp\/v2\/product_cat?post=132706"},{"taxonomy":"product_tag","embeddable":true,"href":"https:\/\/namaki.fr\/de\/wp-json\/wp\/v2\/product_tag?post=132706"}],"curies":[{"name":"wp","href":"https:\/\/api.w.org\/{rel}","templated":true}]}}