{"id":132731,"date":"2024-01-03T15:52:47","date_gmt":"2024-01-03T14:52:47","guid":{"rendered":"https:\/\/namaki.fr\/produit\/mascara-cheveux-double-applicateur-rose-violet-110091\/"},"modified":"2026-03-13T09:10:42","modified_gmt":"2026-03-13T08:10:42","slug":"haarmascara-doppel-applikator-rosa-violett","status":"publish","type":"product","link":"https:\/\/namaki.fr\/de\/produit\/mascara-cheveux-double-applicateur-rose-violet\/","title":{"rendered":"Haarmascara mit Doppel-Applikator \u2022 Rosa-Violett"},"content":{"rendered":"<p>Farbige Haarstr\u00e4hnen machen gute Laune und lassen sich ebenso leicht entfernen, wie sie sich auftragen lassen. Lassen Sie die Haarmascara \u00fcber die Str\u00e4hnen gleiten, damit das Haar zum Hingucker wird!<\/p>\n<ul>\n<li>F\u00fcr alle Haarfarben geeignet<\/li>\n<li>Zwei Farben in einer Mascara<\/li>\n<li>Einfach zu verwenden dank des doppelten B\u00fcrstenapplikators<\/li>\n<li>Konzipiert f\u00fcr den t\u00e4glichen Gebrauch und f\u00fcr besondere Anl\u00e4sse<\/li>\n<li>Schnelles Trocknen<\/li>\n<li>Formuliert auf der Basis von Bio-Aloe Vera<\/li>\n<li>Dermatologisch getestet<\/li>\n<li>L\u00e4sst sich leicht entfernen<\/li>\n<li>Engagement f\u00fcr die Umwelt: umweltfreundliche und recycelbare Verpackung.<\/li>\n<li>F\u00fcr eine komplette Verkleidung von Kopf bis Fu\u00df<\/li>\n<\/ul>\n<p>&nbsp;<\/p>","protected":false},"excerpt":{"rendered":"<p>Farbige Haarstr\u00e4hnen machen gute Laune und lassen sich ebenso leicht entfernen, wie sie sich auftragen lassen. Lassen Sie die Haarmascara \u00fcber die Str\u00e4hnen gleiten, damit das Haar zum Hingucker wird!<\/p>","protected":false},"featured_media":132732,"comment_status":"closed","ping_status":"closed","template":"","meta":{"_acf_changed":false},"product_brand":[],"product_cat":[60,35,36,49,52,294],"product_tag":[],"class_list":{"0":"post-132731","1":"product","2":"type-product","3":"status-publish","4":"has-post-thumbnail","6":"product_cat-mascara-cheveux-double-embout","7":"product_cat-maquillage-enfant","8":"product_cat-univers-occasions","9":"product_cat-maquillage-noel-nouvel-an","10":"product_cat-mascara-cheveux","11":"product_cat-meilleures-ventes-maquillage","12":"pa_certifications-vegan","13":"pa_certifications-cosmetique-bio-cosmos","14":"pa_points-forts-application-simple","15":"pa_points-forts-senleve-au-shampoing","17":"first","18":"instock","19":"taxable","20":"shipping-taxable","21":"purchasable","22":"product-type-simple"},"gallery_images":[132733,133226,132734,132736,132737,132735],"acf":[],"_links":{"self":[{"href":"https:\/\/namaki.fr\/de\/wp-json\/wp\/v2\/product\/132731","targetHints":{"allow":["GET"]}}],"collection":[{"href":"https:\/\/namaki.fr\/de\/wp-json\/wp\/v2\/product"}],"about":[{"href":"https:\/\/namaki.fr\/de\/wp-json\/wp\/v2\/types\/product"}],"replies":[{"embeddable":true,"href":"https:\/\/namaki.fr\/de\/wp-json\/wp\/v2\/comments?post=132731"}],"wp:featuredmedia":[{"embeddable":true,"href":"https:\/\/namaki.fr\/de\/wp-json\/wp\/v2\/media\/132732"}],"wp:attachment":[{"href":"https:\/\/namaki.fr\/de\/wp-json\/wp\/v2\/media?parent=132731"}],"wp:term":[{"taxonomy":"product_brand","embeddable":true,"href":"https:\/\/namaki.fr\/de\/wp-json\/wp\/v2\/product_brand?post=132731"},{"taxonomy":"product_cat","embeddable":true,"href":"https:\/\/namaki.fr\/de\/wp-json\/wp\/v2\/product_cat?post=132731"},{"taxonomy":"product_tag","embeddable":true,"href":"https:\/\/namaki.fr\/de\/wp-json\/wp\/v2\/product_tag?post=132731"}],"curies":[{"name":"wp","href":"https:\/\/api.w.org\/{rel}","templated":true}]}}