{"id":132747,"date":"2024-01-03T15:52:29","date_gmt":"2024-01-03T14:52:29","guid":{"rendered":"https:\/\/namaki.fr\/produit\/poudre-scintillante-pinceau-magique-argent-110024\/"},"modified":"2025-10-01T09:25:07","modified_gmt":"2025-10-01T07:25:07","slug":"zauberpinsel-silber","status":"publish","type":"product","link":"https:\/\/namaki.fr\/de\/produit\/poudre-scintillante-pinceau-magique-argent\/","title":{"rendered":"Zauberpinsel Silber"},"content":{"rendered":"<p>Der Glitzerstaub von Namaki bringt Ihr Kinder Make up zum Strahlen. Er wird mit einem magischen, nachf\u00fcllbaren Pinsel verkauft, der das Puder so sanft wie ein Streicheln auftr\u00e4gt. Ein einfaches Ber\u00fchren der Haut oder der Haare verleiht ihm einen silbrigen Schimmer. Die Nachf\u00fcllflasche ist umweltfreundlich und sparsam und wird auch einzeln verkauft. Der Glitzerstaub wird aus nat\u00fcrlichen Inhaltsstoffen mineralischen Ursprungs gewonnen.<\/p>\n<ul>\n<li>Einfaches Auftragen: Dank der Naturborsten des Pinsels ist das Auftragen sanft und zart.<\/li>\n<li>Gesundheitsschonend: Die 100% nat\u00fcrliche und mineralische Formulierung des Puders und die Cosmos Bio-Zertifizierung garantieren Ihnen eine risikofreie Anwendung.<\/li>\n<li>Engagement f\u00fcr die Umwelt: Pinsel unendlich oft nachf\u00fcllbar.<\/li>\n<li>Das kleine +: Kann auf Haut und Haaren aufgetragen werden.<\/li>\n<\/ul>\n<p>&nbsp;<\/p>","protected":false},"excerpt":{"rendered":"<p>Er ist so kostbar wie das gleichnamige Metall und so bet\u00f6rend wie das Spiegelbild des Mondes auf der Wasseroberfl\u00e4che. Er ist so seidig wie ein Sari. Der silberne Glitzerstaub und sein Zauberpinsel entf\u00fchren Sie in unendliche Tr\u00e4umereien.<\/p>","protected":false},"featured_media":132748,"comment_status":"closed","ping_status":"closed","template":"","meta":{"_acf_changed":false},"product_brand":[],"product_cat":[61,35,36,49,294],"product_tag":[],"class_list":{"0":"post-132747","1":"product","2":"type-product","3":"status-publish","4":"has-post-thumbnail","6":"product_cat-poudre-scintillante","7":"product_cat-maquillage-enfant","8":"product_cat-univers-occasions","9":"product_cat-maquillage-noel-nouvel-an","10":"product_cat-meilleures-ventes-maquillage","11":"pa_certifications-cosmetique-bio-cosmos","12":"pa_points-forts-application-simple","13":"pa_points-forts-boite-reutilisable","15":"first","16":"instock","17":"taxable","18":"shipping-taxable","19":"purchasable","20":"product-type-simple"},"gallery_images":[132749,132943,132750,132752,132753,132751],"acf":[],"_links":{"self":[{"href":"https:\/\/namaki.fr\/de\/wp-json\/wp\/v2\/product\/132747","targetHints":{"allow":["GET"]}}],"collection":[{"href":"https:\/\/namaki.fr\/de\/wp-json\/wp\/v2\/product"}],"about":[{"href":"https:\/\/namaki.fr\/de\/wp-json\/wp\/v2\/types\/product"}],"replies":[{"embeddable":true,"href":"https:\/\/namaki.fr\/de\/wp-json\/wp\/v2\/comments?post=132747"}],"wp:featuredmedia":[{"embeddable":true,"href":"https:\/\/namaki.fr\/de\/wp-json\/wp\/v2\/media\/132748"}],"wp:attachment":[{"href":"https:\/\/namaki.fr\/de\/wp-json\/wp\/v2\/media?parent=132747"}],"wp:term":[{"taxonomy":"product_brand","embeddable":true,"href":"https:\/\/namaki.fr\/de\/wp-json\/wp\/v2\/product_brand?post=132747"},{"taxonomy":"product_cat","embeddable":true,"href":"https:\/\/namaki.fr\/de\/wp-json\/wp\/v2\/product_cat?post=132747"},{"taxonomy":"product_tag","embeddable":true,"href":"https:\/\/namaki.fr\/de\/wp-json\/wp\/v2\/product_tag?post=132747"}],"curies":[{"name":"wp","href":"https:\/\/api.w.org\/{rel}","templated":true}]}}