{"id":132780,"date":"2024-01-03T15:52:57","date_gmt":"2024-01-03T14:52:57","guid":{"rendered":"https:\/\/namaki.fr\/produit\/vernis-a-l-eau-corail-110224\/"},"modified":"2026-01-05T10:09:58","modified_gmt":"2026-01-05T09:09:58","slug":"kindernagellack-einzeln-koralle","status":"publish","type":"product","link":"https:\/\/namaki.fr\/de\/produit\/vernis-a-leau-a-lunite-corail\/","title":{"rendered":"Kindernagellack einzeln \u2022 Koralle"},"content":{"rendered":"<p>Entdecken Sie die schillernde Sch\u00f6nheit dieses glitzernden Kindernagellacks im Farbton Koralle von Namaki! Lassen Sie Ihre Kinder in einen Ozean der Kreativit\u00e4t eintauchen und stellen Sie sich N\u00e4gel vor, die in der Sonne glitzern wie verborgene Sch\u00e4tze auf dem Meeresgrund. Ihre Kinder k\u00f6nnen vom Meer inspirierte Designs von Delfinen bis hin zu Muscheln kreieren oder einfach ihren N\u00e4geln einen Hauch von Magie verleihen.<\/p>\n<ul>\n<li>Einfaches Auftragen: Unser kleiner Pinsel ist speziell f\u00fcr Kindern\u00e4gel entwickelt worden.<\/li>\n<li>Schnell trocknend: In nur wenigen Minuten k\u00f6nnen die Kinder ihre Aktivit\u00e4ten wieder aufnehmen.<\/li>\n<li>Wasserfest: Im Gegensatz zu manch anderen wasserbasierten Nagellacken h\u00e4lt unser Kindernagellack auch Handw\u00e4schen stand oder wenn die Finger in den Mund genommen werden.<\/li>\n<li>Abziehbar: Kein \u00c4rger mehr mit Nagellackentferner, unser Nagellack l\u00e4sst sich wie ein Aufkleber abziehen.<\/li>\n<li>Kinderfreundlich: Unsere Formel auf Wasserbasis schlie\u00dft sch\u00e4dliche Inhaltsstoffe wie Parabene, Formaldehyd, Phthalate, Toluol und Campher aus. Au\u00dferdem enth\u00e4lt sie keine L\u00f6sungsmittel und besitzt keinen unangenehmen Geruch.<\/li>\n<\/ul>\n<p>&nbsp;<\/p>","protected":false},"excerpt":{"rendered":"<p>Entdecken Sie die schillernde Sch\u00f6nheit dieses glitzernden Kindernagellacks im Farbton Koralle von Namaki! Lassen Sie Ihre Kinder in einen Ozean der Kreativit\u00e4t eintauchen und stellen Sie sich N\u00e4gel vor, die in der Sonne glitzern wie verborgene Sch\u00e4tze auf dem Meeresgrund. Ihre Kinder k\u00f6nnen vom Meer inspirierte Designs von Delfinen bis hin zu Muscheln kreieren oder einfach ihren N\u00e4geln einen Hauch von Magie verleihen.<\/p>","protected":false},"featured_media":132781,"comment_status":"closed","ping_status":"closed","template":"","meta":{"_acf_changed":false},"product_brand":[],"product_cat":[63,35,36,294],"product_tag":[],"class_list":{"0":"post-132780","1":"product","2":"type-product","3":"status-publish","4":"has-post-thumbnail","6":"product_cat-vernis-eau","7":"product_cat-maquillage-enfant","8":"product_cat-univers-occasions","9":"product_cat-meilleures-ventes-maquillage","10":"pa_certifications-vegan","11":"pa_points-forts-18-teintes-disponibles","12":"pa_points-forts-senleve-comme-un-autocollant","13":"pa_points-forts-vernis-a-base-deau","15":"first","16":"instock","17":"taxable","18":"shipping-taxable","19":"purchasable","20":"product-type-simple"},"gallery_images":[132782,132783,133772,132784],"acf":[],"_links":{"self":[{"href":"https:\/\/namaki.fr\/de\/wp-json\/wp\/v2\/product\/132780","targetHints":{"allow":["GET"]}}],"collection":[{"href":"https:\/\/namaki.fr\/de\/wp-json\/wp\/v2\/product"}],"about":[{"href":"https:\/\/namaki.fr\/de\/wp-json\/wp\/v2\/types\/product"}],"replies":[{"embeddable":true,"href":"https:\/\/namaki.fr\/de\/wp-json\/wp\/v2\/comments?post=132780"}],"wp:featuredmedia":[{"embeddable":true,"href":"https:\/\/namaki.fr\/de\/wp-json\/wp\/v2\/media\/132781"}],"wp:attachment":[{"href":"https:\/\/namaki.fr\/de\/wp-json\/wp\/v2\/media?parent=132780"}],"wp:term":[{"taxonomy":"product_brand","embeddable":true,"href":"https:\/\/namaki.fr\/de\/wp-json\/wp\/v2\/product_brand?post=132780"},{"taxonomy":"product_cat","embeddable":true,"href":"https:\/\/namaki.fr\/de\/wp-json\/wp\/v2\/product_cat?post=132780"},{"taxonomy":"product_tag","embeddable":true,"href":"https:\/\/namaki.fr\/de\/wp-json\/wp\/v2\/product_tag?post=132780"}],"curies":[{"name":"wp","href":"https:\/\/api.w.org\/{rel}","templated":true}]}}