{"id":132801,"date":"2024-01-03T15:52:57","date_gmt":"2024-01-03T14:52:57","guid":{"rendered":"https:\/\/namaki.fr\/produit\/vernis-a-l-eau-bleu-givre-110228\/"},"modified":"2026-01-05T10:10:35","modified_gmt":"2026-01-05T09:10:35","slug":"kindernagellack-einzeln-eisblau","status":"publish","type":"product","link":"https:\/\/namaki.fr\/de\/produit\/vernis-a-eau-unite-bleu-givre\/","title":{"rendered":"Kindernagellack einzeln \u2022 Eisblau\u00a0"},"content":{"rendered":"<p>Mit dem Kindernagellack in Eisblau ist es so, als w\u00fcrde Ihr Kind Schneeflocken mit seinen Fingern\u00e4geln einfangen. Jedes Mal, wenn es seine Finger bewegt, wird es an verschneite Landschaften, ferne Berge und T\u00e4nze unter den Nordlichtern erinnert werden. H\u00f6ren Sie den s\u00fc\u00dfen Gesang der Schneek\u00f6nigin? Wom\u00f6glich l\u00e4dt sie Sie dazu ein, einen Schneemann zu bauen!<\/p>\n<ul>\n<li>Einfaches Auftragen: Unser kleiner Pinsel ist speziell f\u00fcr Kindern\u00e4gel entwickelt worden.<\/li>\n<li>Schnell trocknend: In nur wenigen Minuten k\u00f6nnen die Kinder ihre Aktivit\u00e4ten wieder aufnehmen.<\/li>\n<li>Wasserfest: Im Gegensatz zu manch anderen wasserbasierten Nagellacken h\u00e4lt unser Kindernagellack auch Handw\u00e4schen stand oder wenn die Finger in den Mund genommen werden.<\/li>\n<li>Abziehbar: Kein \u00c4rger mehr mit Nagellackentferner, unser Nagellack l\u00e4sst sich wie ein Aufkleber abziehen.<\/li>\n<li>Kinderfreundlich: Unsere Formel auf Wasserbasis schlie\u00dft sch\u00e4dliche Inhaltsstoffe wie Parabene, Formaldehyd, Phthalate, Toluol und Campher aus. Au\u00dferdem enth\u00e4lt sie keine L\u00f6sungsmittel und besitzt keinen unangenehmen Geruch.<\/li>\n<\/ul>\n<p>&nbsp;<\/p>","protected":false},"excerpt":{"rendered":"<p>Mit dem Kindernagellack in Eisblau ist es so, als w\u00fcrde Ihr Kind Schneeflocken mit seinen Fingern\u00e4geln einfangen. Jedes Mal, wenn es seine Finger bewegt, wird es an verschneite Landschaften, ferne Berge und T\u00e4nze unter den Nordlichtern erinnert werden. H\u00f6ren Sie den s\u00fc\u00dfen Gesang der Schneek\u00f6nigin? Wom\u00f6glich l\u00e4dt sie Sie dazu ein, einen Schneemann zu bauen!<\/p>","protected":false},"featured_media":132802,"comment_status":"closed","ping_status":"closed","template":"","meta":{"_acf_changed":false},"product_brand":[],"product_cat":[63,35,36],"product_tag":[],"class_list":{"0":"post-132801","1":"product","2":"type-product","3":"status-publish","4":"has-post-thumbnail","6":"product_cat-vernis-eau","7":"product_cat-maquillage-enfant","8":"product_cat-univers-occasions","9":"pa_certifications-vegan","10":"pa_points-forts-18-teintes-disponibles","11":"pa_points-forts-senleve-comme-un-autocollant","12":"pa_points-forts-vernis-a-base-deau","14":"first","15":"instock","16":"taxable","17":"shipping-taxable","18":"purchasable","19":"product-type-simple"},"gallery_images":[132803,132804,133705,132805],"acf":[],"_links":{"self":[{"href":"https:\/\/namaki.fr\/de\/wp-json\/wp\/v2\/product\/132801","targetHints":{"allow":["GET"]}}],"collection":[{"href":"https:\/\/namaki.fr\/de\/wp-json\/wp\/v2\/product"}],"about":[{"href":"https:\/\/namaki.fr\/de\/wp-json\/wp\/v2\/types\/product"}],"replies":[{"embeddable":true,"href":"https:\/\/namaki.fr\/de\/wp-json\/wp\/v2\/comments?post=132801"}],"wp:featuredmedia":[{"embeddable":true,"href":"https:\/\/namaki.fr\/de\/wp-json\/wp\/v2\/media\/132802"}],"wp:attachment":[{"href":"https:\/\/namaki.fr\/de\/wp-json\/wp\/v2\/media?parent=132801"}],"wp:term":[{"taxonomy":"product_brand","embeddable":true,"href":"https:\/\/namaki.fr\/de\/wp-json\/wp\/v2\/product_brand?post=132801"},{"taxonomy":"product_cat","embeddable":true,"href":"https:\/\/namaki.fr\/de\/wp-json\/wp\/v2\/product_cat?post=132801"},{"taxonomy":"product_tag","embeddable":true,"href":"https:\/\/namaki.fr\/de\/wp-json\/wp\/v2\/product_tag?post=132801"}],"curies":[{"name":"wp","href":"https:\/\/api.w.org\/{rel}","templated":true}]}}